{"id":2538,"date":"2025-11-25T11:25:27","date_gmt":"2025-11-25T11:25:27","guid":{"rendered":"https:\/\/staging.cabopol.com\/sustainability\/"},"modified":"2026-03-06T12:36:42","modified_gmt":"2026-03-06T12:36:42","slug":"estrategia-de-sostenibilidad","status":"publish","type":"page","link":"https:\/\/staging.cabopol.com\/es\/estrategia-de-sostenibilidad\/","title":{"rendered":"Estrategia de Sostenibilidad"},"content":{"rendered":"\n<div class=\"wp-block-kobu-custom-blocks-inner-content-img alignfull media-content-group child-item align-left valign-start img-first no-img-overlay\"><div class=\"media-col\"><figure><img loading=\"lazy\" decoding=\"async\" width=\"1230\" height=\"1012\" class=\"wp-image-3551\" src=\"https:\/\/staging.cabopol.com\/files\/uploads\/2026\/02\/Sustainability-Strategy-ATF.webp\" alt=\"A child and a dog enjoying running on a grass field, reflecting a sustainable ecosystem\" title=\"Sustainability Strategy ATF\" sizes=\"auto, (min-width: 601px) 50vw, 100vw\" srcset=\"https:\/\/staging.cabopol.com\/files\/uploads\/2026\/02\/Sustainability-Strategy-ATF.webp 1230w, https:\/\/staging.cabopol.com\/files\/uploads\/2026\/02\/Sustainability-Strategy-ATF-300x247.webp 300w, https:\/\/staging.cabopol.com\/files\/uploads\/2026\/02\/Sustainability-Strategy-ATF-1024x843.webp 1024w, https:\/\/staging.cabopol.com\/files\/uploads\/2026\/02\/Sustainability-Strategy-ATF-768x632.webp 768w\" \/><\/figure><\/div><div class=\"content-col\"><div class=\"content-col-wrapper\">\n<div class=\"wp-block-kobu-custom-blocks-responsive-spacer responsive-spacer size-large\"><\/div>\n\n\n\n<p class=\"is-style-top-red-line\">Cabopol est\u00e1 comprometida con apoyar a sus clientes en alcanzar sus objetivos de sostenibilidad mediante soluciones de materiales fiables y responsables, integrando principios ESG en el desarrollo de productos, la eficiencia de los procesos y la toma de decisiones estrat\u00e9gicas, para asegurar que cada soluci\u00f3n se alinea con las expectativas actuales y anticipa los retos futuros.<br><br>Este compromiso se apoya en el <strong>Plan de Sostenibilidad de Cabopol<\/strong>, un marco estructurado que gu\u00eda nuestras acciones, permite medir los resultados y realizar el seguimiento del progreso.<\/p>\n\n\n\n\n\n<div class=\"wp-block-kobu-custom-blocks-responsive-spacer responsive-spacer size-large\"><\/div>\n<\/div><\/div><\/div>\n\n\n\n<div class=\"wp-block-kobu-custom-blocks-inner-content-img alignfull media-content-group child-item align-right valign-start img-first no-img-overlay\"><div class=\"media-col\"><figure><img loading=\"lazy\" decoding=\"async\" width=\"1024\" height=\"1024\" class=\"wp-image-5526\" src=\"https:\/\/staging.cabopol.com\/files\/uploads\/2026\/03\/Sustainability-Road-Map.webp\" alt=\"\" title=\"Sustainability Road Map\" sizes=\"auto, (min-width: 601px) 50vw, 100vw\" srcset=\"https:\/\/staging.cabopol.com\/files\/uploads\/2026\/03\/Sustainability-Road-Map.webp 1024w, https:\/\/staging.cabopol.com\/files\/uploads\/2026\/03\/Sustainability-Road-Map-300x300.webp 300w, https:\/\/staging.cabopol.com\/files\/uploads\/2026\/03\/Sustainability-Road-Map-150x150.webp 150w, https:\/\/staging.cabopol.com\/files\/uploads\/2026\/03\/Sustainability-Road-Map-768x768.webp 768w\" \/><\/figure><\/div><div class=\"content-col\"><div class=\"content-col-wrapper\">\n<div class=\"wp-block-kobu-custom-blocks-responsive-spacer responsive-spacer size-small\"><\/div>\n\n\n\n<h2 class=\"wp-block-heading\"><strong>COMPROMISO<\/strong><\/h2>\n\n\n\n<p>Nuestro enfoque est\u00e1 alineado con los <strong>Diez Principios y los Objetivos de Desarrollo Sostenible<\/strong>. Cabopol participa activamente en esta iniciativa desde 2022, con los avances y las actividades seguidos de forma transparente a trav\u00e9s de la Comunicaci\u00f3n sobre el Progreso disponible en la plataforma oficial. En nuestro \u00e1mbito de actividad, nos centramos principalmente en:<\/p>\n\n\n\n<p>\n  <img loading=\"lazy\" decoding=\"async\" width=\"206\" height=\"206\" class=\"wp-image-4819\" style=\"width:100px; margin-right:25px;\" src=\"https:\/\/staging.cabopol.com\/files\/uploads\/2026\/02\/7.png\" alt=\"Affordable and clean energy\" srcset=\"https:\/\/staging.cabopol.com\/files\/uploads\/2026\/02\/7.png 206w, https:\/\/staging.cabopol.com\/files\/uploads\/2026\/02\/7-150x150.png 150w\" sizes=\"auto, (max-width: 206px) 100vw, 206px\" \/>\n  <img loading=\"lazy\" decoding=\"async\" width=\"206\" height=\"206\" class=\"wp-image-4823\" style=\"width:100px; margin-right:25px;\" src=\"https:\/\/staging.cabopol.com\/files\/uploads\/2026\/02\/9.png\" alt=\"Industry, innovation and Infrastructure\" srcset=\"https:\/\/staging.cabopol.com\/files\/uploads\/2026\/02\/9.png 206w, https:\/\/staging.cabopol.com\/files\/uploads\/2026\/02\/9-150x150.png 150w\" sizes=\"auto, (max-width: 206px) 100vw, 206px\" \/>\n  <img loading=\"lazy\" decoding=\"async\" width=\"207\" height=\"206\" class=\"wp-image-4827\" style=\"width:100px; margin-right:25px;\" src=\"https:\/\/staging.cabopol.com\/files\/uploads\/2026\/02\/12.png\" alt=\"Responsible consumption and production\" srcset=\"https:\/\/staging.cabopol.com\/files\/uploads\/2026\/02\/12.png 207w, https:\/\/staging.cabopol.com\/files\/uploads\/2026\/02\/12-150x150.png 150w\" sizes=\"auto, (max-width: 207px) 100vw, 207px\" \/>\n  <img loading=\"lazy\" decoding=\"async\" width=\"100\" height=\"100\" class=\"wp-image-4831\" style=\"width:100px;\" src=\"https:\/\/staging.cabopol.com\/files\/uploads\/2026\/02\/13.png\" alt=\"Climate Action\" srcset=\"https:\/\/staging.cabopol.com\/files\/uploads\/2026\/02\/13.png 207w, https:\/\/staging.cabopol.com\/files\/uploads\/2026\/02\/13-150x150.png 150w\" sizes=\"auto, (max-width: 100px) 100vw, 100px\" \/>\n<\/p>\n\n\n\n<p>donde estamos mejor posicionados para generar el impacto m\u00e1s relevante y medible.<\/p>\n\n\n\n<p>Accede a nuestro <strong>Informe Completo<\/strong> en el portal oficial del United Nations Global Compact haciendo clic en el bot\u00f3n inferior.<\/p>\n\n\n\n<div style=\"height:10px\" aria-hidden=\"true\" class=\"wp-block-spacer\"><\/div>\n\n\n\n\n\n<div class=\"wp-block-buttons is-layout-flex wp-block-buttons-is-layout-flex\">\n<div class=\"wp-block-button is-style-arrow-btn\"><a class=\"wp-block-button__link wp-element-button\" href=\"https:\/\/unglobalcompact.org\/what-is-gc\/participants\/153543-CABOPOL-POLYMER-COMPOUNDS-S-A-\" target=\"_blank\" rel=\"noreferrer noopener\">Informe completo<\/a><\/div>\n<\/div>\n<\/div><\/div><\/div>\n\n\n\n<div class=\"wp-block-kobu-custom-blocks-responsive-spacer responsive-spacer size-large\"><\/div>\n\n\n\n<div class=\"wp-block-kobu-custom-blocks-inner-content-img alignwide media-content-group child-item align-left valign-start img-first\"><div class=\"media-col\"><figure><img loading=\"lazy\" decoding=\"async\" width=\"1301\" height=\"1301\" class=\"wp-image-4259\" src=\"https:\/\/staging.cabopol.com\/files\/uploads\/2026\/02\/About-Cabopol-1.webp\" alt=\"A bird's-eye view of a cabopol building\" title=\"Mission and Values\" sizes=\"auto, (min-width: 1201px) 35vw, (min-width: 601px) 50vw, 100vw\" srcset=\"https:\/\/staging.cabopol.com\/files\/uploads\/2026\/02\/About-Cabopol-1.webp 1301w, https:\/\/staging.cabopol.com\/files\/uploads\/2026\/02\/About-Cabopol-1-300x300.webp 300w, https:\/\/staging.cabopol.com\/files\/uploads\/2026\/02\/About-Cabopol-1-1024x1024.webp 1024w, https:\/\/staging.cabopol.com\/files\/uploads\/2026\/02\/About-Cabopol-1-150x150.webp 150w, https:\/\/staging.cabopol.com\/files\/uploads\/2026\/02\/About-Cabopol-1-768x768.webp 768w\" \/><\/figure><\/div><div class=\"content-col\"><div class=\"content-col-wrapper\">\n<p><\/p>\n\n\n\n<h2 class=\"wp-block-heading\"><strong><strong><strong>SISTEMAS DE GESTI\u00d3N Y RESULTADOS<\/strong><\/strong><\/strong><\/h2>\n\n\n\n\n\n<div style=\"height:10px\" aria-hidden=\"true\" class=\"wp-block-spacer\"><\/div>\n\n\n\n<p><img loading=\"lazy\" decoding=\"async\" width=\"70\" height=\"57\" class=\"wp-image-4837\" style=\"width: 70px;\" src=\"https:\/\/staging.cabopol.com\/files\/uploads\/2026\/02\/ISO-Sustainability.png\" alt=\"ISO Sustainability Logo\"> <\/p>\n\n\n\n<p>Contamos con las certificaciones ISO 9001 e ISO 14001, que aseguran el control de los procesos, el rendimiento medioambiental, la mejora continua y una gesti\u00f3n responsable de los recursos.<\/p>\n\n\n\n<div style=\"height:15px\" aria-hidden=\"true\" class=\"wp-block-spacer\"><\/div>\n\n\n\n<p><img loading=\"lazy\" decoding=\"async\" width=\"150\" height=\"27\" class=\"wp-image-4845\" style=\"width: 150px;\" src=\"https:\/\/staging.cabopol.com\/files\/uploads\/2026\/02\/Ecovadis-Logo.png\" alt=\"Ecovadis Logo\" srcset=\"https:\/\/staging.cabopol.com\/files\/uploads\/2026\/02\/Ecovadis-Logo.png 379w, https:\/\/staging.cabopol.com\/files\/uploads\/2026\/02\/Ecovadis-Logo-300x54.png 300w\" sizes=\"auto, (max-width: 150px) 100vw, 150px\" \/> <\/p>\n\n\n\n<p>En 2026, Cabopol adoptar\u00e1 el sistema de evaluaci\u00f3n EcoVadis para reforzar la gobernanza de sostenibilidad, comparar resultados y detectar \u00e1reas de mejora espec\u00edficas.<\/p>\n\n\n\n<div style=\"height:15px\" aria-hidden=\"true\" class=\"wp-block-spacer\"><\/div>\n\n\n\n<p><img loading=\"lazy\" decoding=\"async\" width=\"150\" height=\"41\" class=\"wp-image-4841\" style=\"width: 150px;\" src=\"https:\/\/staging.cabopol.com\/files\/uploads\/2026\/02\/Recyclass-Logo.png\" alt=\"Logo of Recyclass\" srcset=\"https:\/\/staging.cabopol.com\/files\/uploads\/2026\/02\/Recyclass-Logo.png 334w, https:\/\/staging.cabopol.com\/files\/uploads\/2026\/02\/Recyclass-Logo-300x83.png 300w\" sizes=\"auto, (max-width: 150px) 100vw, 150px\" \/> <\/p>\n\n\n\n<p>La certificaci\u00f3n RecyClass Traceability mejora la transparencia y credibilidad en el uso de pl\u00e1sticos reciclados, garantizando flujos de material controlados.<\/p>\n\n\n\n<div class=\"wp-block-buttons is-layout-flex wp-block-buttons-is-layout-flex\">\n<div class=\"wp-block-button is-style-arrow-btn\"><a class=\"wp-block-button__link wp-element-button\" href=\"https:\/\/staging.cabopol.com\/files\/uploads\/2026\/02\/RecyClass-Certificate.pdf\" target=\"_blank\" rel=\"noreferrer noopener\">Certificado<\/a><\/div>\n<\/div>\n<\/div><\/div><\/div>\n\n\n\n<div class=\"wp-block-kobu-custom-blocks-responsive-spacer responsive-spacer size-large\"><\/div>\n\n\n\n<h2 class=\"wp-block-heading alignmediumwide\"><strong>PRODUCTOS SOSTENIBLES<\/strong><\/h2>\n\n\n\n<div class=\"wp-block-kobu-custom-blocks-responsive-spacer responsive-spacer size-small\"><\/div>\n\n\n\n<div class=\"wp-block-group alignmediumwide is-content-justification-left is-layout-constrained wp-container-core-group-is-layout-8c890d92 wp-block-group-is-layout-constrained\">\n<h3 class=\"wp-block-heading\"><img loading=\"lazy\" decoding=\"async\" width=\"100\" height=\"100\" class=\"wp-image-5422\" style=\"width: 100px;\" src=\"https:\/\/staging.cabopol.com\/files\/uploads\/2026\/03\/1v1-novo.png\" alt=\"\" srcset=\"https:\/\/staging.cabopol.com\/files\/uploads\/2026\/03\/1v1-novo.png 546w, https:\/\/staging.cabopol.com\/files\/uploads\/2026\/03\/1v1-novo-300x300.png 300w, https:\/\/staging.cabopol.com\/files\/uploads\/2026\/03\/1v1-novo-150x150.png 150w\" sizes=\"auto, (max-width: 100px) 100vw, 100px\" \/><br>Compuestos Reciclados<\/h3>\n\n\n\n<p>Compuestos que incorporan materias primas<br>recicladas procedentes de fuentes postconsumo<br>y postindustriales.<\/p>\n\n\n\n<p>Formulaciones certificadas bajo el esquema de<br>trazabilidad RecyClass.<a href=\"https:\/\/staging.cabopol.com\/es\/estrategia-de-sostenibilidad\/compuestos-reciclados\/\" target=\"_blank\" rel=\"noreferrer noopener\"><\/a><\/p>\n\n\n\n<div class=\"wp-block-buttons is-layout-flex wp-block-buttons-is-layout-flex\">\n<div class=\"wp-block-button is-style-arrow-btn\"><a class=\"wp-block-button__link wp-element-button\" href=\"https:\/\/staging.cabopol.com\/es\/estrategia-de-sostenibilidad\/compuestos-reciclados\/\" target=\"_blank\" rel=\"noreferrer noopener\">Descubrir m\u00e1s<\/a><\/div>\n<\/div>\n<\/div>\n\n\n\n<div class=\"wp-block-kobu-custom-blocks-responsive-spacer responsive-spacer size-small hide-xs\"><\/div>\n\n\n\n<div class=\"wp-block-kobu-custom-blocks-responsive-spacer responsive-spacer size-large hide-xl\"><\/div>\n\n\n\n<div class=\"wp-block-group alignmediumwide is-content-justification-right is-layout-constrained wp-container-core-group-is-layout-07b51d56 wp-block-group-is-layout-constrained\">\n<h3 class=\"wp-block-heading\"><img loading=\"lazy\" decoding=\"async\" width=\"100\" height=\"100\" class=\"wp-image-5435\" style=\"width: 100px;\" src=\"https:\/\/staging.cabopol.com\/files\/uploads\/2026\/03\/Action-biobased.png\" alt=\"\" srcset=\"https:\/\/staging.cabopol.com\/files\/uploads\/2026\/03\/Action-biobased.png 546w, https:\/\/staging.cabopol.com\/files\/uploads\/2026\/03\/Action-biobased-300x300.png 300w, https:\/\/staging.cabopol.com\/files\/uploads\/2026\/03\/Action-biobased-150x150.png 150w\" sizes=\"auto, (max-width: 100px) 100vw, 100px\" \/><br><strong>Compuestos de Base Biol\u00f3gica<\/strong><\/h3>\n\n\n\n<p><strong>Pol\u00edmeros de base biol\u00f3gica<\/strong>: producidos total o<br>parcialmente a partir de fuentes biol\u00f3gicas<br>renovables, sustituyendo materias primas de origen f\u00f3sil.<\/p>\n\n\n\n<p><strong>Pol\u00edmeros bioatribuidos<\/strong>: con contenido renovable<br>asignado mediante esquemas certificados de balance<br>de masas.<\/p>\n\n\n\n<div class=\"wp-block-buttons is-layout-flex wp-block-buttons-is-layout-flex\">\n<div class=\"wp-block-button is-style-arrow-btn\"><a class=\"wp-block-button__link wp-element-button\" href=\"https:\/\/staging.cabopol.com\/es\/estrategia-de-sostenibilidad\/compuestos-de-base-biologica\/\" target=\"_blank\" rel=\"noreferrer noopener\">Descubrir m\u00e1s<\/a><\/div>\n<\/div>\n<\/div>\n\n\n\n<div class=\"wp-block-kobu-custom-blocks-responsive-spacer responsive-spacer size-small hide-xs\"><\/div>\n\n\n\n<div class=\"wp-block-kobu-custom-blocks-responsive-spacer responsive-spacer size-large hide-xl\"><\/div>\n\n\n\n<div class=\"wp-block-group alignmediumwide is-content-justification-left is-layout-constrained wp-container-core-group-is-layout-8c890d92 wp-block-group-is-layout-constrained\">\n<h3 class=\"wp-block-heading\"><img loading=\"lazy\" decoding=\"async\" width=\"100\" height=\"100\" class=\"wp-image-5444\" style=\"width: 100px;\" src=\"https:\/\/staging.cabopol.com\/files\/uploads\/2026\/03\/Action-SL.png\" alt=\"\" srcset=\"https:\/\/staging.cabopol.com\/files\/uploads\/2026\/03\/Action-SL.png 546w, https:\/\/staging.cabopol.com\/files\/uploads\/2026\/03\/Action-SL-300x300.png 300w, https:\/\/staging.cabopol.com\/files\/uploads\/2026\/03\/Action-SL-150x150.png 150w\" sizes=\"auto, (max-width: 100px) 100vw, 100px\" \/><br><strong>Segunda Vida<\/strong><\/h3>\n\n\n\n<p>Los subproductos se recalifican como materias<br>primas secundarias, no se comercializan como<br>residuos, apoyando usos seguros y conformes en<br>otros sectores.<\/p>\n<\/div>\n\n\n\n<div class=\"wp-block-kobu-custom-blocks-responsive-spacer responsive-spacer size-small hide-xs\"><\/div>\n\n\n\n<div class=\"wp-block-kobu-custom-blocks-responsive-spacer responsive-spacer size-large hide-xl\"><\/div>\n\n\n\n<div class=\"wp-block-group alignmediumwide is-content-justification-right is-layout-constrained wp-container-core-group-is-layout-07b51d56 wp-block-group-is-layout-constrained\">\n<h3 class=\"wp-block-heading\"><img loading=\"lazy\" decoding=\"async\" width=\"100\" height=\"100\" class=\"wp-image-5452\" style=\"width: 100px;\" src=\"https:\/\/staging.cabopol.com\/files\/uploads\/2026\/03\/Action-FP.png\" alt=\"\" srcset=\"https:\/\/staging.cabopol.com\/files\/uploads\/2026\/03\/Action-FP.png 546w, https:\/\/staging.cabopol.com\/files\/uploads\/2026\/03\/Action-FP-300x300.png 300w, https:\/\/staging.cabopol.com\/files\/uploads\/2026\/03\/Action-FP-150x150.png 150w\" sizes=\"auto, (max-width: 100px) 100vw, 100px\" \/><br><strong>Huella de Carbono<\/strong><br><strong>del Producto<\/strong><\/h3>\n\n\n\n<p>C\u00e1lculos realizados internamente, utilizando<br>metodolog\u00edas validadas y software espec\u00edfico.<\/p>\n\n\n\n<p>Evaluaci\u00f3n del desempe\u00f1o en sostenibilidad del<br>producto y de sus impactos ambientales.<\/p>\n<\/div>\n\n\n\n<div class=\"wp-block-kobu-custom-blocks-responsive-spacer responsive-spacer size-small hide-xs\"><\/div>\n\n\n\n<div class=\"wp-block-kobu-custom-blocks-responsive-spacer responsive-spacer size-medium hide-xs\"><\/div>\n\n\n\n<div class=\"wp-block-kobu-custom-blocks-responsive-spacer responsive-spacer size-xlarge hide-xl\"><\/div>\n\n\n\n<h2 class=\"wp-block-heading alignmediumwide\"><strong>PROCESO SOSTENIBLE<\/strong><\/h2>\n\n\n\n<div class=\"wp-block-kobu-custom-blocks-responsive-spacer responsive-spacer size-small\"><\/div>\n\n\n\n<div class=\"wp-block-group alignmediumwide is-content-justification-left is-layout-constrained wp-container-core-group-is-layout-8c890d92 wp-block-group-is-layout-constrained\">\n<h3 class=\"wp-block-heading\"><img loading=\"lazy\" decoding=\"async\" width=\"100\" height=\"100\" class=\"wp-image-5480\" style=\"width: 100px;\" src=\"https:\/\/staging.cabopol.com\/files\/uploads\/2026\/03\/Action-EE.png\" alt=\"\" srcset=\"https:\/\/staging.cabopol.com\/files\/uploads\/2026\/03\/Action-EE.png 546w, https:\/\/staging.cabopol.com\/files\/uploads\/2026\/03\/Action-EE-300x300.png 300w, https:\/\/staging.cabopol.com\/files\/uploads\/2026\/03\/Action-EE-150x150.png 150w\" sizes=\"auto, (max-width: 100px) 100vw, 100px\" \/><br><strong>Eficiencia Energ\u00e9tica<\/strong><\/h3>\n\n\n\n<p>Implantaci\u00f3n de medidas de eficiencia energ\u00e9tica,<br>como la optimizaci\u00f3n de la planta de agua refrigerada<br>con sistemas de free cooling y sistemas de<br>monitorizaci\u00f3n y medici\u00f3n de energ\u00eda el\u00e9ctrica en<br>cada l\u00ednea de producci\u00f3n.<\/p>\n\n\n\n<div class=\"wp-block-kobu-custom-blocks-responsive-spacer responsive-spacer size-small hide-xs\"><\/div>\n<\/div>\n\n\n\n<div class=\"wp-block-kobu-custom-blocks-responsive-spacer responsive-spacer size-large hide-xl\"><\/div>\n\n\n\n<div class=\"wp-block-group alignmediumwide is-content-justification-right is-layout-constrained wp-container-core-group-is-layout-07b51d56 wp-block-group-is-layout-constrained\">\n<h3 class=\"wp-block-heading\"><img loading=\"lazy\" decoding=\"async\" width=\"100\" height=\"100\" class=\"wp-image-5484\" style=\"width: 100px;\" src=\"https:\/\/staging.cabopol.com\/files\/uploads\/2026\/03\/Action-GE.png\" alt=\"\" srcset=\"https:\/\/staging.cabopol.com\/files\/uploads\/2026\/03\/Action-GE.png 546w, https:\/\/staging.cabopol.com\/files\/uploads\/2026\/03\/Action-GE-300x300.png 300w, https:\/\/staging.cabopol.com\/files\/uploads\/2026\/03\/Action-GE-150x150.png 150w\" sizes=\"auto, (max-width: 100px) 100vw, 100px\" \/><br><strong>Energ\u00eda Verde<\/strong><\/h3>\n\n\n\n<p>Generaci\u00f3n de electricidad renovable in situ mediante<br>energ\u00eda solar propia, que cubre de media el<strong>&nbsp;15%<\/strong>&nbsp;de<br>nuestro consumo anual total, alcanzando hasta el<br><strong>40%<\/strong> de la producci\u00f3n en periodos de mayor<br>exposici\u00f3n solar.<\/p>\n<\/div>\n\n\n\n<div class=\"wp-block-kobu-custom-blocks-responsive-spacer responsive-spacer size-small hide-xs\"><\/div>\n\n\n\n<div class=\"wp-block-kobu-custom-blocks-responsive-spacer responsive-spacer size-large hide-xl\"><\/div>\n\n\n\n<div class=\"wp-block-group alignmediumwide is-content-justification-left is-layout-constrained wp-container-core-group-is-layout-8c890d92 wp-block-group-is-layout-constrained\">\n<h3 class=\"wp-block-heading\"><img loading=\"lazy\" decoding=\"async\" width=\"100\" height=\"100\" class=\"wp-image-5488\" style=\"width: 100px;\" src=\"https:\/\/staging.cabopol.com\/files\/uploads\/2026\/03\/Action-RC.png\" alt=\"\" srcset=\"https:\/\/staging.cabopol.com\/files\/uploads\/2026\/03\/Action-RC.png 546w, https:\/\/staging.cabopol.com\/files\/uploads\/2026\/03\/Action-RC-300x300.png 300w, https:\/\/staging.cabopol.com\/files\/uploads\/2026\/03\/Action-RC-150x150.png 150w\" sizes=\"auto, (max-width: 100px) 100vw, 100px\" \/><br><strong>Re-Compounding<\/strong><\/h3>\n\n\n\n<p>Capacidades internas de reciclaje respaldadas por la<br>inversi\u00f3n en equipos espec\u00edficos para el<br>reprocesamiento de materiales PIR y PCR.<\/p>\n\n\n\n<p>Desarrollode soluciones sostenibles para mejorar la<br>reciclabilidad de los productos pl\u00e1sticos.<\/p>\n<\/div>\n\n\n\n<div class=\"wp-block-kobu-custom-blocks-responsive-spacer responsive-spacer size-small hide-xs\"><\/div>\n\n\n\n<div class=\"wp-block-kobu-custom-blocks-responsive-spacer responsive-spacer size-large hide-xl\"><\/div>\n\n\n\n<div class=\"wp-block-group alignmediumwide is-content-justification-right is-layout-constrained wp-container-core-group-is-layout-07b51d56 wp-block-group-is-layout-constrained\">\n<h3 class=\"wp-block-heading\"><img loading=\"lazy\" decoding=\"async\" width=\"100\" height=\"100\" class=\"wp-image-5492\" style=\"width: 100px;\" src=\"https:\/\/staging.cabopol.com\/files\/uploads\/2026\/03\/Action-RR.png\" alt=\"\" srcset=\"https:\/\/staging.cabopol.com\/files\/uploads\/2026\/03\/Action-RR.png 546w, https:\/\/staging.cabopol.com\/files\/uploads\/2026\/03\/Action-RR-300x300.png 300w, https:\/\/staging.cabopol.com\/files\/uploads\/2026\/03\/Action-RR-150x150.png 150w\" sizes=\"auto, (max-width: 100px) 100vw, 100px\" \/><br>Valorizaci\u00f3n de Recursos<\/h3>\n\n\n\n<p>Contamos con licencia legal para operar como&nbsp;<strong>gestor<\/strong><br><strong>de residuos<\/strong>, garantizando plena autonom\u00eda en el<br>tratamiento y la gesti\u00f3n de flujos de residuos internos<br>y externos, incluidas actividades de reintegraci\u00f3n y<br>reprocesamiento dentro de nuestras operaciones.<\/p>\n<\/div>\n\n\n\n<div class=\"wp-block-kobu-custom-blocks-responsive-spacer responsive-spacer size-large\"><\/div>\n\n\n\n\n\n\n\n\n\n\n\n\n\n\n\n\n\n\n\n<div class=\"wp-block-kobu-custom-blocks-inner-content-img alignfull media-content-group child-item align-right valign-start img-first no-img-overlay\"><div class=\"media-col\"><figure><img loading=\"lazy\" decoding=\"async\" width=\"1059\" height=\"1059\" class=\"wp-image-3531\" src=\"https:\/\/staging.cabopol.com\/files\/uploads\/2026\/02\/Internal-Life-Cycle-Assesment-Calculations.webp\" alt=\"\" title=\"Internal Life Cycle Assesment Calculations\" sizes=\"auto, (min-width: 601px) 50vw, 100vw\" srcset=\"https:\/\/staging.cabopol.com\/files\/uploads\/2026\/02\/Internal-Life-Cycle-Assesment-Calculations.webp 1059w, https:\/\/staging.cabopol.com\/files\/uploads\/2026\/02\/Internal-Life-Cycle-Assesment-Calculations-300x300.webp 300w, https:\/\/staging.cabopol.com\/files\/uploads\/2026\/02\/Internal-Life-Cycle-Assesment-Calculations-1024x1024.webp 1024w, https:\/\/staging.cabopol.com\/files\/uploads\/2026\/02\/Internal-Life-Cycle-Assesment-Calculations-150x150.webp 150w, https:\/\/staging.cabopol.com\/files\/uploads\/2026\/02\/Internal-Life-Cycle-Assesment-Calculations-768x768.webp 768w\" \/><\/figure><\/div><div class=\"content-col\"><div class=\"content-col-wrapper\">\n<p><\/p>\n\n\n\n<h2 class=\"wp-block-heading\"><strong>Huella de carbono del producto<\/strong><\/h2>\n\n\n\n<p>Conforme a las normas <strong>ISO 14067<\/strong> e <strong>ISO 14040<\/strong>, todos los c\u00e1lculos de huella de carbono siguen metodolog\u00edas reconocidas internacionalmente y han sido validados por una entidad externa independiente.<\/p>\n\n\n\n<p>Para cada referencia podemos ofrecer la huella de carbono en CO\u2082\u2011eq y la informaci\u00f3n completa del ciclo de vida (<em>LCA<\/em>) seg\u00fan las necesidades espec\u00edficas de cada cliente.<\/p>\n\n\n\n<div class=\"wp-block-kobu-custom-blocks-responsive-spacer responsive-spacer size-small\"><\/div>\n<\/div><\/div><\/div>\n\n\n\n<div class=\"wp-block-kobu-custom-blocks-section-wrapper alignfull kobu-section has-text-color has-foreground-color has-background has-lightergray-background-color is-style-cta-section has-link-color wp-elements-1530f59983d8b0c3ac4053e5bb6ed3c9\">\n<div class=\"wp-block-kobu-custom-blocks-responsive-spacer responsive-spacer size-medium\"><\/div>\n\n\n\n<div class=\"wp-block-group alignmediumwide is-layout-flow wp-block-group-is-layout-flow\">\n<h2 class=\"wp-block-heading has-large-font-size\"><strong>\u00bfBuscas otra cosa?<br>Estamos aqu\u00ed para ayudarte<\/strong><\/h2>\n\n\n\n<div class=\"wp-block-buttons is-layout-flex wp-block-buttons-is-layout-flex\">\n<div class=\"wp-block-button is-style-arrow-btn\"><a class=\"wp-block-button__link wp-element-button\" href=\"https:\/\/staging.cabopol.com\/es\/contactos\/\">Cont\u00e1ctanos<\/a><\/div>\n<\/div>\n<\/div>\n\n\n\n<div class=\"wp-block-kobu-custom-blocks-responsive-spacer responsive-spacer size-medium\"><\/div>\n<\/div>\n","protected":false},"excerpt":{"rendered":"<p>PRODUCTOS SOSTENIBLES Compuestos Reciclados Compuestos que incorporan materias primasrecicladas procedentes de fuentes postconsumoy postindustriales. Formulaciones certificadas bajo el esquema detrazabilidad RecyClass. Compuestos de Base Biol\u00f3gica [&hellip;]<\/p>\n","protected":false},"author":1,"featured_media":3554,"parent":0,"menu_order":11,"comment_status":"closed","ping_status":"closed","template":"","meta":{"_acf_changed":false,"inline_featured_image":false,"footnotes":""},"class_list":["post-2538","page","type-page","status-publish","has-post-thumbnail","hentry"],"acf":[],"_links":{"self":[{"href":"https:\/\/staging.cabopol.com\/es\/wp-json\/wp\/v2\/pages\/2538","targetHints":{"allow":["GET"]}}],"collection":[{"href":"https:\/\/staging.cabopol.com\/es\/wp-json\/wp\/v2\/pages"}],"about":[{"href":"https:\/\/staging.cabopol.com\/es\/wp-json\/wp\/v2\/types\/page"}],"author":[{"embeddable":true,"href":"https:\/\/staging.cabopol.com\/es\/wp-json\/wp\/v2\/users\/1"}],"replies":[{"embeddable":true,"href":"https:\/\/staging.cabopol.com\/es\/wp-json\/wp\/v2\/comments?post=2538"}],"version-history":[{"count":30,"href":"https:\/\/staging.cabopol.com\/es\/wp-json\/wp\/v2\/pages\/2538\/revisions"}],"predecessor-version":[{"id":5599,"href":"https:\/\/staging.cabopol.com\/es\/wp-json\/wp\/v2\/pages\/2538\/revisions\/5599"}],"wp:featuredmedia":[{"embeddable":true,"href":"https:\/\/staging.cabopol.com\/es\/wp-json\/wp\/v2\/media\/3554"}],"wp:attachment":[{"href":"https:\/\/staging.cabopol.com\/es\/wp-json\/wp\/v2\/media?parent=2538"}],"curies":[{"name":"wp","href":"https:\/\/api.w.org\/{rel}","templated":true}]}}