{"id":2637,"date":"2025-07-02T14:06:16","date_gmt":"2025-07-02T14:06:16","guid":{"rendered":"https:\/\/staging.cabopol.com\/aplicaciones\/cables-y-conductores\/telecom\/"},"modified":"2026-02-06T10:44:25","modified_gmt":"2026-02-06T10:44:25","slug":"telecom","status":"publish","type":"page","link":"https:\/\/staging.cabopol.com\/es\/aplicaciones\/cables-y-conductores\/telecom\/","title":{"rendered":"Telecom"},"content":{"rendered":"\n<div class=\"wp-block-kobu-custom-blocks-inner-content-img alignwide media-content-group child-item align-right valign-start img-first\"><div class=\"media-col\"><figure><img loading=\"lazy\" decoding=\"async\" width=\"1301\" height=\"1301\" class=\"wp-image-4101\" src=\"https:\/\/staging.cabopol.com\/files\/uploads\/2026\/02\/Telecom-Optical-Fiber.webp\" alt=\"\" title=\"Telecom Optical Fiber\" sizes=\"auto, (min-width: 1201px) 35vw, (min-width: 601px) 50vw, 100vw\" srcset=\"https:\/\/staging.cabopol.com\/files\/uploads\/2026\/02\/Telecom-Optical-Fiber.webp 1301w, https:\/\/staging.cabopol.com\/files\/uploads\/2026\/02\/Telecom-Optical-Fiber-300x300.webp 300w, https:\/\/staging.cabopol.com\/files\/uploads\/2026\/02\/Telecom-Optical-Fiber-1024x1024.webp 1024w, https:\/\/staging.cabopol.com\/files\/uploads\/2026\/02\/Telecom-Optical-Fiber-150x150.webp 150w, https:\/\/staging.cabopol.com\/files\/uploads\/2026\/02\/Telecom-Optical-Fiber-768x768.webp 768w\" \/><\/figure><\/div><div class=\"content-col\"><div class=\"content-col-wrapper\">\n<h2 class=\"wp-block-heading\">Cables de Fibra \u00d3ptica<br>TPE | LSZH<\/h2>\n\n\n\n<p>Para aplicaciones de cables y conductores de telecomunicaciones, los compuestos polim\u00e9ricos Lacoflex\u00ae TPE y Sofiplus\u00ae LSZH proporcionan soluciones dise\u00f1adas para cables de fibra \u00f3ptica.<\/p>\n\n\n\n<p>Lacoflex\u00ae TPE asegura tubos de baja fricci\u00f3n, excelente resistencia qu\u00edmica y propiedades mec\u00e1nicas robustas para una instalaci\u00f3n fluida y un rendimiento duradero.<\/p>\n\n\n\n<p>Sofiplus\u00ae LSZH ofrece resistencia al tracking y al gel, baja goteabilidad, compatibilidad con buffer ajustado y microm\u00f3dulos, con retardancia a la llama, flexibilidad, resistencia UV y procesamiento a alta velocidad, proporcionando aislamiento fiable y duradero para redes de telecomunicaciones modernas.<\/p>\n<\/div><\/div><\/div>\n\n\n\n<div class=\"wp-block-kobu-custom-blocks-responsive-spacer responsive-spacer size-large\"><\/div>\n\n\n\n<div class=\"wp-block-kobu-custom-blocks-inner-content-img alignwide media-content-group child-item align-left valign-start img-first\"><div class=\"media-col\"><figure><img loading=\"lazy\" decoding=\"async\" width=\"1301\" height=\"1301\" class=\"wp-image-4097\" src=\"https:\/\/staging.cabopol.com\/files\/uploads\/2026\/02\/Telecom-Data.webp\" alt=\"\" title=\"Telecom Data\" sizes=\"auto, (min-width: 1201px) 35vw, (min-width: 601px) 50vw, 100vw\" srcset=\"https:\/\/staging.cabopol.com\/files\/uploads\/2026\/02\/Telecom-Data.webp 1301w, https:\/\/staging.cabopol.com\/files\/uploads\/2026\/02\/Telecom-Data-300x300.webp 300w, https:\/\/staging.cabopol.com\/files\/uploads\/2026\/02\/Telecom-Data-1024x1024.webp 1024w, https:\/\/staging.cabopol.com\/files\/uploads\/2026\/02\/Telecom-Data-150x150.webp 150w, https:\/\/staging.cabopol.com\/files\/uploads\/2026\/02\/Telecom-Data-768x768.webp 768w\" \/><\/figure><\/div><div class=\"content-col\"><div class=\"content-col-wrapper\">\n<h2 class=\"wp-block-heading\">Data &amp; LAN<br>LSZH | PVC<\/h2>\n\n\n\n<p>Para el cableado de datos y LAN en telecomunicaciones, los compuestos polim\u00e9ricos Sofiplus\u00ae LSZH proporcionan aislamiento y relleno flexibles, retardantes a la llama y conformes a CPR, garantizando un rendimiento seguro y duradero en redes de comunicaci\u00f3n modernas.<\/p>\n\n\n\n<p>Los compuestos Polyprime\u00ae PVC permiten aislamiento ultrafino con alta resistencia mec\u00e1nica, estabilidad dimensional y resistencia UV, facilitando un recubrimiento preciso y un rendimiento prolongado en aplicaciones de cableado de datos, LAN y telecomunicaciones.<\/p>\n<\/div><\/div><\/div>\n\n\n\n<div class=\"wp-block-kobu-custom-blocks-responsive-spacer responsive-spacer size-large\"><\/div>\n\n\n    <div class=\"solutions-slider-block alignfull container-wrapper\">\n        <div class=\"container large\">\n                            <h2>Aplicaciones<\/h2>\n                    <\/div>\n        <div class=\"container full\">\n            <div class=\"solutions-slider\" data-width=\"large\" data-gap=\"large\">\n                \n<div class=\"article solution-card \">\n    <div class=\"solution-inner-wrapper\">\n        <div class=\"img-wrapper\">\n                            <div class=\"fixed-ratio-img\">\n                    <img loading=\"lazy\" decoding=\"async\" width=\"640\" height=\"434\" src=\"https:\/\/staging.cabopol.com\/files\/uploads\/2026\/02\/Polyprime-Data.webp\" class=\"coverimg\" alt=\"Telecom Data Wire\" sizes=\"auto, (min-width: 993px) 33vw, (min-width: 601px) 50vw, 100vw\" srcset=\"https:\/\/staging.cabopol.com\/files\/uploads\/2026\/02\/Polyprime-Data.webp 701w, https:\/\/staging.cabopol.com\/files\/uploads\/2026\/02\/Polyprime-Data-300x203.webp 300w\" \/>                <\/div>\n                    <\/div>\n        <div class=\"content-wrapper\">\n                        <h3 class=\"post-title\">Polyprime DATOS<\/h3>\n            <div class=\"tags-wrapper\"><a class=\"tag\" href=\"https:\/\/staging.cabopol.com\/es\/aplicaciones\/cables-y-conductores\/\">Cables y conductores<\/a><span class=\"tag\">PVC<\/span><a class=\"tag\" href=\"https:\/\/staging.cabopol.com\/es\/aplicaciones\/cables-y-conductores\/telecom\/\">Telecom<\/a><a class=\"tag\" href=\"https:\/\/staging.cabopol.com\/es\/nuestros-productos\/polyprime\/\">Polyprime<\/a><\/div>                            <div class=\"description\">Datos | LAN<\/div>\n                        <div class=\"btn ghost-gray small submit-interest-solution\">Enviar inter\u00e9s<\/div>\n        <\/div>\n    <\/div>\n<\/div>\n<div class=\"article solution-card \">\n    <div class=\"solution-inner-wrapper\">\n        <div class=\"img-wrapper\">\n                            <div class=\"fixed-ratio-img\">\n                    <img loading=\"lazy\" decoding=\"async\" width=\"640\" height=\"434\" src=\"https:\/\/staging.cabopol.com\/files\/uploads\/2026\/02\/Sofiplus-ONE-Telecom.webp\" class=\"coverimg\" alt=\"Wires and Cables\" sizes=\"auto, (min-width: 993px) 33vw, (min-width: 601px) 50vw, 100vw\" srcset=\"https:\/\/staging.cabopol.com\/files\/uploads\/2026\/02\/Sofiplus-ONE-Telecom.webp 701w, https:\/\/staging.cabopol.com\/files\/uploads\/2026\/02\/Sofiplus-ONE-Telecom-300x203.webp 300w\" \/>                <\/div>\n                    <\/div>\n        <div class=\"content-wrapper\">\n                        <h3 class=\"post-title\">Sofiplus ONE<\/h3>\n            <div class=\"tags-wrapper\"><a class=\"tag\" href=\"https:\/\/staging.cabopol.com\/es\/aplicaciones\/cables-y-conductores\/\">Cables y conductores<\/a><span class=\"tag\">LSZH<\/span><a class=\"tag\" href=\"https:\/\/staging.cabopol.com\/es\/aplicaciones\/cables-y-conductores\/telecom\/\">Telecom<\/a><span class=\"tag\">Sofiplus<\/span><\/div>                            <div class=\"description\">Datos | Fibra \u00d3ptica | LAN<\/div>\n                        <div class=\"btn ghost-gray small submit-interest-solution\">Enviar inter\u00e9s<\/div>\n        <\/div>\n    <\/div>\n<\/div>\n<div class=\"article solution-card \">\n    <div class=\"solution-inner-wrapper\">\n        <div class=\"img-wrapper\">\n                            <div class=\"fixed-ratio-img\">\n                    <img loading=\"lazy\" decoding=\"async\" width=\"640\" height=\"433\" src=\"https:\/\/staging.cabopol.com\/files\/uploads\/2026\/02\/Lacoflex-Tec-Telecom.webp\" class=\"coverimg\" alt=\"Wires and Cables\" sizes=\"auto, (min-width: 993px) 33vw, (min-width: 601px) 50vw, 100vw\" srcset=\"https:\/\/staging.cabopol.com\/files\/uploads\/2026\/02\/Lacoflex-Tec-Telecom.webp 701w, https:\/\/staging.cabopol.com\/files\/uploads\/2026\/02\/Lacoflex-Tec-Telecom-300x203.webp 300w\" \/>                <\/div>\n                    <\/div>\n        <div class=\"content-wrapper\">\n                        <h3 class=\"post-title\">Lacoflex TEC<\/h3>\n            <div class=\"tags-wrapper\"><a class=\"tag\" href=\"https:\/\/staging.cabopol.com\/es\/aplicaciones\/cables-y-conductores\/\">Cables y conductores<\/a><span class=\"tag\">TPE-S<\/span><a class=\"tag\" href=\"https:\/\/staging.cabopol.com\/es\/aplicaciones\/cables-y-conductores\/telecom\/\">Telecom<\/a><span class=\"tag\">Lacoflex<\/span><\/div>                            <div class=\"description\">Fibra \u00d3ptica<\/div>\n                        <div class=\"btn ghost-gray small submit-interest-solution\">Enviar inter\u00e9s<\/div>\n        <\/div>\n    <\/div>\n<\/div>            <\/div>\n        <\/div>\n                    <div class=\"container large\">\n                <a href=\"https:\/\/staging.cabopol.com\/es\/aplicaciones\/\" class=\"solutions-page-link arrow-link\"><span>Consultar nuestras Applicaciones<\/span><\/a>\n            <\/div>\n            <\/div>\n\n\n\n<div class=\"wp-block-kobu-custom-blocks-responsive-spacer responsive-spacer size-large\"><\/div>\n\n\n    <div class=\"taxonomy-slider-block alignfull container-wrapper\">\n        <div class=\"container large\">\n                            <h2>Otras Aplicaciones<\/h2>\n                    <\/div>\n        <div class=\"container full\">\n            <div class=\"taxonomy-slider\" data-width=\"large\">\n                \n    <div class=\"card sector slide \">\n        <div class=\"card-inner-wrapper\">\n                            <div class=\"featured-img\">\n                    <div class=\"featured-img-inner\">\n                        <img loading=\"lazy\" decoding=\"async\" width=\"640\" height=\"640\" src=\"https:\/\/staging.cabopol.com\/files\/uploads\/2026\/02\/Consumer-goods-Whitegoods-768x768.webp\" class=\"coverimg\" alt=\"Kitchenware\" sizes=\"auto, (min-width: 993px) 33vw, (min-width: 601px) 50vw, 100vw\" srcset=\"https:\/\/staging.cabopol.com\/files\/uploads\/2026\/02\/Consumer-goods-Whitegoods-768x768.webp 768w, https:\/\/staging.cabopol.com\/files\/uploads\/2026\/02\/Consumer-goods-Whitegoods-300x300.webp 300w, https:\/\/staging.cabopol.com\/files\/uploads\/2026\/02\/Consumer-goods-Whitegoods-1024x1024.webp 1024w, https:\/\/staging.cabopol.com\/files\/uploads\/2026\/02\/Consumer-goods-Whitegoods-150x150.webp 150w, https:\/\/staging.cabopol.com\/files\/uploads\/2026\/02\/Consumer-goods-Whitegoods.webp 1301w\" \/>                    <\/div>\n                <\/div>\n                        <div class=\"content-wrapper\">\n                <h3 class=\"post-title\">Bienes de Consumo y Cuidado Personal<\/h3>\n                                <a href=\"https:\/\/staging.cabopol.com\/es\/aplicaciones\/moldeo-por-inyeccion-y-extrusion\/bienes-de-consumo-y-cuidado-personal\/\" class=\"btn ghost-white arrow-btn\">Descubrir las Posibilidades<\/a>\n            <\/div>\n        <\/div>\n    <\/div>\n\n    <div class=\"card sector slide \">\n        <div class=\"card-inner-wrapper\">\n                            <div class=\"featured-img\">\n                    <div class=\"featured-img-inner\">\n                        <img loading=\"lazy\" decoding=\"async\" width=\"640\" height=\"640\" src=\"https:\/\/staging.cabopol.com\/files\/uploads\/2026\/02\/Automotive-Interior-768x768.webp\" class=\"coverimg\" alt=\"Car interior details\" sizes=\"auto, (min-width: 993px) 33vw, (min-width: 601px) 50vw, 100vw\" srcset=\"https:\/\/staging.cabopol.com\/files\/uploads\/2026\/02\/Automotive-Interior-768x768.webp 768w, https:\/\/staging.cabopol.com\/files\/uploads\/2026\/02\/Automotive-Interior-300x300.webp 300w, https:\/\/staging.cabopol.com\/files\/uploads\/2026\/02\/Automotive-Interior-1024x1024.webp 1024w, https:\/\/staging.cabopol.com\/files\/uploads\/2026\/02\/Automotive-Interior-150x150.webp 150w, https:\/\/staging.cabopol.com\/files\/uploads\/2026\/02\/Automotive-Interior.webp 1301w\" \/>                    <\/div>\n                <\/div>\n                        <div class=\"content-wrapper\">\n                <h3 class=\"post-title\">Automotriz<\/h3>\n                                <a href=\"https:\/\/staging.cabopol.com\/es\/aplicaciones\/cables-y-conductores\/automotriz-cable\/\" class=\"btn ghost-white arrow-btn\">Descubrir las Posibilidades<\/a>\n            <\/div>\n        <\/div>\n    <\/div>\n\n    <div class=\"card sector slide \">\n        <div class=\"card-inner-wrapper\">\n                            <div class=\"featured-img\">\n                    <div class=\"featured-img-inner\">\n                        <img loading=\"lazy\" decoding=\"async\" width=\"640\" height=\"640\" src=\"https:\/\/staging.cabopol.com\/files\/uploads\/2026\/02\/Power-Flexible-768x768.webp\" class=\"coverimg\" alt=\"White Cables\" sizes=\"auto, (min-width: 993px) 33vw, (min-width: 601px) 50vw, 100vw\" srcset=\"https:\/\/staging.cabopol.com\/files\/uploads\/2026\/02\/Power-Flexible-768x768.webp 768w, https:\/\/staging.cabopol.com\/files\/uploads\/2026\/02\/Power-Flexible-300x300.webp 300w, https:\/\/staging.cabopol.com\/files\/uploads\/2026\/02\/Power-Flexible-1024x1024.webp 1024w, https:\/\/staging.cabopol.com\/files\/uploads\/2026\/02\/Power-Flexible-150x150.webp 150w, https:\/\/staging.cabopol.com\/files\/uploads\/2026\/02\/Power-Flexible.webp 1301w\" \/>                    <\/div>\n                <\/div>\n                        <div class=\"content-wrapper\">\n                <h3 class=\"post-title\">Energ\u00eda<\/h3>\n                                <a href=\"https:\/\/staging.cabopol.com\/es\/aplicaciones\/cables-y-conductores\/energia\/\" class=\"btn ghost-white arrow-btn\">Descubrir las Posibilidades<\/a>\n            <\/div>\n        <\/div>\n    <\/div>\n\n    <div class=\"card sector slide \">\n        <div class=\"card-inner-wrapper\">\n                            <div class=\"featured-img\">\n                    <div class=\"featured-img-inner\">\n                        <img loading=\"lazy\" decoding=\"async\" width=\"640\" height=\"640\" src=\"https:\/\/staging.cabopol.com\/files\/uploads\/2026\/02\/Industry-Building-768x768.webp\" class=\"coverimg\" alt=\"Factory materials\" sizes=\"auto, (min-width: 993px) 33vw, (min-width: 601px) 50vw, 100vw\" srcset=\"https:\/\/staging.cabopol.com\/files\/uploads\/2026\/02\/Industry-Building-768x768.webp 768w, https:\/\/staging.cabopol.com\/files\/uploads\/2026\/02\/Industry-Building-300x300.webp 300w, https:\/\/staging.cabopol.com\/files\/uploads\/2026\/02\/Industry-Building-1024x1024.webp 1024w, https:\/\/staging.cabopol.com\/files\/uploads\/2026\/02\/Industry-Building-150x150.webp 150w, https:\/\/staging.cabopol.com\/files\/uploads\/2026\/02\/Industry-Building.webp 1301w\" \/>                    <\/div>\n                <\/div>\n                        <div class=\"content-wrapper\">\n                <h3 class=\"post-title\">Industria<\/h3>\n                                <a href=\"https:\/\/staging.cabopol.com\/es\/aplicaciones\/moldeo-por-inyeccion-y-extrusion\/industria\/\" class=\"btn ghost-white arrow-btn\">Descubrir las Posibilidades<\/a>\n            <\/div>\n        <\/div>\n    <\/div>\n            <\/div>\n        <\/div>\n                    <div class=\"container large\">\n                <a href=\"https:\/\/staging.cabopol.com\/es\/aplicaciones\/\" class=\"taxonomy-page-link arrow-link\"><span>Consultar Nuestras Aplicaciones<\/span><\/a>\n            <\/div>\n            <\/div>\n","protected":false},"excerpt":{"rendered":"","protected":false},"author":1,"featured_media":4097,"parent":2616,"menu_order":10,"comment_status":"closed","ping_status":"closed","template":"templates\/application.php","meta":{"_acf_changed":false,"inline_featured_image":false,"footnotes":""},"class_list":["post-2637","page","type-page","status-publish","has-post-thumbnail","hentry"],"acf":[],"_links":{"self":[{"href":"https:\/\/staging.cabopol.com\/es\/wp-json\/wp\/v2\/pages\/2637","targetHints":{"allow":["GET"]}}],"collection":[{"href":"https:\/\/staging.cabopol.com\/es\/wp-json\/wp\/v2\/pages"}],"about":[{"href":"https:\/\/staging.cabopol.com\/es\/wp-json\/wp\/v2\/types\/page"}],"author":[{"embeddable":true,"href":"https:\/\/staging.cabopol.com\/es\/wp-json\/wp\/v2\/users\/1"}],"replies":[{"embeddable":true,"href":"https:\/\/staging.cabopol.com\/es\/wp-json\/wp\/v2\/comments?post=2637"}],"version-history":[{"count":5,"href":"https:\/\/staging.cabopol.com\/es\/wp-json\/wp\/v2\/pages\/2637\/revisions"}],"predecessor-version":[{"id":4599,"href":"https:\/\/staging.cabopol.com\/es\/wp-json\/wp\/v2\/pages\/2637\/revisions\/4599"}],"up":[{"embeddable":true,"href":"https:\/\/staging.cabopol.com\/es\/wp-json\/wp\/v2\/pages\/2616"}],"wp:featuredmedia":[{"embeddable":true,"href":"https:\/\/staging.cabopol.com\/es\/wp-json\/wp\/v2\/media\/4097"}],"wp:attachment":[{"href":"https:\/\/staging.cabopol.com\/es\/wp-json\/wp\/v2\/media?parent=2637"}],"curies":[{"name":"wp","href":"https:\/\/api.w.org\/{rel}","templated":true}]}}