{"id":2643,"date":"2025-07-02T14:05:59","date_gmt":"2025-07-02T14:05:59","guid":{"rendered":"https:\/\/staging.cabopol.com\/aplicaciones\/cables-y-conductores\/power\/"},"modified":"2026-02-06T10:43:24","modified_gmt":"2026-02-06T10:43:24","slug":"energia","status":"publish","type":"page","link":"https:\/\/staging.cabopol.com\/es\/aplicaciones\/cables-y-conductores\/energia\/","title":{"rendered":"Energ\u00eda"},"content":{"rendered":"\n<div class=\"wp-block-kobu-custom-blocks-inner-content-img alignwide media-content-group child-item align-right valign-start img-first\"><div class=\"media-col\"><figure><img loading=\"lazy\" decoding=\"async\" width=\"1301\" height=\"1301\" class=\"wp-image-4081\" src=\"https:\/\/staging.cabopol.com\/files\/uploads\/2026\/02\/Power-Low-Voltage.webp\" alt=\"\" title=\"Power Low Voltage\" sizes=\"auto, (min-width: 1201px) 35vw, (min-width: 601px) 50vw, 100vw\" srcset=\"https:\/\/staging.cabopol.com\/files\/uploads\/2026\/02\/Power-Low-Voltage.webp 1301w, https:\/\/staging.cabopol.com\/files\/uploads\/2026\/02\/Power-Low-Voltage-300x300.webp 300w, https:\/\/staging.cabopol.com\/files\/uploads\/2026\/02\/Power-Low-Voltage-1024x1024.webp 1024w, https:\/\/staging.cabopol.com\/files\/uploads\/2026\/02\/Power-Low-Voltage-150x150.webp 150w, https:\/\/staging.cabopol.com\/files\/uploads\/2026\/02\/Power-Low-Voltage-768x768.webp 768w\" \/><\/figure><\/div><div class=\"content-col\"><div class=\"content-col-wrapper\">\n<h2 class=\"wp-block-heading\">Baja tensi\u00f3n<br>Cables y Conductores<br>LSZH | PVC<\/h2>\n\n\n\n<p>Cabopol ofrece una gama completa de compuestos para cables de baja tensi\u00f3n, dise\u00f1ados para rendimiento, protecci\u00f3n y eficiencia en el procesado.<\/p>\n\n\n\n<p>Las soluciones Sofiplus\u00ae LSZH son ideales para cables CPR y de uso general, proporcionando alta flexibilidad, resistencia a la hidr\u00f3lisis y a fisuras por tensi\u00f3n, soportando aislamiento, recubrimiento y relleno con retardante de llama, baja emisi\u00f3n de humo y buena procesabilidad.<\/p>\n\n\n\n<p>Los compuestos Polyprime\u00ae PVC garantizan protecci\u00f3n robusta, resistencia a plagas, aceites y rayos UV, con buen rendimiento en todo el rango de temperaturas, incluida flexibilidad a bajas temperaturas. Cabopol ofrece la soluci\u00f3n adecuada para un cableado de baja tensi\u00f3n seguro y eficiente.<\/p>\n<\/div><\/div><\/div>\n\n\n\n<div class=\"wp-block-kobu-custom-blocks-responsive-spacer responsive-spacer size-large\"><\/div>\n\n\n\n<div class=\"wp-block-kobu-custom-blocks-inner-content-img alignwide media-content-group child-item align-left valign-start img-first\"><div class=\"media-col\"><figure><img loading=\"lazy\" decoding=\"async\" width=\"1301\" height=\"1301\" class=\"wp-image-4089\" src=\"https:\/\/staging.cabopol.com\/files\/uploads\/2026\/02\/Power-Solar.webp\" alt=\"\" title=\"Power Solar\" sizes=\"auto, (min-width: 1201px) 35vw, (min-width: 601px) 50vw, 100vw\" srcset=\"https:\/\/staging.cabopol.com\/files\/uploads\/2026\/02\/Power-Solar.webp 1301w, https:\/\/staging.cabopol.com\/files\/uploads\/2026\/02\/Power-Solar-300x300.webp 300w, https:\/\/staging.cabopol.com\/files\/uploads\/2026\/02\/Power-Solar-1024x1024.webp 1024w, https:\/\/staging.cabopol.com\/files\/uploads\/2026\/02\/Power-Solar-150x150.webp 150w, https:\/\/staging.cabopol.com\/files\/uploads\/2026\/02\/Power-Solar-768x768.webp 768w\" \/><\/figure><\/div><div class=\"content-col\"><div class=\"content-col-wrapper\">\n<h2 class=\"wp-block-heading\">Cables Solares y Fotovoltaicos<br>XLPO | HF<\/h2>\n\n\n\n<p>Cabopol ofrece compuestos XLPO y sin hal\u00f3genos, dise\u00f1ados para aplicaciones solares de larga duraci\u00f3n.<\/p>\n\n\n\n<p>Sofiplus\u00ae soporta m\u00e9todos de reticulaci\u00f3n por haz de electrones, silano y per\u00f3xido, garantizando resistencia a los rayos UV, retardante de llama y flexibilidad para aislamiento y recubrimiento en entornos exteriores exigentes.<\/p>\n<\/div><\/div><\/div>\n\n\n\n<div class=\"wp-block-kobu-custom-blocks-responsive-spacer responsive-spacer size-large\"><\/div>\n\n\n\n<div class=\"wp-block-kobu-custom-blocks-inner-content-img alignwide media-content-group child-item align-right valign-start img-first\"><div class=\"media-col\"><figure><img loading=\"lazy\" decoding=\"async\" width=\"1301\" height=\"1301\" class=\"wp-image-4093\" src=\"https:\/\/staging.cabopol.com\/files\/uploads\/2026\/02\/Power-Specialized.webp\" alt=\"\" title=\"Power Specialized\" sizes=\"auto, (min-width: 1201px) 35vw, (min-width: 601px) 50vw, 100vw\" srcset=\"https:\/\/staging.cabopol.com\/files\/uploads\/2026\/02\/Power-Specialized.webp 1301w, https:\/\/staging.cabopol.com\/files\/uploads\/2026\/02\/Power-Specialized-300x300.webp 300w, https:\/\/staging.cabopol.com\/files\/uploads\/2026\/02\/Power-Specialized-1024x1024.webp 1024w, https:\/\/staging.cabopol.com\/files\/uploads\/2026\/02\/Power-Specialized-150x150.webp 150w, https:\/\/staging.cabopol.com\/files\/uploads\/2026\/02\/Power-Specialized-768x768.webp 768w\" \/><\/figure><\/div><div class=\"content-col\"><div class=\"content-col-wrapper\">\n<h2 class=\"wp-block-heading\">Cableado Especializado<br>TPU<\/h2>\n\n\n\n<p>Dise\u00f1ados para cables industriales, de miner\u00eda y de carga de veh\u00edculos el\u00e9ctricos, los compuestos Lacoflex\u00ae TPU combinan retardancia de llama sin hal\u00f3genos con excelente flexibilidad, resistencia al aceite y a los rayos UV. Ideales para entornos exigentes donde el rendimiento y la durabilidad son clave.<\/p>\n<\/div><\/div><\/div>\n\n\n\n<div class=\"wp-block-kobu-custom-blocks-responsive-spacer responsive-spacer size-large\"><\/div>\n\n\n\n<div class=\"wp-block-kobu-custom-blocks-inner-content-img alignwide media-content-group child-item align-left valign-start img-first\"><div class=\"media-col\"><figure><img loading=\"lazy\" decoding=\"async\" width=\"1301\" height=\"1301\" class=\"wp-image-4085\" src=\"https:\/\/staging.cabopol.com\/files\/uploads\/2026\/02\/Power-Oil-Resistant.webp\" alt=\"\" title=\"Power Oil Resistant\" sizes=\"auto, (min-width: 1201px) 35vw, (min-width: 601px) 50vw, 100vw\" srcset=\"https:\/\/staging.cabopol.com\/files\/uploads\/2026\/02\/Power-Oil-Resistant.webp 1301w, https:\/\/staging.cabopol.com\/files\/uploads\/2026\/02\/Power-Oil-Resistant-300x300.webp 300w, https:\/\/staging.cabopol.com\/files\/uploads\/2026\/02\/Power-Oil-Resistant-1024x1024.webp 1024w, https:\/\/staging.cabopol.com\/files\/uploads\/2026\/02\/Power-Oil-Resistant-150x150.webp 150w, https:\/\/staging.cabopol.com\/files\/uploads\/2026\/02\/Power-Oil-Resistant-768x768.webp 768w\" \/><\/figure><\/div><div class=\"content-col\"><div class=\"content-col-wrapper\">\n<h2 class=\"wp-block-heading\">Cableado Resistente al Aceite<br>TPE<\/h2>\n\n\n\n<p>Dise\u00f1ados para una resistencia qu\u00edmica extrema, los compuestos Lacoflex\u00ae TPE cumplen con las normas UL 94 V0, V2 y HB. Con reticulaci\u00f3n por silano y retardancia de llama sin hal\u00f3genos, proporcionan aislamiento y revestimiento fiables en condiciones severas expuestas a aceite.<\/p>\n<\/div><\/div><\/div>\n\n\n\n<div class=\"wp-block-kobu-custom-blocks-responsive-spacer responsive-spacer size-large\"><\/div>\n\n\n\n<div class=\"wp-block-kobu-custom-blocks-inner-content-img alignwide media-content-group child-item align-right valign-start img-first\"><div class=\"media-col\"><figure><img loading=\"lazy\" decoding=\"async\" width=\"1301\" height=\"1301\" class=\"wp-image-4077\" src=\"https:\/\/staging.cabopol.com\/files\/uploads\/2026\/02\/Power-Flexible.webp\" alt=\"\" title=\"Power Flexible\" sizes=\"auto, (min-width: 1201px) 35vw, (min-width: 601px) 50vw, 100vw\" srcset=\"https:\/\/staging.cabopol.com\/files\/uploads\/2026\/02\/Power-Flexible.webp 1301w, https:\/\/staging.cabopol.com\/files\/uploads\/2026\/02\/Power-Flexible-300x300.webp 300w, https:\/\/staging.cabopol.com\/files\/uploads\/2026\/02\/Power-Flexible-1024x1024.webp 1024w, https:\/\/staging.cabopol.com\/files\/uploads\/2026\/02\/Power-Flexible-150x150.webp 150w, https:\/\/staging.cabopol.com\/files\/uploads\/2026\/02\/Power-Flexible-768x768.webp 768w\" \/><\/figure><\/div><div class=\"content-col\"><div class=\"content-col-wrapper\">\n<h2 class=\"wp-block-heading\">Cableado Flexible<br>TPE<\/h2>\n\n\n\n<p>Los compuestos Lacoflex\u00ae TPE ofrecen flexibilidad a bajas temperaturas y un rendimiento t\u00e9rmico s\u00f3lido para cables de energ\u00eda, ferroviarios, de bater\u00eda de cinta y de ascensores. Estos materiales sin hal\u00f3genos aseguran aislamiento y recubrimiento duraderos con resistencia a aceite y rayos UV.<\/p>\n<\/div><\/div><\/div>\n\n\n\n<div class=\"wp-block-kobu-custom-blocks-responsive-spacer responsive-spacer size-large\"><\/div>\n\n\n    <div class=\"solutions-slider-block alignfull container-wrapper\">\n        <div class=\"container large\">\n                            <h2>Aplicaciones<\/h2>\n                    <\/div>\n        <div class=\"container full\">\n            <div class=\"solutions-slider\" data-width=\"large\" data-gap=\"large\">\n                \n<div class=\"article solution-card \">\n    <div class=\"solution-inner-wrapper\">\n        <div class=\"img-wrapper\">\n                            <div class=\"fixed-ratio-img\">\n                    <img loading=\"lazy\" decoding=\"async\" width=\"640\" height=\"433\" src=\"https:\/\/staging.cabopol.com\/files\/uploads\/2026\/02\/Sofiplus-ONE.webp\" class=\"coverimg\" alt=\"Solar Panels reflecting the sky\" sizes=\"auto, (min-width: 993px) 33vw, (min-width: 601px) 50vw, 100vw\" srcset=\"https:\/\/staging.cabopol.com\/files\/uploads\/2026\/02\/Sofiplus-ONE.webp 701w, https:\/\/staging.cabopol.com\/files\/uploads\/2026\/02\/Sofiplus-ONE-300x203.webp 300w\" \/>                <\/div>\n                    <\/div>\n        <div class=\"content-wrapper\">\n                        <h3 class=\"post-title\">Sofiplus ONE<\/h3>\n            <div class=\"tags-wrapper\"><a class=\"tag\" href=\"https:\/\/staging.cabopol.com\/es\/aplicaciones\/cables-y-conductores\/\">Cables y conductores<\/a><span class=\"tag\">HF<\/span><span class=\"tag\">XLPO<\/span><a class=\"tag\" href=\"https:\/\/staging.cabopol.com\/es\/aplicaciones\/cables-y-conductores\/energia\/\">Energ\u00eda<\/a><span class=\"tag\">Sofiplus<\/span><\/div>                            <div class=\"description\">Solar | Fotovoltaico<\/div>\n                        <div class=\"btn ghost-gray small submit-interest-solution\">Enviar inter\u00e9s<\/div>\n        <\/div>\n    <\/div>\n<\/div>\n<div class=\"article solution-card \">\n    <div class=\"solution-inner-wrapper\">\n        <div class=\"img-wrapper\">\n                            <div class=\"fixed-ratio-img\">\n                    <img loading=\"lazy\" decoding=\"async\" width=\"640\" height=\"434\" src=\"https:\/\/staging.cabopol.com\/files\/uploads\/2026\/02\/Sofiplus-HZ.webp\" class=\"coverimg\" alt=\"Wires and Cables\" sizes=\"auto, (min-width: 993px) 33vw, (min-width: 601px) 50vw, 100vw\" srcset=\"https:\/\/staging.cabopol.com\/files\/uploads\/2026\/02\/Sofiplus-HZ.webp 701w, https:\/\/staging.cabopol.com\/files\/uploads\/2026\/02\/Sofiplus-HZ-300x203.webp 300w\" \/>                <\/div>\n                    <\/div>\n        <div class=\"content-wrapper\">\n                        <h3 class=\"post-title\">Sofiplus HZ<\/h3>\n            <div class=\"tags-wrapper\"><a class=\"tag\" href=\"https:\/\/staging.cabopol.com\/es\/aplicaciones\/cables-y-conductores\/\">Cables y conductores<\/a><span class=\"tag\">LSZH<\/span><a class=\"tag\" href=\"https:\/\/staging.cabopol.com\/es\/aplicaciones\/cables-y-conductores\/energia\/\">Energ\u00eda<\/a><span class=\"tag\">Sofiplus<\/span><\/div>                            <div class=\"description\">Baja tensi\u00f3n | CPR<\/div>\n                        <div class=\"btn ghost-gray small submit-interest-solution\">Enviar inter\u00e9s<\/div>\n        <\/div>\n    <\/div>\n<\/div>\n<div class=\"article solution-card \">\n    <div class=\"solution-inner-wrapper\">\n        <div class=\"img-wrapper\">\n                            <div class=\"fixed-ratio-img\">\n                    <img loading=\"lazy\" decoding=\"async\" width=\"640\" height=\"434\" src=\"https:\/\/staging.cabopol.com\/files\/uploads\/2026\/02\/Polyprime-Power.webp\" class=\"coverimg\" alt=\"Wires and Cables\" sizes=\"auto, (min-width: 993px) 33vw, (min-width: 601px) 50vw, 100vw\" srcset=\"https:\/\/staging.cabopol.com\/files\/uploads\/2026\/02\/Polyprime-Power.webp 701w, https:\/\/staging.cabopol.com\/files\/uploads\/2026\/02\/Polyprime-Power-300x203.webp 300w\" \/>                <\/div>\n                    <\/div>\n        <div class=\"content-wrapper\">\n                        <h3 class=\"post-title\">Polyprime POTENCIA<\/h3>\n            <div class=\"tags-wrapper\"><a class=\"tag\" href=\"https:\/\/staging.cabopol.com\/es\/aplicaciones\/cables-y-conductores\/\">Cables y conductores<\/a><span class=\"tag\">PVC<\/span><a class=\"tag\" href=\"https:\/\/staging.cabopol.com\/es\/aplicaciones\/cables-y-conductores\/energia\/\">Energ\u00eda<\/a><a class=\"tag\" href=\"https:\/\/staging.cabopol.com\/es\/nuestros-productos\/polyprime\/\">Polyprime<\/a><\/div>                            <div class=\"description\">Baja tensi\u00f3n<\/div>\n                        <div class=\"btn ghost-gray small submit-interest-solution\">Enviar inter\u00e9s<\/div>\n        <\/div>\n    <\/div>\n<\/div>\n<div class=\"article solution-card \">\n    <div class=\"solution-inner-wrapper\">\n        <div class=\"img-wrapper\">\n                            <div class=\"fixed-ratio-img\">\n                    <img loading=\"lazy\" decoding=\"async\" width=\"640\" height=\"434\" src=\"https:\/\/staging.cabopol.com\/files\/uploads\/2026\/02\/Lacoflex-TEC-Power.webp\" class=\"coverimg\" alt=\"Factory operations\" sizes=\"auto, (min-width: 993px) 33vw, (min-width: 601px) 50vw, 100vw\" srcset=\"https:\/\/staging.cabopol.com\/files\/uploads\/2026\/02\/Lacoflex-TEC-Power.webp 701w, https:\/\/staging.cabopol.com\/files\/uploads\/2026\/02\/Lacoflex-TEC-Power-300x203.webp 300w\" \/>                <\/div>\n                    <\/div>\n        <div class=\"content-wrapper\">\n                        <h3 class=\"post-title\">Lacoflex TEC<\/h3>\n            <div class=\"tags-wrapper\"><a class=\"tag\" href=\"https:\/\/staging.cabopol.com\/es\/aplicaciones\/cables-y-conductores\/\">Cables y conductores<\/a><span class=\"tag\">TPE-S<\/span><span class=\"tag\">TPU<\/span><a class=\"tag\" href=\"https:\/\/staging.cabopol.com\/es\/aplicaciones\/cables-y-conductores\/energia\/\">Energ\u00eda<\/a><span class=\"tag\">Lacoflex<\/span><\/div>                            <div class=\"description\">Resistente al aceite | Rob\u00f3tica | Miner\u00eda | Flexible | Aeropuerto | Cadena portacables<\/div>\n                        <div class=\"btn ghost-gray small submit-interest-solution\">Enviar inter\u00e9s<\/div>\n        <\/div>\n    <\/div>\n<\/div>            <\/div>\n        <\/div>\n                    <div class=\"container large\">\n                <a href=\"https:\/\/staging.cabopol.com\/es\/aplicaciones\/\" class=\"solutions-page-link arrow-link\"><span>Consultar nuestras Applicaciones<\/span><\/a>\n            <\/div>\n            <\/div>\n\n\n\n<div class=\"wp-block-kobu-custom-blocks-responsive-spacer responsive-spacer size-large\"><\/div>\n\n\n    <div class=\"taxonomy-slider-block alignfull container-wrapper\">\n        <div class=\"container large\">\n                            <h2>Otras Aplicaciones<\/h2>\n                    <\/div>\n        <div class=\"container full\">\n            <div class=\"taxonomy-slider\" data-width=\"large\">\n                \n    <div class=\"card sector slide \">\n        <div class=\"card-inner-wrapper\">\n                            <div class=\"featured-img\">\n                    <div class=\"featured-img-inner\">\n                        <img loading=\"lazy\" decoding=\"async\" width=\"640\" height=\"640\" src=\"https:\/\/staging.cabopol.com\/files\/uploads\/2026\/02\/Consumer-goods-Whitegoods-768x768.webp\" class=\"coverimg\" alt=\"Kitchenware\" sizes=\"auto, (min-width: 993px) 33vw, (min-width: 601px) 50vw, 100vw\" srcset=\"https:\/\/staging.cabopol.com\/files\/uploads\/2026\/02\/Consumer-goods-Whitegoods-768x768.webp 768w, https:\/\/staging.cabopol.com\/files\/uploads\/2026\/02\/Consumer-goods-Whitegoods-300x300.webp 300w, https:\/\/staging.cabopol.com\/files\/uploads\/2026\/02\/Consumer-goods-Whitegoods-1024x1024.webp 1024w, https:\/\/staging.cabopol.com\/files\/uploads\/2026\/02\/Consumer-goods-Whitegoods-150x150.webp 150w, https:\/\/staging.cabopol.com\/files\/uploads\/2026\/02\/Consumer-goods-Whitegoods.webp 1301w\" \/>                    <\/div>\n                <\/div>\n                        <div class=\"content-wrapper\">\n                <h3 class=\"post-title\">Bienes de Consumo y Cuidado Personal<\/h3>\n                                <a href=\"https:\/\/staging.cabopol.com\/es\/aplicaciones\/moldeo-por-inyeccion-y-extrusion\/bienes-de-consumo-y-cuidado-personal\/\" class=\"btn ghost-white arrow-btn\">Descubrir las Posibilidades<\/a>\n            <\/div>\n        <\/div>\n    <\/div>\n\n    <div class=\"card sector slide \">\n        <div class=\"card-inner-wrapper\">\n                            <div class=\"featured-img\">\n                    <div class=\"featured-img-inner\">\n                        <img loading=\"lazy\" decoding=\"async\" width=\"640\" height=\"640\" src=\"https:\/\/staging.cabopol.com\/files\/uploads\/2026\/02\/Automotive-Interior-768x768.webp\" class=\"coverimg\" alt=\"Car interior details\" sizes=\"auto, (min-width: 993px) 33vw, (min-width: 601px) 50vw, 100vw\" srcset=\"https:\/\/staging.cabopol.com\/files\/uploads\/2026\/02\/Automotive-Interior-768x768.webp 768w, https:\/\/staging.cabopol.com\/files\/uploads\/2026\/02\/Automotive-Interior-300x300.webp 300w, https:\/\/staging.cabopol.com\/files\/uploads\/2026\/02\/Automotive-Interior-1024x1024.webp 1024w, https:\/\/staging.cabopol.com\/files\/uploads\/2026\/02\/Automotive-Interior-150x150.webp 150w, https:\/\/staging.cabopol.com\/files\/uploads\/2026\/02\/Automotive-Interior.webp 1301w\" \/>                    <\/div>\n                <\/div>\n                        <div class=\"content-wrapper\">\n                <h3 class=\"post-title\">Automotriz<\/h3>\n                                <a href=\"https:\/\/staging.cabopol.com\/es\/aplicaciones\/cables-y-conductores\/automotriz-cable\/\" class=\"btn ghost-white arrow-btn\">Descubrir las Posibilidades<\/a>\n            <\/div>\n        <\/div>\n    <\/div>\n\n    <div class=\"card sector slide \">\n        <div class=\"card-inner-wrapper\">\n                            <div class=\"featured-img\">\n                    <div class=\"featured-img-inner\">\n                        <img loading=\"lazy\" decoding=\"async\" width=\"640\" height=\"640\" src=\"https:\/\/staging.cabopol.com\/files\/uploads\/2026\/02\/Industry-Building-768x768.webp\" class=\"coverimg\" alt=\"Factory materials\" sizes=\"auto, (min-width: 993px) 33vw, (min-width: 601px) 50vw, 100vw\" srcset=\"https:\/\/staging.cabopol.com\/files\/uploads\/2026\/02\/Industry-Building-768x768.webp 768w, https:\/\/staging.cabopol.com\/files\/uploads\/2026\/02\/Industry-Building-300x300.webp 300w, https:\/\/staging.cabopol.com\/files\/uploads\/2026\/02\/Industry-Building-1024x1024.webp 1024w, https:\/\/staging.cabopol.com\/files\/uploads\/2026\/02\/Industry-Building-150x150.webp 150w, https:\/\/staging.cabopol.com\/files\/uploads\/2026\/02\/Industry-Building.webp 1301w\" \/>                    <\/div>\n                <\/div>\n                        <div class=\"content-wrapper\">\n                <h3 class=\"post-title\">Industria<\/h3>\n                                <a href=\"https:\/\/staging.cabopol.com\/es\/aplicaciones\/moldeo-por-inyeccion-y-extrusion\/industria\/\" class=\"btn ghost-white arrow-btn\">Descubrir las Posibilidades<\/a>\n            <\/div>\n        <\/div>\n    <\/div>\n\n    <div class=\"card sector slide \">\n        <div class=\"card-inner-wrapper\">\n                            <div class=\"featured-img\">\n                    <div class=\"featured-img-inner\">\n                        <img loading=\"lazy\" decoding=\"async\" width=\"640\" height=\"640\" src=\"https:\/\/staging.cabopol.com\/files\/uploads\/2026\/02\/Telecom-Data-768x768.webp\" class=\"coverimg\" alt=\"Telecom Data Wire\" sizes=\"auto, (min-width: 993px) 33vw, (min-width: 601px) 50vw, 100vw\" srcset=\"https:\/\/staging.cabopol.com\/files\/uploads\/2026\/02\/Telecom-Data-768x768.webp 768w, https:\/\/staging.cabopol.com\/files\/uploads\/2026\/02\/Telecom-Data-300x300.webp 300w, https:\/\/staging.cabopol.com\/files\/uploads\/2026\/02\/Telecom-Data-1024x1024.webp 1024w, https:\/\/staging.cabopol.com\/files\/uploads\/2026\/02\/Telecom-Data-150x150.webp 150w, https:\/\/staging.cabopol.com\/files\/uploads\/2026\/02\/Telecom-Data.webp 1301w\" \/>                    <\/div>\n                <\/div>\n                        <div class=\"content-wrapper\">\n                <h3 class=\"post-title\">Telecom<\/h3>\n                                <a href=\"https:\/\/staging.cabopol.com\/es\/aplicaciones\/cables-y-conductores\/telecom\/\" class=\"btn ghost-white arrow-btn\">Descubrir las Posibilidades<\/a>\n            <\/div>\n        <\/div>\n    <\/div>\n            <\/div>\n        <\/div>\n                    <div class=\"container large\">\n                <a href=\"https:\/\/staging.cabopol.com\/es\/aplicaciones\/\" class=\"taxonomy-page-link arrow-link\"><span>Consultar Nuestras Aplicaciones<\/span><\/a>\n            <\/div>\n            <\/div>\n","protected":false},"excerpt":{"rendered":"","protected":false},"author":1,"featured_media":4077,"parent":2616,"menu_order":9,"comment_status":"closed","ping_status":"closed","template":"templates\/application.php","meta":{"_acf_changed":false,"inline_featured_image":false,"footnotes":""},"class_list":["post-2643","page","type-page","status-publish","has-post-thumbnail","hentry"],"acf":[],"_links":{"self":[{"href":"https:\/\/staging.cabopol.com\/es\/wp-json\/wp\/v2\/pages\/2643","targetHints":{"allow":["GET"]}}],"collection":[{"href":"https:\/\/staging.cabopol.com\/es\/wp-json\/wp\/v2\/pages"}],"about":[{"href":"https:\/\/staging.cabopol.com\/es\/wp-json\/wp\/v2\/types\/page"}],"author":[{"embeddable":true,"href":"https:\/\/staging.cabopol.com\/es\/wp-json\/wp\/v2\/users\/1"}],"replies":[{"embeddable":true,"href":"https:\/\/staging.cabopol.com\/es\/wp-json\/wp\/v2\/comments?post=2643"}],"version-history":[{"count":6,"href":"https:\/\/staging.cabopol.com\/es\/wp-json\/wp\/v2\/pages\/2643\/revisions"}],"predecessor-version":[{"id":4598,"href":"https:\/\/staging.cabopol.com\/es\/wp-json\/wp\/v2\/pages\/2643\/revisions\/4598"}],"up":[{"embeddable":true,"href":"https:\/\/staging.cabopol.com\/es\/wp-json\/wp\/v2\/pages\/2616"}],"wp:featuredmedia":[{"embeddable":true,"href":"https:\/\/staging.cabopol.com\/es\/wp-json\/wp\/v2\/media\/4077"}],"wp:attachment":[{"href":"https:\/\/staging.cabopol.com\/es\/wp-json\/wp\/v2\/media?parent=2643"}],"curies":[{"name":"wp","href":"https:\/\/api.w.org\/{rel}","templated":true}]}}