{"id":2649,"date":"2025-07-02T14:05:43","date_gmt":"2025-07-02T14:05:43","guid":{"rendered":"https:\/\/staging.cabopol.com\/aplicaciones\/cables-y-conductores\/automotive-wire\/"},"modified":"2026-02-06T10:40:55","modified_gmt":"2026-02-06T10:40:55","slug":"automotriz-cable","status":"publish","type":"page","link":"https:\/\/staging.cabopol.com\/es\/aplicaciones\/cables-y-conductores\/automotriz-cable\/","title":{"rendered":"Automotriz"},"content":{"rendered":"\n<div class=\"wp-block-kobu-custom-blocks-inner-content-img alignwide media-content-group child-item align-right valign-start img-first\"><div class=\"media-col\"><figure><img loading=\"lazy\" decoding=\"async\" width=\"1301\" height=\"1301\" class=\"wp-image-4025\" src=\"https:\/\/staging.cabopol.com\/files\/uploads\/2026\/02\/Wire-and-cable-Automotive.webp\" alt=\"\" title=\"Wire and cable Automotive\" sizes=\"auto, (min-width: 1201px) 35vw, (min-width: 601px) 50vw, 100vw\" srcset=\"https:\/\/staging.cabopol.com\/files\/uploads\/2026\/02\/Wire-and-cable-Automotive.webp 1301w, https:\/\/staging.cabopol.com\/files\/uploads\/2026\/02\/Wire-and-cable-Automotive-300x300.webp 300w, https:\/\/staging.cabopol.com\/files\/uploads\/2026\/02\/Wire-and-cable-Automotive-1024x1024.webp 1024w, https:\/\/staging.cabopol.com\/files\/uploads\/2026\/02\/Wire-and-cable-Automotive-150x150.webp 150w, https:\/\/staging.cabopol.com\/files\/uploads\/2026\/02\/Wire-and-cable-Automotive-768x768.webp 768w\" \/><\/figure><\/div><div class=\"content-col\"><div class=\"content-col-wrapper\">\n<h2 class=\"wp-block-heading\">General<br>TPE | TPU | PP | XLPO | PVC<\/h2>\n\n\n\n<p>Cabopol ofrece compuestos termopl\u00e1sticos y reticulables de alto rendimiento para cables y conductores automotrices. Nuestras series Lacoflex\u00ae TPE\/TPU, Sofiplus\u00ae PP\/XLPO y Polyprime\u00ae PVC cubren aplicaciones desde T2 hasta T4, incluyendo carga de veh\u00edculos el\u00e9ctricos.<\/p>\n\n\n\n<p>Lacoflex\u00ae asegura flexibilidad a bajas temperaturas (-40\u00baC), resistencia a la abrasi\u00f3n y opciones de retardante de llama sin hal\u00f3genos. Las versiones TPU proporcionan excelente resistencia mec\u00e1nica y a los rayos UV hasta 125\u00baC.<\/p>\n\n\n\n<p>Los compuestos reticulables Sofiplus\u00ae cumplen con las normas ISO 6722 y LV 112, ofreciendo resistencia a altas temperaturas (&gt;125\u00baC), desempe\u00f1o frente a la abrasi\u00f3n y envejecimiento t\u00e9rmico a largo plazo.<\/p>\n\n\n\n<p>Las soluciones Polyprime\u00ae PVC ofrecen un rendimiento econ\u00f3mico para T2, T3, JASO y CIVUS, combinando flexibilidad, resistencia a aceites y estabilidad t\u00e9rmica.<\/p>\n<\/div><\/div><\/div>\n\n\n\n<div class=\"wp-block-kobu-custom-blocks-responsive-spacer responsive-spacer size-large\"><\/div>\n\n\n\n<div class=\"wp-block-kobu-custom-blocks-inner-content-img alignwide media-content-group child-item align-left valign-start img-first\"><div class=\"media-col\"><figure><img loading=\"lazy\" decoding=\"async\" width=\"1301\" height=\"1301\" class=\"wp-image-4037\" src=\"https:\/\/staging.cabopol.com\/files\/uploads\/2026\/02\/Automotive-Communications.webp\" alt=\"\" title=\"Automotive Communications\" sizes=\"auto, (min-width: 1201px) 35vw, (min-width: 601px) 50vw, 100vw\" srcset=\"https:\/\/staging.cabopol.com\/files\/uploads\/2026\/02\/Automotive-Communications.webp 1301w, https:\/\/staging.cabopol.com\/files\/uploads\/2026\/02\/Automotive-Communications-300x300.webp 300w, https:\/\/staging.cabopol.com\/files\/uploads\/2026\/02\/Automotive-Communications-1024x1024.webp 1024w, https:\/\/staging.cabopol.com\/files\/uploads\/2026\/02\/Automotive-Communications-150x150.webp 150w, https:\/\/staging.cabopol.com\/files\/uploads\/2026\/02\/Automotive-Communications-768x768.webp 768w\" \/><\/figure><\/div><div class=\"content-col\"><div class=\"content-col-wrapper\">\n<h2 class=\"wp-block-heading\">COMunicaciones<br>TPE | TPU | PP | PE | XLPE<\/h2>\n\n\n\n<p>Cabopol ofrece compuestos especializados para cables de datos, coaxiales, Ethernet y CAN utilizados en sistemas de comunicaci\u00f3n automotriz modernos. Nuestras soluciones Lacoflex\u00ae TPE\/TPU y Sofiplus\u00ae PP\/PE\/XLPE combinan retardante de llama libre de hal\u00f3genos, resistencia a aceites y flexibilidad de -40\u00b0C a +125\u00b0C.<\/p>\n\n\n\n<p>Estos materiales est\u00e1n dise\u00f1ados para un alto rendimiento el\u00e9ctrico, ofreciendo impedancia estable, bajas constantes diel\u00e9ctricas y buena compatibilidad con blindajes. Adecuados para diel\u00e9ctricos s\u00f3lidos y espumados, soportan un dimensionamiento consistente del cable y la integridad de la se\u00f1al.<\/p>\n\n\n\n<p>Los compuestos de Cabopol tambi\u00e9n proporcionan resistencia a la abrasi\u00f3n, reciclabilidad y bajas emisiones de humo, cumpliendo con los requisitos de entornos automotrices exigentes. Se encuentran disponibles grados est\u00e1ndar o personalizados para satisfacer las necesidades exactas de su aplicaci\u00f3n.<\/p>\n<\/div><\/div><\/div>\n\n\n\n<div class=\"wp-block-kobu-custom-blocks-responsive-spacer responsive-spacer size-large\"><\/div>\n\n\n    <div class=\"solutions-slider-block alignfull container-wrapper\">\n        <div class=\"container large\">\n                            <h2>Aplicaciones<\/h2>\n                    <\/div>\n        <div class=\"container full\">\n            <div class=\"solutions-slider\" data-width=\"large\" data-gap=\"large\">\n                \n<div class=\"article solution-card \">\n    <div class=\"solution-inner-wrapper\">\n        <div class=\"img-wrapper\">\n                            <div class=\"fixed-ratio-img\">\n                    <img loading=\"lazy\" decoding=\"async\" width=\"640\" height=\"434\" src=\"https:\/\/staging.cabopol.com\/files\/uploads\/2026\/02\/Polyprime-1.webp\" class=\"coverimg\" alt=\"Factory operations\" sizes=\"auto, (min-width: 993px) 33vw, (min-width: 601px) 50vw, 100vw\" srcset=\"https:\/\/staging.cabopol.com\/files\/uploads\/2026\/02\/Polyprime-1.webp 701w, https:\/\/staging.cabopol.com\/files\/uploads\/2026\/02\/Polyprime-1-300x203.webp 300w\" \/>                <\/div>\n                    <\/div>\n        <div class=\"content-wrapper\">\n                        <h3 class=\"post-title\">Polyprime T2\/T3<\/h3>\n            <div class=\"tags-wrapper\"><a class=\"tag\" href=\"https:\/\/staging.cabopol.com\/es\/aplicaciones\/cables-y-conductores\/\">Cables y conductores<\/a><span class=\"tag\">PVC<\/span><a class=\"tag\" href=\"https:\/\/staging.cabopol.com\/es\/aplicaciones\/cables-y-conductores\/automotriz-cable\/\">Cableado Automotriz<\/a><a class=\"tag\" href=\"https:\/\/staging.cabopol.com\/es\/nuestros-productos\/polyprime\/\">Polyprime<\/a><\/div>                            <div class=\"description\">T2 | T3 | JASO | CIVUS | Datos | Coaxial<\/div>\n                        <div class=\"btn ghost-gray small submit-interest-solution\">Enviar inter\u00e9s<\/div>\n        <\/div>\n    <\/div>\n<\/div>\n<div class=\"article solution-card \">\n    <div class=\"solution-inner-wrapper\">\n        <div class=\"img-wrapper\">\n                            <div class=\"fixed-ratio-img\">\n                    <img loading=\"lazy\" decoding=\"async\" width=\"640\" height=\"433\" src=\"https:\/\/staging.cabopol.com\/files\/uploads\/2026\/02\/Sofiplus-DATA.webp\" class=\"coverimg\" alt=\"Car seen from above\" sizes=\"auto, (min-width: 993px) 33vw, (min-width: 601px) 50vw, 100vw\" srcset=\"https:\/\/staging.cabopol.com\/files\/uploads\/2026\/02\/Sofiplus-DATA.webp 701w, https:\/\/staging.cabopol.com\/files\/uploads\/2026\/02\/Sofiplus-DATA-300x203.webp 300w\" \/>                <\/div>\n                    <\/div>\n        <div class=\"content-wrapper\">\n                        <h3 class=\"post-title\">Sofiplus DATA<\/h3>\n            <div class=\"tags-wrapper\"><a class=\"tag\" href=\"https:\/\/staging.cabopol.com\/es\/aplicaciones\/cables-y-conductores\/\">Cables y conductores<\/a><span class=\"tag\">PE<\/span><span class=\"tag\">PP<\/span><span class=\"tag\">XLPE<\/span><a class=\"tag\" href=\"https:\/\/staging.cabopol.com\/es\/aplicaciones\/cables-y-conductores\/automotriz-cable\/\">Cableado Automotriz<\/a><span class=\"tag\">Sofiplus<\/span><\/div>                            <div class=\"description\">Coaxial | Ethernet | Datos<\/div>\n                        <div class=\"btn ghost-gray small submit-interest-solution\">Enviar inter\u00e9s<\/div>\n        <\/div>\n    <\/div>\n<\/div>\n<div class=\"article solution-card \">\n    <div class=\"solution-inner-wrapper\">\n        <div class=\"img-wrapper\">\n                            <div class=\"fixed-ratio-img\">\n                    <img loading=\"lazy\" decoding=\"async\" width=\"640\" height=\"434\" src=\"https:\/\/staging.cabopol.com\/files\/uploads\/2026\/02\/Lacoflex-TEC.webp\" class=\"coverimg\" alt=\"Wires and Cables\" sizes=\"auto, (min-width: 993px) 33vw, (min-width: 601px) 50vw, 100vw\" srcset=\"https:\/\/staging.cabopol.com\/files\/uploads\/2026\/02\/Lacoflex-TEC.webp 701w, https:\/\/staging.cabopol.com\/files\/uploads\/2026\/02\/Lacoflex-TEC-300x203.webp 300w\" \/>                <\/div>\n                    <\/div>\n        <div class=\"content-wrapper\">\n                        <h3 class=\"post-title\">Lacoflex TEC<\/h3>\n            <div class=\"tags-wrapper\"><a class=\"tag\" href=\"https:\/\/staging.cabopol.com\/es\/aplicaciones\/cables-y-conductores\/\">Cables y conductores<\/a><span class=\"tag\">TPE-S<\/span><span class=\"tag\">TPU<\/span><a class=\"tag\" href=\"https:\/\/staging.cabopol.com\/es\/aplicaciones\/cables-y-conductores\/automotriz-cable\/\">Cableado Automotriz<\/a><span class=\"tag\">Lacoflex<\/span><\/div>                            <div class=\"description\">T3 | T4 | Coaxial | Ethernet | Datos | Carga EV<\/div>\n                        <div class=\"btn ghost-gray small submit-interest-solution\">Enviar inter\u00e9s<\/div>\n        <\/div>\n    <\/div>\n<\/div>\n<div class=\"article solution-card \">\n    <div class=\"solution-inner-wrapper\">\n        <div class=\"img-wrapper\">\n                            <div class=\"fixed-ratio-img\">\n                    <img loading=\"lazy\" decoding=\"async\" width=\"640\" height=\"434\" src=\"https:\/\/staging.cabopol.com\/files\/uploads\/2026\/02\/Sofiplus-AT.webp\" class=\"coverimg\" alt=\"A close shot of multiple wires\" sizes=\"auto, (min-width: 993px) 33vw, (min-width: 601px) 50vw, 100vw\" srcset=\"https:\/\/staging.cabopol.com\/files\/uploads\/2026\/02\/Sofiplus-AT.webp 701w, https:\/\/staging.cabopol.com\/files\/uploads\/2026\/02\/Sofiplus-AT-300x203.webp 300w\" \/>                <\/div>\n                    <\/div>\n        <div class=\"content-wrapper\">\n                        <h3 class=\"post-title\">Sofiplus AT<\/h3>\n            <div class=\"tags-wrapper\"><a class=\"tag\" href=\"https:\/\/staging.cabopol.com\/es\/aplicaciones\/cables-y-conductores\/\">Cables y conductores<\/a><span class=\"tag\">PP<\/span><span class=\"tag\">XLPO<\/span><a class=\"tag\" href=\"https:\/\/staging.cabopol.com\/es\/aplicaciones\/cables-y-conductores\/automotriz-cable\/\">Cableado Automotriz<\/a><span class=\"tag\">Sofiplus<\/span><\/div>                            <div class=\"description\">T3 | T4 | Carga EV<\/div>\n                        <div class=\"btn ghost-gray small submit-interest-solution\">Enviar inter\u00e9s<\/div>\n        <\/div>\n    <\/div>\n<\/div>            <\/div>\n        <\/div>\n                    <div class=\"container large\">\n                <a href=\"https:\/\/staging.cabopol.com\/es\/aplicaciones\/\" class=\"solutions-page-link arrow-link\"><span>Consultar nuestras Applicaciones<\/span><\/a>\n            <\/div>\n            <\/div>\n\n\n\n<div class=\"wp-block-kobu-custom-blocks-responsive-spacer responsive-spacer size-large\"><\/div>\n\n\n    <div class=\"taxonomy-slider-block alignfull container-wrapper\">\n        <div class=\"container large\">\n                            <h2>Otras Aplicaciones<\/h2>\n                    <\/div>\n        <div class=\"container full\">\n            <div class=\"taxonomy-slider\" data-width=\"large\">\n                \n    <div class=\"card sector slide \">\n        <div class=\"card-inner-wrapper\">\n                            <div class=\"featured-img\">\n                    <div class=\"featured-img-inner\">\n                        <img loading=\"lazy\" decoding=\"async\" width=\"640\" height=\"640\" src=\"https:\/\/staging.cabopol.com\/files\/uploads\/2026\/02\/Consumer-goods-Whitegoods-768x768.webp\" class=\"coverimg\" alt=\"Kitchenware\" sizes=\"auto, (min-width: 993px) 33vw, (min-width: 601px) 50vw, 100vw\" srcset=\"https:\/\/staging.cabopol.com\/files\/uploads\/2026\/02\/Consumer-goods-Whitegoods-768x768.webp 768w, https:\/\/staging.cabopol.com\/files\/uploads\/2026\/02\/Consumer-goods-Whitegoods-300x300.webp 300w, https:\/\/staging.cabopol.com\/files\/uploads\/2026\/02\/Consumer-goods-Whitegoods-1024x1024.webp 1024w, https:\/\/staging.cabopol.com\/files\/uploads\/2026\/02\/Consumer-goods-Whitegoods-150x150.webp 150w, https:\/\/staging.cabopol.com\/files\/uploads\/2026\/02\/Consumer-goods-Whitegoods.webp 1301w\" \/>                    <\/div>\n                <\/div>\n                        <div class=\"content-wrapper\">\n                <h3 class=\"post-title\">Bienes de Consumo y Cuidado Personal<\/h3>\n                                <a href=\"https:\/\/staging.cabopol.com\/es\/aplicaciones\/moldeo-por-inyeccion-y-extrusion\/bienes-de-consumo-y-cuidado-personal\/\" class=\"btn ghost-white arrow-btn\">Descubrir las Posibilidades<\/a>\n            <\/div>\n        <\/div>\n    <\/div>\n\n    <div class=\"card sector slide \">\n        <div class=\"card-inner-wrapper\">\n                            <div class=\"featured-img\">\n                    <div class=\"featured-img-inner\">\n                        <img loading=\"lazy\" decoding=\"async\" width=\"640\" height=\"640\" src=\"https:\/\/staging.cabopol.com\/files\/uploads\/2026\/02\/Power-Flexible-768x768.webp\" class=\"coverimg\" alt=\"White Cables\" sizes=\"auto, (min-width: 993px) 33vw, (min-width: 601px) 50vw, 100vw\" srcset=\"https:\/\/staging.cabopol.com\/files\/uploads\/2026\/02\/Power-Flexible-768x768.webp 768w, https:\/\/staging.cabopol.com\/files\/uploads\/2026\/02\/Power-Flexible-300x300.webp 300w, https:\/\/staging.cabopol.com\/files\/uploads\/2026\/02\/Power-Flexible-1024x1024.webp 1024w, https:\/\/staging.cabopol.com\/files\/uploads\/2026\/02\/Power-Flexible-150x150.webp 150w, https:\/\/staging.cabopol.com\/files\/uploads\/2026\/02\/Power-Flexible.webp 1301w\" \/>                    <\/div>\n                <\/div>\n                        <div class=\"content-wrapper\">\n                <h3 class=\"post-title\">Energ\u00eda<\/h3>\n                                <a href=\"https:\/\/staging.cabopol.com\/es\/aplicaciones\/cables-y-conductores\/energia\/\" class=\"btn ghost-white arrow-btn\">Descubrir las Posibilidades<\/a>\n            <\/div>\n        <\/div>\n    <\/div>\n\n    <div class=\"card sector slide \">\n        <div class=\"card-inner-wrapper\">\n                            <div class=\"featured-img\">\n                    <div class=\"featured-img-inner\">\n                        <img loading=\"lazy\" decoding=\"async\" width=\"640\" height=\"640\" src=\"https:\/\/staging.cabopol.com\/files\/uploads\/2026\/02\/Industry-Building-768x768.webp\" class=\"coverimg\" alt=\"Factory materials\" sizes=\"auto, (min-width: 993px) 33vw, (min-width: 601px) 50vw, 100vw\" srcset=\"https:\/\/staging.cabopol.com\/files\/uploads\/2026\/02\/Industry-Building-768x768.webp 768w, https:\/\/staging.cabopol.com\/files\/uploads\/2026\/02\/Industry-Building-300x300.webp 300w, https:\/\/staging.cabopol.com\/files\/uploads\/2026\/02\/Industry-Building-1024x1024.webp 1024w, https:\/\/staging.cabopol.com\/files\/uploads\/2026\/02\/Industry-Building-150x150.webp 150w, https:\/\/staging.cabopol.com\/files\/uploads\/2026\/02\/Industry-Building.webp 1301w\" \/>                    <\/div>\n                <\/div>\n                        <div class=\"content-wrapper\">\n                <h3 class=\"post-title\">Industria<\/h3>\n                                <a href=\"https:\/\/staging.cabopol.com\/es\/aplicaciones\/moldeo-por-inyeccion-y-extrusion\/industria\/\" class=\"btn ghost-white arrow-btn\">Descubrir las Posibilidades<\/a>\n            <\/div>\n        <\/div>\n    <\/div>\n\n    <div class=\"card sector slide \">\n        <div class=\"card-inner-wrapper\">\n                            <div class=\"featured-img\">\n                    <div class=\"featured-img-inner\">\n                        <img loading=\"lazy\" decoding=\"async\" width=\"640\" height=\"640\" src=\"https:\/\/staging.cabopol.com\/files\/uploads\/2026\/02\/Telecom-Data-768x768.webp\" class=\"coverimg\" alt=\"Telecom Data Wire\" sizes=\"auto, (min-width: 993px) 33vw, (min-width: 601px) 50vw, 100vw\" srcset=\"https:\/\/staging.cabopol.com\/files\/uploads\/2026\/02\/Telecom-Data-768x768.webp 768w, https:\/\/staging.cabopol.com\/files\/uploads\/2026\/02\/Telecom-Data-300x300.webp 300w, https:\/\/staging.cabopol.com\/files\/uploads\/2026\/02\/Telecom-Data-1024x1024.webp 1024w, https:\/\/staging.cabopol.com\/files\/uploads\/2026\/02\/Telecom-Data-150x150.webp 150w, https:\/\/staging.cabopol.com\/files\/uploads\/2026\/02\/Telecom-Data.webp 1301w\" \/>                    <\/div>\n                <\/div>\n                        <div class=\"content-wrapper\">\n                <h3 class=\"post-title\">Telecom<\/h3>\n                                <a href=\"https:\/\/staging.cabopol.com\/es\/aplicaciones\/cables-y-conductores\/telecom\/\" class=\"btn ghost-white arrow-btn\">Descubrir las Posibilidades<\/a>\n            <\/div>\n        <\/div>\n    <\/div>\n            <\/div>\n        <\/div>\n                    <div class=\"container large\">\n                <a href=\"https:\/\/staging.cabopol.com\/es\/aplicaciones\/\" class=\"taxonomy-page-link arrow-link\"><span>Consultar Nuestras Aplicaciones<\/span><\/a>\n            <\/div>\n            <\/div>\n","protected":false},"excerpt":{"rendered":"","protected":false},"author":1,"featured_media":4049,"parent":2616,"menu_order":7,"comment_status":"closed","ping_status":"closed","template":"templates\/application.php","meta":{"_acf_changed":false,"inline_featured_image":false,"footnotes":""},"class_list":["post-2649","page","type-page","status-publish","has-post-thumbnail","hentry"],"acf":[],"_links":{"self":[{"href":"https:\/\/staging.cabopol.com\/es\/wp-json\/wp\/v2\/pages\/2649","targetHints":{"allow":["GET"]}}],"collection":[{"href":"https:\/\/staging.cabopol.com\/es\/wp-json\/wp\/v2\/pages"}],"about":[{"href":"https:\/\/staging.cabopol.com\/es\/wp-json\/wp\/v2\/types\/page"}],"author":[{"embeddable":true,"href":"https:\/\/staging.cabopol.com\/es\/wp-json\/wp\/v2\/users\/1"}],"replies":[{"embeddable":true,"href":"https:\/\/staging.cabopol.com\/es\/wp-json\/wp\/v2\/comments?post=2649"}],"version-history":[{"count":6,"href":"https:\/\/staging.cabopol.com\/es\/wp-json\/wp\/v2\/pages\/2649\/revisions"}],"predecessor-version":[{"id":4596,"href":"https:\/\/staging.cabopol.com\/es\/wp-json\/wp\/v2\/pages\/2649\/revisions\/4596"}],"up":[{"embeddable":true,"href":"https:\/\/staging.cabopol.com\/es\/wp-json\/wp\/v2\/pages\/2616"}],"wp:featuredmedia":[{"embeddable":true,"href":"https:\/\/staging.cabopol.com\/es\/wp-json\/wp\/v2\/media\/4049"}],"wp:attachment":[{"href":"https:\/\/staging.cabopol.com\/es\/wp-json\/wp\/v2\/media?parent=2649"}],"curies":[{"name":"wp","href":"https:\/\/api.w.org\/{rel}","templated":true}]}}