{"id":2740,"date":"2025-07-28T18:05:02","date_gmt":"2025-07-28T18:05:02","guid":{"rendered":"https:\/\/staging.cabopol.com\/proyectos\/decarbonization-project-of-cabopol\/"},"modified":"2026-02-06T11:27:32","modified_gmt":"2026-02-06T11:27:32","slug":"proyecto-de-descarbonizacion-de-cabopol","status":"publish","type":"page","link":"https:\/\/staging.cabopol.com\/es\/proyectos\/proyecto-de-descarbonizacion-de-cabopol\/","title":{"rendered":"Proyecto de Descarbonizaci\u00f3n de Cabopol"},"content":{"rendered":"\n<p class=\"is-style-top-red-line\">El proyecto de descarbonizaci\u00f3n de Cabopol, que se llevar\u00e1 a cabo en Estrada da Calvaria, S. Jorge, Porto de M\u00f3s, tiene como objetivo principal lograr una reducci\u00f3n significativa de las emisiones de gases de efecto invernadero (GEI) y reforzar la independencia energ\u00e9tica.<br><br>Para ello, la empresa prev\u00e9 instalar una central fotovoltaica de 1,22 MWp para autoconsumo, optimizar el sistema de agua fr\u00eda mediante un nuevo enfriador (chiller) y un sistema de refrigeraci\u00f3n directa agua\/aire (dry cooler), as\u00ed como implementar un sistema de monitorizaci\u00f3n del consumo energ\u00e9tico. Las medidas previstas permitir\u00e1n una reducci\u00f3n del consumo energ\u00e9tico en torno al 30,4% y una disminuci\u00f3n equivalente en las emisiones de GEI.<br><br>Las inversiones se enmarcan en las tipolog\u00edas de \u201cProcesos y tecnolog\u00edas bajas en carbono en la industria\u201d, \u201cAdopci\u00f3n de medidas de eficiencia energ\u00e9tica en la industria\u201d y \u201cIncorporaci\u00f3n de energ\u00eda de fuentes renovables y almacenamiento de energ\u00eda\u201d, contribuyendo al 100% a los objetivos clim\u00e1ticos del aviso de concurso. La inversi\u00f3n se llevar\u00e1 a cabo entre julio de 2023 y junio de 2025, con impacto directo en el consumo y las emisiones contabilizado en 2025.<\/p>\n\n\n\n<div class=\"wp-block-kobu-custom-blocks-responsive-spacer responsive-spacer size-large\"><\/div>\n\n\n<noscript class=\"loading-lazy\">\n<figure class=\"wp-block-image size-full\"><img loading=\"lazy\" decoding=\"async\" width=\"1920\" height=\"1081\" src=\"https:\/\/staging.cabopol.com\/files\/uploads\/2026\/02\/Painel-F.webp\" alt=\"\" class=\"wp-image-3673\" srcset=\"https:\/\/staging.cabopol.com\/files\/uploads\/2026\/02\/Painel-F.webp 1920w, https:\/\/staging.cabopol.com\/files\/uploads\/2026\/02\/Painel-F-300x169.webp 300w, https:\/\/staging.cabopol.com\/files\/uploads\/2026\/02\/Painel-F-1024x577.webp 1024w, https:\/\/staging.cabopol.com\/files\/uploads\/2026\/02\/Painel-F-768x432.webp 768w, https:\/\/staging.cabopol.com\/files\/uploads\/2026\/02\/Painel-F-1536x865.webp 1536w\" sizes=\"auto, (max-width: 1920px) 100vw, 1920px\" \/><\/figure>\n<\/noscript>\n\n\n<div class=\"wp-block-kobu-custom-blocks-responsive-spacer responsive-spacer size-large\"><\/div>\n\n\n\n<h2 class=\"wp-block-heading\">Entidad beneficiaria<\/h2>\n\n\n\n<p>Cabopol &#8211; Polymer Compounds, S.A.<\/p>\n\n\n\n<div class=\"wp-block-kobu-custom-blocks-responsive-spacer responsive-spacer size-small\"><\/div>\n\n\n\n<h3 class=\"wp-block-heading\">Regi\u00f3n de intervenci\u00f3n<\/h3>\n\n\n\n<p>Regi\u00f3n central<\/p>\n\n\n\n<div class=\"wp-block-kobu-custom-blocks-responsive-spacer responsive-spacer size-small\"><\/div>\n\n\n\n<h3 class=\"wp-block-heading\">Fecha de inicio<\/h3>\n\n\n\n<p>01-07-2023<\/p>\n\n\n\n<div class=\"wp-block-kobu-custom-blocks-responsive-spacer responsive-spacer size-small\"><\/div>\n\n\n\n<h3 class=\"wp-block-heading\">Fecha de finalizaci\u00f3n<\/h3>\n\n\n\n<p>30-06-2025<\/p>\n\n\n\n<div class=\"wp-block-kobu-custom-blocks-responsive-spacer responsive-spacer size-small\"><\/div>\n\n\n\n<h3 class=\"wp-block-heading\">Inversi\u00f3n total<\/h3>\n\n\n\n<p>1.122.787,00\u20ac<\/p>\n\n\n\n<div class=\"wp-block-kobu-custom-blocks-responsive-spacer responsive-spacer size-small\"><\/div>\n\n\n\n<h3 class=\"wp-block-heading\">Apoyo financiero<\/h3>\n\n\n\n<p>635.270,85\u20ac<\/p>\n\n\n\n<div class=\"wp-block-kobu-custom-blocks-responsive-spacer responsive-spacer size-small\"><\/div>\n\n\n\n<h3 class=\"wp-block-heading\">Medida<\/h3>\n\n\n\n<p>Descarbonizaci\u00f3n de la Industria \u2013 C11<\/p>\n\n\n\n<div class=\"wp-block-kobu-custom-blocks-responsive-spacer responsive-spacer size-small\"><\/div>\n\n\n\n<h3 class=\"wp-block-heading\">DESCARGAR INFORMACI\u00d3N DEL PROYECTO<\/h3>\n\n\n\n<div class=\"wp-block-buttons is-layout-flex wp-block-buttons-is-layout-flex\">\n<div class=\"wp-block-button is-style-download-btn\"><a class=\"wp-block-button__link wp-element-button\" href=\"https:\/\/staging.cabopol.com\/files\/uploads\/2026\/02\/Projeto-de-Descarbonizacao-da-Cabopol.webp\" target=\"_blank\" rel=\"noreferrer noopener\">DESCARGAR PDF<\/a><\/div>\n<\/div>\n\n\n\n<div class=\"wp-block-kobu-custom-blocks-responsive-spacer responsive-spacer size-medium\"><\/div>\n\n\n\n<div class=\"wp-block-buttons is-layout-flex wp-block-buttons-is-layout-flex\">\n<div class=\"wp-block-button is-style-arrow-btn-underline\"><a class=\"wp-block-button__link wp-element-button\" href=\"https:\/\/staging.cabopol.com\/es\/proyectos\/\">M\u00c1S PROYECTOS<\/a><\/div>\n<\/div>\n\n\n\n<p><\/p>\n","protected":false},"excerpt":{"rendered":"<p>El proyecto de descarbonizaci\u00f3n de Cabopol, que se llevar\u00e1 a cabo en Estrada da Calvaria, S. Jorge, Porto de M\u00f3s, tiene como objetivo principal lograr [&hellip;]<\/p>\n","protected":false},"author":1,"featured_media":3673,"parent":2718,"menu_order":22,"comment_status":"closed","ping_status":"closed","template":"templates\/compete-2020-project.php","meta":{"_acf_changed":false,"inline_featured_image":false,"footnotes":""},"class_list":["post-2740","page","type-page","status-publish","has-post-thumbnail","hentry"],"acf":[],"_links":{"self":[{"href":"https:\/\/staging.cabopol.com\/es\/wp-json\/wp\/v2\/pages\/2740","targetHints":{"allow":["GET"]}}],"collection":[{"href":"https:\/\/staging.cabopol.com\/es\/wp-json\/wp\/v2\/pages"}],"about":[{"href":"https:\/\/staging.cabopol.com\/es\/wp-json\/wp\/v2\/types\/page"}],"author":[{"embeddable":true,"href":"https:\/\/staging.cabopol.com\/es\/wp-json\/wp\/v2\/users\/1"}],"replies":[{"embeddable":true,"href":"https:\/\/staging.cabopol.com\/es\/wp-json\/wp\/v2\/comments?post=2740"}],"version-history":[{"count":6,"href":"https:\/\/staging.cabopol.com\/es\/wp-json\/wp\/v2\/pages\/2740\/revisions"}],"predecessor-version":[{"id":4645,"href":"https:\/\/staging.cabopol.com\/es\/wp-json\/wp\/v2\/pages\/2740\/revisions\/4645"}],"up":[{"embeddable":true,"href":"https:\/\/staging.cabopol.com\/es\/wp-json\/wp\/v2\/pages\/2718"}],"wp:featuredmedia":[{"embeddable":true,"href":"https:\/\/staging.cabopol.com\/es\/wp-json\/wp\/v2\/media\/3673"}],"wp:attachment":[{"href":"https:\/\/staging.cabopol.com\/es\/wp-json\/wp\/v2\/media?parent=2740"}],"curies":[{"name":"wp","href":"https:\/\/api.w.org\/{rel}","templated":true}]}}