{"id":2827,"date":"2025-11-21T11:06:44","date_gmt":"2025-11-21T11:06:44","guid":{"rendered":"https:\/\/staging.cabopol.com\/proyectos\/s4plast\/"},"modified":"2026-02-06T11:33:51","modified_gmt":"2026-02-06T11:33:51","slug":"s4plast","status":"publish","type":"page","link":"https:\/\/staging.cabopol.com\/es\/proyectos\/s4plast\/","title":{"rendered":"S4PLAST"},"content":{"rendered":"\n<p>Proyecto movilizador enmarcado en la estrategia de eficiencia colectiva del cl\u00faster Engineering &amp; Tooling, que tiene como objetivo generar nuevo conocimiento que se traduzca en el desarrollo de productos sostenibles de base polim\u00e9rica con caracter\u00edsticas diferenciadoras para el mercado.<br><br>Se contemplan el dise\u00f1o para la circularidad, los materiales sostenibles y los sistemas de producci\u00f3n inteligentes, aut\u00f3nomos y precisos, en una perspectiva de producci\u00f3n sin defectos.<\/p>\n\n\n\n<div class=\"wp-block-kobu-custom-blocks-responsive-spacer responsive-spacer size-large\"><\/div>\n\n\n<noscript class=\"loading-lazy\">\n<figure class=\"wp-block-image size-full\"><img loading=\"lazy\" decoding=\"async\" width=\"1920\" height=\"1006\" src=\"https:\/\/staging.cabopol.com\/files\/uploads\/2026\/02\/S4PLAST.webp\" alt=\"\" class=\"wp-image-3678\" srcset=\"https:\/\/staging.cabopol.com\/files\/uploads\/2026\/02\/S4PLAST.webp 1920w, https:\/\/staging.cabopol.com\/files\/uploads\/2026\/02\/S4PLAST-300x157.webp 300w, https:\/\/staging.cabopol.com\/files\/uploads\/2026\/02\/S4PLAST-1024x537.webp 1024w, https:\/\/staging.cabopol.com\/files\/uploads\/2026\/02\/S4PLAST-768x402.webp 768w, https:\/\/staging.cabopol.com\/files\/uploads\/2026\/02\/S4PLAST-1536x805.webp 1536w\" sizes=\"auto, (max-width: 1920px) 100vw, 1920px\" \/><\/figure>\n<\/noscript>\n\n\n<div class=\"wp-block-kobu-custom-blocks-responsive-spacer responsive-spacer size-large\"><\/div>\n\n\n\n<h2 class=\"wp-block-heading\">Objetivos<\/h2>\n\n\n\n<ul class=\"wp-block-list\">\n<li>Desarrollo de metodolog\u00edas hol\u00edsticas de apoyo al dise\u00f1o y desarrollo de productos considerando todo el ciclo de vida<\/li>\n\n\n\n<li>Desarrollo de tecnolog\u00eda para producir piezas pl\u00e1sticas con acabados est\u00e9ticos de aspecto metalizado<\/li>\n\n\n\n<li>Desarrollo de componentes multifuncionales con reducci\u00f3n del n\u00famero de materiales<\/li>\n\n\n\n<li>Desarrollo de la valorizaci\u00f3n y reutilizaci\u00f3n de materiales resultantes de los procesos de transformaci\u00f3n de pl\u00e1sticos<\/li>\n\n\n\n<li>Desarrollo de dise\u00f1o de producto integrado y multifuncional.<\/li>\n<\/ul>\n\n\n\n<div class=\"wp-block-kobu-custom-blocks-responsive-spacer responsive-spacer size-small\"><\/div>\n\n\n\n<h3 class=\"wp-block-heading\">Acr\u00f3nimo y T\u00edtulo del Proyecto<\/h3>\n\n\n\n<p>S4PLAST \u2013 Soluciones Avanzadas de Pl\u00e1sticos Sostenibles<\/p>\n\n\n\n<div class=\"wp-block-kobu-custom-blocks-responsive-spacer responsive-spacer size-small\"><\/div>\n\n\n\n<h3 class=\"wp-block-heading\">N.\u00ba de proyecto<\/h3>\n\n\n\n<p>46089<\/p>\n\n\n\n<div class=\"wp-block-kobu-custom-blocks-responsive-spacer responsive-spacer size-small\"><\/div>\n\n\n\n<h3 class=\"wp-block-heading\">Medida<\/h3>\n\n\n\n<p>Programas Mobilizadores (SI IDT)<\/p>\n\n\n\n<div class=\"wp-block-kobu-custom-blocks-responsive-spacer responsive-spacer size-small\"><\/div>\n\n\n\n<h3 class=\"wp-block-heading\">Coste total elegible<\/h3>\n\n\n\n<p>4.755.388,44\u20ac<\/p>\n\n\n\n<div class=\"wp-block-kobu-custom-blocks-responsive-spacer responsive-spacer size-small\"><\/div>\n\n\n\n<h3 class=\"wp-block-heading\">Apoyo financiero<\/h3>\n\n\n\n<p>3.301.629,24\u20ac<\/p>\n\n\n\n<div class=\"wp-block-kobu-custom-blocks-responsive-spacer responsive-spacer size-small\"><\/div>\n\n\n\n<h3 class=\"wp-block-heading\">Periodo de ejecuci\u00f3n<\/h3>\n\n\n\n<p>01-07-2020 \/ 30-06-2023<\/p>\n\n\n\n<div class=\"wp-block-kobu-custom-blocks-responsive-spacer responsive-spacer size-small\"><\/div>\n\n\n\n<h3 class=\"wp-block-heading\">DESCARGAR INFORMACI\u00d3N DEL PROYECTO<\/h3>\n\n\n\n<div class=\"wp-block-buttons is-layout-flex wp-block-buttons-is-layout-flex\">\n<div class=\"wp-block-button is-style-download-btn\"><a class=\"wp-block-button__link wp-element-button\" href=\"https:\/\/staging.cabopol.com\/files\/uploads\/2025\/11\/Ficha-de-projeto-S4PLAST-scaled.png\" target=\"_blank\" rel=\"noreferrer noopener\">Descargar PDF<\/a><\/div>\n<\/div>\n\n\n\n<div class=\"wp-block-kobu-custom-blocks-responsive-spacer responsive-spacer size-small\"><\/div>\n\n\n\n<h3 class=\"wp-block-heading\">Conoce m\u00e1s sobre el proyecto<\/h3>\n\n\n\n<div class=\"wp-block-buttons is-layout-flex wp-block-buttons-is-layout-flex\">\n<div class=\"wp-block-button\"><a class=\"wp-block-button__link wp-element-button\" href=\"https:\/\/s4plast.toolingportugal.com\/\" target=\"_blank\" rel=\"noopener\">Visitar el sitio web del proyecto<\/a><\/div>\n<\/div>\n\n\n\n<div class=\"wp-block-kobu-custom-blocks-responsive-spacer responsive-spacer size-small\"><\/div>\n\n\n\n<div class=\"wp-block-buttons is-layout-flex wp-block-buttons-is-layout-flex\">\n<div class=\"wp-block-button is-style-arrow-btn-underline\"><a class=\"wp-block-button__link wp-element-button\" href=\"https:\/\/staging.cabopol.com\/es\/proyectos\/\">M\u00c1S PROYECTOS<\/a><\/div>\n<\/div>\n\n\n\n<p><\/p>\n","protected":false},"excerpt":{"rendered":"<p>Proyecto movilizador enmarcado en la estrategia de eficiencia colectiva del cl\u00faster Engineering &amp; Tooling, que tiene como objetivo generar nuevo conocimiento que se traduzca en [&hellip;]<\/p>\n","protected":false},"author":2,"featured_media":3681,"parent":2718,"menu_order":27,"comment_status":"closed","ping_status":"closed","template":"templates\/compete-2020-project.php","meta":{"_acf_changed":false,"inline_featured_image":false,"footnotes":""},"class_list":["post-2827","page","type-page","status-publish","has-post-thumbnail","hentry"],"acf":[],"_links":{"self":[{"href":"https:\/\/staging.cabopol.com\/es\/wp-json\/wp\/v2\/pages\/2827","targetHints":{"allow":["GET"]}}],"collection":[{"href":"https:\/\/staging.cabopol.com\/es\/wp-json\/wp\/v2\/pages"}],"about":[{"href":"https:\/\/staging.cabopol.com\/es\/wp-json\/wp\/v2\/types\/page"}],"author":[{"embeddable":true,"href":"https:\/\/staging.cabopol.com\/es\/wp-json\/wp\/v2\/users\/2"}],"replies":[{"embeddable":true,"href":"https:\/\/staging.cabopol.com\/es\/wp-json\/wp\/v2\/comments?post=2827"}],"version-history":[{"count":5,"href":"https:\/\/staging.cabopol.com\/es\/wp-json\/wp\/v2\/pages\/2827\/revisions"}],"predecessor-version":[{"id":4650,"href":"https:\/\/staging.cabopol.com\/es\/wp-json\/wp\/v2\/pages\/2827\/revisions\/4650"}],"up":[{"embeddable":true,"href":"https:\/\/staging.cabopol.com\/es\/wp-json\/wp\/v2\/pages\/2718"}],"wp:featuredmedia":[{"embeddable":true,"href":"https:\/\/staging.cabopol.com\/es\/wp-json\/wp\/v2\/media\/3681"}],"wp:attachment":[{"href":"https:\/\/staging.cabopol.com\/es\/wp-json\/wp\/v2\/media?parent=2827"}],"curies":[{"name":"wp","href":"https:\/\/api.w.org\/{rel}","templated":true}]}}