{"id":89,"date":"2025-06-05T16:25:46","date_gmt":"2025-06-05T16:25:46","guid":{"rendered":"https:\/\/staging.cabopol.com\/homepage\/"},"modified":"2026-03-05T18:33:01","modified_gmt":"2026-03-05T18:33:01","slug":"reengineering-the-future-of-polymers","status":"publish","type":"page","link":"https:\/\/staging.cabopol.com\/es\/","title":{"rendered":"REENGINEERING THE FUTURE OF POLYMERS"},"content":{"rendered":"\n\n\n<div class=\"wp-block-kobu-custom-blocks-inner-content-video media-content-group child-item align-left valign-start img-last alignmediumwide\"><div class=\"content-col\"><div class=\"content-col-wrapper\">\n<div class=\"wp-block-kobu-custom-blocks-responsive-spacer responsive-spacer size-small\"><\/div>\n\n\n\n<h2 class=\"wp-block-heading\"><strong><strong>M\u00e1s de 60 a\u00f1os ofreciendo pol\u00edmeros desde Portugal al mundo<\/strong><\/strong><\/h2>\n\n\n\n<p>Empresa familiar con presencia global, Cabopol ofrece soluciones de pol\u00edmeros de alto rendimiento para industrias de todo el mundo. D\u00e9cadas de experiencia, innovaci\u00f3n pr\u00e1ctica y una estrecha colaboraci\u00f3n con los clientes garantizan materiales fiables, personalizados y preparados para el futuro que potencian tu negocio.<\/p>\n\n\n\n<div class=\"wp-block-kobu-custom-blocks-responsive-spacer responsive-spacer size-medium\"><\/div>\n<\/div><\/div><div class=\"media-col\"><figure class=\"kb-video media-wrapper pageload-video\" data-settings=\"{&quot;webm&quot;:&quot;&quot;,&quot;mp4&quot;:&quot;https:\/\/staging.cabopol.com\/files\/uploads\/2026\/03\/Branco.mp4&quot;,&quot;ogg&quot;:&quot;&quot;,&quot;track&quot;:&quot;&quot;,&quot;trackKind&quot;:&quot;subtitles&quot;,&quot;trackSrclang&quot;:&quot;en&quot;,&quot;autoplay&quot;:true,&quot;loop&quot;:true,&quot;muted&quot;:true,&quot;controls&quot;:false,&quot;preload&quot;:&quot;metadata&quot;}\"><noscript><video autoplay loop muted preload=\"metadata\" poster=\"\"><source src=\"https:\/\/staging.cabopol.com\/files\/uploads\/2026\/03\/Branco.mp4\" type=\"video\/mp4\"\/><\/video><\/noscript><\/figure><\/div><\/div>\n\n\n\n<div class=\"wp-block-kobu-custom-blocks-responsive-spacer responsive-spacer size-large\"><\/div>\n\n\n    <div class=\"homepage-cards-highlights-block alignfull has-primary-background-color\">\n        <div class=\"video-wrapper\">\n            <figure class=\"kb-video media-wrapper pageload-video\" data-settings=\"{&quot;webm&quot;:&quot;&quot;,&quot;mp4&quot;:&quot;https:\\\/\\\/staging.cabopol.com\\\/files\\\/uploads\\\/2025\\\/08\\\/Cabopol_Normal.mp4&quot;,&quot;ogg&quot;:&quot;&quot;,&quot;track&quot;:&quot;&quot;,&quot;trackKind&quot;:&quot;&quot;,&quot;trackSrclang&quot;:&quot;&quot;,&quot;autoplay&quot;:true,&quot;loop&quot;:true,&quot;muted&quot;:true,&quot;controls&quot;:false,&quot;preload&quot;:&quot;metadata&quot;}\"><noscript><video playsinline  autoplay muted loop><source src=\"https:\/\/staging.cabopol.com\/files\/uploads\/2025\/08\/Cabopol_Normal.mp4\" type=\"video\/mp4\" \/><\/video><\/noscript><\/figure>        <\/div>\n        <div class=\"content-wrapper\">\n                            <h3 class=\"wp-block-heading alignwide has-large-2-font-size\">Aplicaciones<\/h3>\n                                        <p class=\"alignwide has-text-align-wide\">Nuestros equipos de ingenieros colaboran estrechamente con clientes de todo el mundo, desarrollando soluciones innovadoras que son m\u00e1s resistentes, seguras, ligeras y duraderas. Juntos impulsamos la innovaci\u00f3n para construir el futuro. En Cabopol, superamos constantemente los l\u00edmites para ofrecer soluciones m\u00e1s inteligentes y sostenibles a los desaf\u00edos del ma\u00f1ana.<\/p>\n                        <div class=\"homepage-cards-highlights\">\n                                    <div class=\"card sector\">\n                        <div class=\"card-inner-wrapper\">\n                                                            <div class=\"featured-img\">\n                                    <div class=\"featured-img-inner\">\n                                        <img loading=\"lazy\" decoding=\"async\" width=\"640\" height=\"353\" src=\"https:\/\/staging.cabopol.com\/files\/uploads\/2026\/02\/Wire-and-Cable-768x424.webp\" class=\"coverimg\" alt=\"Wires and Cables\" sizes=\"auto, (min-width: 993px) 33vw, (min-width: 601px) 50vw, 100vw\" srcset=\"https:\/\/staging.cabopol.com\/files\/uploads\/2026\/02\/Wire-and-Cable-768x424.webp 768w, https:\/\/staging.cabopol.com\/files\/uploads\/2026\/02\/Wire-and-Cable-300x166.webp 300w, https:\/\/staging.cabopol.com\/files\/uploads\/2026\/02\/Wire-and-Cable.webp 901w\" \/>                                    <\/div>\n                                <\/div>\n                                                        <div class=\"content-wrapper\">\n                                                                    <h3 class=\"post-title\">Cables y conductores<\/h3>\n                                                                                                    <div class=\"description\">Compuestos fiables y homologados, desarrollados para aplicaciones exigentes de cables de automoci\u00f3n, energ\u00eda y telecomunicaciones.<\/div>\n                                                                                                    <a href=\"https:\/\/staging.cabopol.com\/es\/aplicaciones\/cables-y-conductores\/\" class=\"btn ghost-white arrow-btn\"><span>Descubrir m\u00e1s<\/span><\/a>\n                                                            <\/div>\n                        <\/div>\n                    <\/div>\n                                    <div class=\"card sector\">\n                        <div class=\"card-inner-wrapper\">\n                                                            <div class=\"featured-img\">\n                                    <div class=\"featured-img-inner\">\n                                        <img loading=\"lazy\" decoding=\"async\" width=\"640\" height=\"353\" src=\"https:\/\/staging.cabopol.com\/files\/uploads\/2026\/02\/Injection-and-Extrusion-Moulding-768x424.webp\" class=\"coverimg\" alt=\"Car being charged\" sizes=\"auto, (min-width: 993px) 33vw, (min-width: 601px) 50vw, 100vw\" srcset=\"https:\/\/staging.cabopol.com\/files\/uploads\/2026\/02\/Injection-and-Extrusion-Moulding-768x424.webp 768w, https:\/\/staging.cabopol.com\/files\/uploads\/2026\/02\/Injection-and-Extrusion-Moulding-300x166.webp 300w, https:\/\/staging.cabopol.com\/files\/uploads\/2026\/02\/Injection-and-Extrusion-Moulding.webp 901w\" \/>                                    <\/div>\n                                <\/div>\n                                                        <div class=\"content-wrapper\">\n                                                                    <h3 class=\"post-title\">Moldeo por inyecci\u00f3n y extrusi\u00f3n<\/h3>\n                                                                                                    <div class=\"description\">Materiales vers\u00e1tiles y de alto rendimiento para piezas de automoci\u00f3n, componentes industriales, bienes de consumo y productos de cuidado personal.<\/div>\n                                                                                                    <a href=\"https:\/\/staging.cabopol.com\/es\/aplicaciones\/moldeo-por-inyeccion-y-extrusion\/\" class=\"btn ghost-white arrow-btn\"><span>Descubrir m\u00e1s<\/span><\/a>\n                                                            <\/div>\n                        <\/div>\n                    <\/div>\n                                    <div class=\"card sector\">\n                        <div class=\"card-inner-wrapper\">\n                                                            <div class=\"featured-img\">\n                                    <div class=\"featured-img-inner\">\n                                        <img loading=\"lazy\" decoding=\"async\" width=\"640\" height=\"353\" src=\"https:\/\/staging.cabopol.com\/files\/uploads\/2026\/02\/Footwear-768x424.webp\" class=\"coverimg\" alt=\"\" sizes=\"auto, (min-width: 993px) 33vw, (min-width: 601px) 50vw, 100vw\" srcset=\"https:\/\/staging.cabopol.com\/files\/uploads\/2026\/02\/Footwear-768x424.webp 768w, https:\/\/staging.cabopol.com\/files\/uploads\/2026\/02\/Footwear-300x165.webp 300w, https:\/\/staging.cabopol.com\/files\/uploads\/2026\/02\/Footwear.webp 901w\" \/>                                    <\/div>\n                                <\/div>\n                                                        <div class=\"content-wrapper\">\n                                                                    <h3 class=\"post-title\">Calzado<\/h3>\n                                                                                                    <div class=\"description\">Formulaciones resistentes con excelente estabilidad del color para suelas, inyecci\u00f3n completa y botas t\u00e9cnicas duraderas.<\/div>\n                                                                                                    <a href=\"https:\/\/staging.cabopol.com\/es\/aplicaciones\/calzado\/\" class=\"btn ghost-white arrow-btn\"><span>Descubrir m\u00e1s<\/span><\/a>\n                                                            <\/div>\n                        <\/div>\n                    <\/div>\n                            <\/div>\n        <\/div>\n    <\/div>\n\n\n\n<div class=\"wp-block-kobu-custom-blocks-section-wrapper alignfull kobu-section has-background has-lightergray-background-color has-background-img\"><div class=\"bg-img\"><img loading=\"lazy\" decoding=\"async\" width=\"1600\" height=\"1067\" class=\"coverimg wp-image-195\" src=\"https:\/\/staging.cabopol.com\/files\/uploads\/2025\/07\/2a42a09439b30e8c8869e435ce27aa36c03c9f56.jpg\" alt=\"\" sizes=\"auto, 100vw\" style=\"object-position:center\" srcset=\"https:\/\/staging.cabopol.com\/files\/uploads\/2025\/07\/2a42a09439b30e8c8869e435ce27aa36c03c9f56.jpg 1600w, https:\/\/staging.cabopol.com\/files\/uploads\/2025\/07\/2a42a09439b30e8c8869e435ce27aa36c03c9f56-300x200.jpg 300w, https:\/\/staging.cabopol.com\/files\/uploads\/2025\/07\/2a42a09439b30e8c8869e435ce27aa36c03c9f56-1024x683.jpg 1024w, https:\/\/staging.cabopol.com\/files\/uploads\/2025\/07\/2a42a09439b30e8c8869e435ce27aa36c03c9f56-768x512.jpg 768w, https:\/\/staging.cabopol.com\/files\/uploads\/2025\/07\/2a42a09439b30e8c8869e435ce27aa36c03c9f56-1536x1024.jpg 1536w\" \/><\/div><div class=\"color-overlay has-lightergray-background-color\" style=\"opacity:0.8\"><\/div>\n<div class=\"wp-block-kobu-custom-blocks-responsive-spacer responsive-spacer size-large\"><\/div>\n\n\n\n<h3 class=\"wp-block-heading alignwide has-large-2-font-size\">NUESTROS PRODUCTOS<\/h3>\n\n\n\n<p class=\"alignwide has-text-align-wide\"><br>Las marcas de Cabopol proporcionan soluciones polim\u00e9ricas vers\u00e1tiles, aplicables en m\u00faltiples industrias, desde cables y alambres hasta calzado, moldeo por inyecci\u00f3n y extrusi\u00f3n, y packaging. Cada marca se basa en un material espec\u00edfico, ofreciendo rendimiento y fiabilidad adaptados a una amplia gama de aplicaciones. Descubra nuestras marcas para conocer las soluciones innovadoras que aportan a su negocio.<\/p>\n\n\n\n<div class=\"wp-block-kobu-custom-blocks-responsive-spacer responsive-spacer size-medium\"><\/div>\n\n\n    <div class=\"cards-highlights-block alignwide\">\n        <div class=\"cards-highlights\">\n                            <div class=\"card highlight\">\n                    <div class=\"img-wrapper\">\n                        <div class=\"img-inner-wrapper\">\n                            <img loading=\"lazy\" decoding=\"async\" width=\"640\" height=\"876\" src=\"https:\/\/staging.cabopol.com\/files\/uploads\/2026\/02\/Lacoflex.webp\" class=\"coverimg\" alt=\"Factory operations\" sizes=\"auto, (min-width: 993px) 33vw, (min-width: 601px) 50vw, 100vw\" srcset=\"https:\/\/staging.cabopol.com\/files\/uploads\/2026\/02\/Lacoflex.webp 731w, https:\/\/staging.cabopol.com\/files\/uploads\/2026\/02\/Lacoflex-219x300.webp 219w\" \/>                        <\/div>\n                    <\/div>\n                    <div class=\"content-wrapper\">\n                        <div class=\"content-inner-wrapper\">\n                                                            <h3>Lacoflex TPE | TPU | TPO<\/h3>\n                                                                                        <div class=\"description\">Compuestos vers\u00e1tiles para cables y alambres, componentes industriales, bienes de consumo, productos de cuidado personal, packaging y calzado. Disponibles en versiones con contenido reciclado y biobasado.<\/div>\n                            \n                                                            <a href=\"https:\/\/staging.cabopol.com\/es\/nuestros-productos\/lacoflex\/\" class=\"btn ghost-white arrow-btn\"><span>Ver m\u00e1s<\/span><\/a>\n                                                    <\/div>\n                    <\/div>\n                <\/div>\n                            <div class=\"card highlight\">\n                    <div class=\"img-wrapper\">\n                        <div class=\"img-inner-wrapper\">\n                            <img loading=\"lazy\" decoding=\"async\" width=\"640\" height=\"876\" src=\"https:\/\/staging.cabopol.com\/files\/uploads\/2026\/02\/Sofiplus.webp\" class=\"coverimg\" alt=\"Wires and Cables\" sizes=\"auto, (min-width: 993px) 33vw, (min-width: 601px) 50vw, 100vw\" srcset=\"https:\/\/staging.cabopol.com\/files\/uploads\/2026\/02\/Sofiplus.webp 731w, https:\/\/staging.cabopol.com\/files\/uploads\/2026\/02\/Sofiplus-219x300.webp 219w\" \/>                        <\/div>\n                    <\/div>\n                    <div class=\"content-wrapper\">\n                        <div class=\"content-inner-wrapper\">\n                                                            <h3>Sofiplus PP | XLPO | XLPE | HF | LSZH<\/h3>\n                                                                                        <div class=\"description\">Soluciones avanzadas para cables y alambres en aplicaciones de automoci\u00f3n, energ\u00eda y telecomunicaciones, con opciones adaptadas a exigentes normas de seguridad y rendimiento.<\/div>\n                            \n                                                            <a href=\"https:\/\/staging.cabopol.com\/es\/nuestros-productos\/sofiplus\/\" class=\"btn ghost-white arrow-btn\"><span>Ver m\u00e1s<\/span><\/a>\n                                                    <\/div>\n                    <\/div>\n                <\/div>\n                            <div class=\"card highlight\">\n                    <div class=\"img-wrapper\">\n                        <div class=\"img-inner-wrapper\">\n                            <img loading=\"lazy\" decoding=\"async\" width=\"640\" height=\"876\" src=\"https:\/\/staging.cabopol.com\/files\/uploads\/2026\/02\/Sofiprime.webp\" class=\"coverimg\" alt=\"Car interior details\" sizes=\"auto, (min-width: 993px) 33vw, (min-width: 601px) 50vw, 100vw\" srcset=\"https:\/\/staging.cabopol.com\/files\/uploads\/2026\/02\/Sofiprime.webp 731w, https:\/\/staging.cabopol.com\/files\/uploads\/2026\/02\/Sofiprime-219x300.webp 219w\" \/>                        <\/div>\n                    <\/div>\n                    <div class=\"content-wrapper\">\n                        <div class=\"content-inner-wrapper\">\n                                                            <h3>Sofiprime PP | PE<\/h3>\n                                                                                        <div class=\"description\">Compuestos eficientes y procesables para aplicaciones de automoci\u00f3n, piezas industriales, bienes de consumo, productos de cuidado personal y packaging. Dise\u00f1ados para un rendimiento constante, incluyendo opciones con contenido reciclado.<\/div>\n                            \n                                                            <a href=\"https:\/\/staging.cabopol.com\/es\/nuestros-productos\/sofiprime\/\" class=\"btn ghost-white arrow-btn\"><span>Ver m\u00e1s<\/span><\/a>\n                                                    <\/div>\n                    <\/div>\n                <\/div>\n                            <div class=\"card highlight\">\n                    <div class=\"img-wrapper\">\n                        <div class=\"img-inner-wrapper\">\n                            <img loading=\"lazy\" decoding=\"async\" width=\"640\" height=\"876\" src=\"https:\/\/staging.cabopol.com\/files\/uploads\/2026\/02\/Polyprime.webp\" class=\"coverimg\" alt=\"\" sizes=\"auto, (min-width: 993px) 33vw, (min-width: 601px) 50vw, 100vw\" srcset=\"https:\/\/staging.cabopol.com\/files\/uploads\/2026\/02\/Polyprime.webp 731w, https:\/\/staging.cabopol.com\/files\/uploads\/2026\/02\/Polyprime-219x300.webp 219w\" \/>                        <\/div>\n                    <\/div>\n                    <div class=\"content-wrapper\">\n                        <div class=\"content-inner-wrapper\">\n                                                            <h3>Polyprime PVC<\/h3>\n                                                                                        <div class=\"description\">Compuestos a base de PVC fiables para cables y alambres (automoci\u00f3n, energ\u00eda, telecomunicaciones), componentes industriales, bienes de consumo, productos de cuidado personal y calzado. Disponibles en versiones con contenido reciclado.<\/div>\n                            \n                                                            <a href=\"https:\/\/staging.cabopol.com\/es\/nuestros-productos\/polyprime\/\" class=\"btn ghost-white arrow-btn\"><span>Ver m\u00e1s<\/span><\/a>\n                                                    <\/div>\n                    <\/div>\n                <\/div>\n                            <div class=\"card highlight\">\n                    <div class=\"img-wrapper\">\n                        <div class=\"img-inner-wrapper\">\n                            <img loading=\"lazy\" decoding=\"async\" width=\"640\" height=\"876\" src=\"https:\/\/staging.cabopol.com\/files\/uploads\/2026\/02\/Polyamis.webp\" class=\"coverimg\" alt=\"Car being charged\" sizes=\"auto, (min-width: 993px) 33vw, (min-width: 601px) 50vw, 100vw\" srcset=\"https:\/\/staging.cabopol.com\/files\/uploads\/2026\/02\/Polyamis.webp 731w, https:\/\/staging.cabopol.com\/files\/uploads\/2026\/02\/Polyamis-219x300.webp 219w\" \/>                        <\/div>\n                    <\/div>\n                    <div class=\"content-wrapper\">\n                        <div class=\"content-inner-wrapper\">\n                                                            <h3>Polyamis PA6 | PA6.6<\/h3>\n                                                                                        <div class=\"description\">Compuestos de poliamida de alto rendimiento para aplicaciones de automoci\u00f3n, industriales y bienes de consumo. Tambi\u00e9n disponibles con opciones de contenido reciclado.<\/div>\n                            \n                                                            <a href=\"https:\/\/staging.cabopol.com\/es\/nuestros-productos\/polyamis\/\" class=\"btn ghost-white arrow-btn\"><span>Ver m\u00e1s<\/span><\/a>\n                                                    <\/div>\n                    <\/div>\n                <\/div>\n                            <div class=\"card highlight\">\n                    <div class=\"img-wrapper\">\n                        <div class=\"img-inner-wrapper\">\n                            <img loading=\"lazy\" decoding=\"async\" width=\"640\" height=\"876\" src=\"https:\/\/staging.cabopol.com\/files\/uploads\/2026\/02\/Sustainable-solutions.webp\" class=\"coverimg\" alt=\"A child and a dog enjoying running on a grass field, reflecting a sustainable ecosystem\" sizes=\"auto, (min-width: 993px) 33vw, (min-width: 601px) 50vw, 100vw\" srcset=\"https:\/\/staging.cabopol.com\/files\/uploads\/2026\/02\/Sustainable-solutions.webp 731w, https:\/\/staging.cabopol.com\/files\/uploads\/2026\/02\/Sustainable-solutions-219x300.webp 219w\" \/>                        <\/div>\n                    <\/div>\n                    <div class=\"content-wrapper\">\n                        <div class=\"content-inner-wrapper\">\n                                                            <h3>Soluciones Sostenibles<\/h3>\n                                                                                        <div class=\"description\">Compuestos reciclados y de base biol\u00f3gica que reducen los residuos, apoyan la econom\u00eda circular y ofrecen materiales de alto rendimiento para la fabricaci\u00f3n moderna.<\/div>\n                            \n                                                            <a href=\"https:\/\/staging.cabopol.com\/es\/estrategia-de-sostenibilidad\/\" class=\"btn ghost-white arrow-btn\"><span>Ver m\u00e1s<\/span><\/a>\n                                                    <\/div>\n                    <\/div>\n                <\/div>\n                    <\/div>\n                    <div class=\"container large\">\n                <a href=\"https:\/\/staging.cabopol.com\/es\/aplicaciones\/\" class=\"taxonomy-page-link arrow-link\"><span>Descubre Nuestras Soluciones<\/span><\/a>\n            <\/div>\n            <\/div>\n\n\n\n<div class=\"wp-block-kobu-custom-blocks-responsive-spacer responsive-spacer size-large\"><\/div>\n<\/div>\n\n\n\n<p><\/p>\n","protected":false},"excerpt":{"rendered":"","protected":false},"author":1,"featured_media":3467,"parent":0,"menu_order":0,"comment_status":"closed","ping_status":"closed","template":"templates\/homepage.php","meta":{"_acf_changed":false,"inline_featured_image":false,"footnotes":""},"class_list":["post-89","page","type-page","status-publish","has-post-thumbnail","hentry"],"acf":[],"_links":{"self":[{"href":"https:\/\/staging.cabopol.com\/es\/wp-json\/wp\/v2\/pages\/89","targetHints":{"allow":["GET"]}}],"collection":[{"href":"https:\/\/staging.cabopol.com\/es\/wp-json\/wp\/v2\/pages"}],"about":[{"href":"https:\/\/staging.cabopol.com\/es\/wp-json\/wp\/v2\/types\/page"}],"author":[{"embeddable":true,"href":"https:\/\/staging.cabopol.com\/es\/wp-json\/wp\/v2\/users\/1"}],"replies":[{"embeddable":true,"href":"https:\/\/staging.cabopol.com\/es\/wp-json\/wp\/v2\/comments?post=89"}],"version-history":[{"count":33,"href":"https:\/\/staging.cabopol.com\/es\/wp-json\/wp\/v2\/pages\/89\/revisions"}],"predecessor-version":[{"id":5534,"href":"https:\/\/staging.cabopol.com\/es\/wp-json\/wp\/v2\/pages\/89\/revisions\/5534"}],"wp:featuredmedia":[{"embeddable":true,"href":"https:\/\/staging.cabopol.com\/es\/wp-json\/wp\/v2\/media\/3467"}],"wp:attachment":[{"href":"https:\/\/staging.cabopol.com\/es\/wp-json\/wp\/v2\/media?parent=89"}],"curies":[{"name":"wp","href":"https:\/\/api.w.org\/{rel}","templated":true}]}}