{"id":2516,"date":"2025-07-02T14:05:10","date_gmt":"2025-07-02T14:05:10","guid":{"rendered":"https:\/\/staging.cabopol.com\/contactez-nous\/footwear\/"},"modified":"2026-02-05T15:15:09","modified_gmt":"2026-02-05T15:15:09","slug":"chaussure","status":"publish","type":"page","link":"https:\/\/staging.cabopol.com\/fr\/applications\/chaussure\/","title":{"rendered":"Chaussure"},"content":{"rendered":"\n<div class=\"wp-block-kobu-custom-blocks-inner-content-img alignwide media-content-group child-item align-right valign-start img-first\"><div class=\"media-col\"><figure><img loading=\"lazy\" decoding=\"async\" width=\"1301\" height=\"1301\" class=\"wp-image-4007\" src=\"https:\/\/staging.cabopol.com\/files\/uploads\/2026\/02\/Footwear-Shoe-Sole-Injection.webp\" alt=\"\" title=\"Footwear Shoe Sole Injection\" sizes=\"auto, (min-width: 1201px) 35vw, (min-width: 601px) 50vw, 100vw\" srcset=\"https:\/\/staging.cabopol.com\/files\/uploads\/2026\/02\/Footwear-Shoe-Sole-Injection.webp 1301w, https:\/\/staging.cabopol.com\/files\/uploads\/2026\/02\/Footwear-Shoe-Sole-Injection-300x300.webp 300w, https:\/\/staging.cabopol.com\/files\/uploads\/2026\/02\/Footwear-Shoe-Sole-Injection-1024x1024.webp 1024w, https:\/\/staging.cabopol.com\/files\/uploads\/2026\/02\/Footwear-Shoe-Sole-Injection-150x150.webp 150w, https:\/\/staging.cabopol.com\/files\/uploads\/2026\/02\/Footwear-Shoe-Sole-Injection-768x768.webp 768w\" \/><\/figure><\/div><div class=\"content-col\"><div class=\"content-col-wrapper\">\n<h2 class=\"wp-block-heading\">Injection de Semelles de Chaussure<\/h2>\n\n\n\n<p>Les compos\u00e9s thermoplastiques Polyprime\u00ae PVC et Lacoflex\u00ae SBS sont parfaits pour le moulage par injection de semelles de chaussures, tant pour les mod\u00e8les de ville que de s\u00e9curit\u00e9.<\/p>\n\n\n\n<p>Ces mat\u00e9riaux associent r\u00e9sistance \u00e0 l\u2019abrasion, r\u00e9sistance aux huiles et formulations sans phtalates avec des couleurs stables. Disponibles en finitions mate, cristal et opaque, ils offrent un flux constant et une fiabilit\u00e9 de transformation, assurant une production efficace et des performances durables.<\/p>\n<\/div><\/div><\/div>\n\n\n\n<div class=\"wp-block-kobu-custom-blocks-responsive-spacer responsive-spacer size-large\"><\/div>\n\n\n\n<div class=\"wp-block-kobu-custom-blocks-inner-content-img alignwide media-content-group child-item align-left valign-start img-first\"><div class=\"media-col\"><figure><img decoding=\"async\" class=\"wp-image-1711\" src=\"https:\/\/staging.cabopol.com\/files\/uploads\/2025\/11\/Polyprime-Footwear.webp\" alt=\"\" title=\"Polyprime Footwear\" sizes=\"(min-width: 1201px) 35vw, (min-width: 601px) 50vw, 100vw\"\/><\/figure><\/div><div class=\"content-col\"><div class=\"content-col-wrapper\">\n<h2 class=\"wp-block-heading\">Injection de Chaussures et Bottes<\/h2>\n\n\n\n<p>Les compos\u00e9s Lacoflex\u00ae SEBS et Polyprime\u00ae PVC offrent les caract\u00e9ristiques m\u00e9caniques et esth\u00e9tiques requises pour le moulage par injection de chaussures et bottes compl\u00e8tes.<\/p>\n\n\n\n<p>Les solutions SEBS assurent \u00e9lasticit\u00e9, r\u00e9sistance aux chocs et contr\u00f4le dimensionnel, les rendant adapt\u00e9es aux chaussures m\u00e9dicales, aux palmes et \u00e0 l\u2019\u00e9quitation.<\/p>\n\n\n\n<p>Les grades PVC permettent le moulage complet du chaussant avec stabilit\u00e9 des couleurs, r\u00e9sistance aux huiles et options durables gr\u00e2ce \u00e0 des formulations contenant des mat\u00e9riaux recycl\u00e9s.<\/p>\n<\/div><\/div><\/div>\n\n\n\n<div class=\"wp-block-kobu-custom-blocks-responsive-spacer responsive-spacer size-large\"><\/div>\n\n\n    <div class=\"solutions-slider-block alignfull container-wrapper\">\n        <div class=\"container large\">\n                            <h2>APPLICATIONS<\/h2>\n                    <\/div>\n        <div class=\"container full\">\n            <div class=\"solutions-slider\" data-width=\"large\" data-gap=\"large\">\n                \n<div class=\"article solution-card \">\n    <div class=\"solution-inner-wrapper\">\n        <div class=\"img-wrapper\">\n                            <div class=\"fixed-ratio-img\">\n                    <img loading=\"lazy\" decoding=\"async\" width=\"640\" height=\"433\" src=\"https:\/\/staging.cabopol.com\/files\/uploads\/2026\/02\/R-Lacoflex.webp\" class=\"coverimg\" alt=\"Footwear\" sizes=\"auto, (min-width: 993px) 33vw, (min-width: 601px) 50vw, 100vw\" srcset=\"https:\/\/staging.cabopol.com\/files\/uploads\/2026\/02\/R-Lacoflex.webp 701w, https:\/\/staging.cabopol.com\/files\/uploads\/2026\/02\/R-Lacoflex-300x203.webp 300w\" \/>                <\/div>\n                    <\/div>\n        <div class=\"content-wrapper\">\n                            <div class=\"features\">\n                                            <div class=\"feature\"> Recycl\u00e9<\/div>\n                                    <\/div>\n                        <h3 class=\"post-title\">R-Lacoflex<\/h3>\n            <div class=\"tags-wrapper\"><a class=\"tag\" href=\"https:\/\/staging.cabopol.com\/fr\/applications\/chaussure\/\">Chaussure<\/a><span class=\"tag\">TPE-S<\/span><a class=\"tag\" href=\"https:\/\/staging.cabopol.com\/fr\/strategie-de-durabilite\/compounds-recycles\/\">R-Lacoflex<\/a><\/div>                            <div class=\"description\">Solutions durables avec contenu recycl\u00e9<\/div>\n                        <div class=\"btn ghost-gray small submit-interest-solution\">Soumettre un int\u00e9r\u00eat<\/div>\n        <\/div>\n    <\/div>\n<\/div>\n<div class=\"article solution-card \">\n    <div class=\"solution-inner-wrapper\">\n        <div class=\"img-wrapper\">\n                            <div class=\"fixed-ratio-img\">\n                    <img loading=\"lazy\" decoding=\"async\" width=\"640\" height=\"434\" src=\"https:\/\/staging.cabopol.com\/files\/uploads\/2025\/12\/Lacoflex-SEBS-footwear.webp\" class=\"coverimg\" alt=\"\" sizes=\"auto, (min-width: 993px) 33vw, (min-width: 601px) 50vw, 100vw\" srcset=\"https:\/\/staging.cabopol.com\/files\/uploads\/2025\/12\/Lacoflex-SEBS-footwear.webp 701w, https:\/\/staging.cabopol.com\/files\/uploads\/2025\/12\/Lacoflex-SEBS-footwear-300x203.webp 300w\" \/>                <\/div>\n                    <\/div>\n        <div class=\"content-wrapper\">\n                        <h3 class=\"post-title\">Lacoflex SEBS<\/h3>\n            <div class=\"tags-wrapper\"><a class=\"tag\" href=\"https:\/\/staging.cabopol.com\/fr\/applications\/chaussure\/\">Chaussure<\/a><span class=\"tag\">TPE-S<\/span><span class=\"tag\">Lacoflex<\/span><\/div>                            <div class=\"description\">Injection de chaussure compl\u00e8te<\/div>\n                        <div class=\"btn ghost-gray small submit-interest-solution\">Soumettre un int\u00e9r\u00eat<\/div>\n        <\/div>\n    <\/div>\n<\/div>\n<div class=\"article solution-card \">\n    <div class=\"solution-inner-wrapper\">\n        <div class=\"img-wrapper\">\n                            <div class=\"fixed-ratio-img\">\n                    <img loading=\"lazy\" decoding=\"async\" width=\"640\" height=\"434\" src=\"https:\/\/staging.cabopol.com\/files\/uploads\/2026\/02\/R-polyprime.webp\" class=\"coverimg\" alt=\"Footwear\" sizes=\"auto, (min-width: 993px) 33vw, (min-width: 601px) 50vw, 100vw\" srcset=\"https:\/\/staging.cabopol.com\/files\/uploads\/2026\/02\/R-polyprime.webp 701w, https:\/\/staging.cabopol.com\/files\/uploads\/2026\/02\/R-polyprime-300x203.webp 300w\" \/>                <\/div>\n                    <\/div>\n        <div class=\"content-wrapper\">\n                        <h3 class=\"post-title\">Polyprime FLEX<\/h3>\n            <div class=\"tags-wrapper\"><a class=\"tag\" href=\"https:\/\/staging.cabopol.com\/fr\/applications\/chaussure\/\">Chaussure<\/a><span class=\"tag\">PVC<\/span><a class=\"tag\" href=\"https:\/\/staging.cabopol.com\/fr\/nos-produits\/polyprime\/\">Polyprime<\/a><\/div>                            <div class=\"description\">Injection de chaussures et bottes | Semelles<\/div>\n                        <div class=\"btn ghost-gray small submit-interest-solution\">Soumettre un int\u00e9r\u00eat<\/div>\n        <\/div>\n    <\/div>\n<\/div>\n<div class=\"article solution-card \">\n    <div class=\"solution-inner-wrapper\">\n        <div class=\"img-wrapper\">\n                            <div class=\"fixed-ratio-img\">\n                    <img loading=\"lazy\" decoding=\"async\" width=\"640\" height=\"434\" src=\"https:\/\/staging.cabopol.com\/files\/uploads\/2026\/02\/R-polyprime.webp\" class=\"coverimg\" alt=\"Footwear\" sizes=\"auto, (min-width: 993px) 33vw, (min-width: 601px) 50vw, 100vw\" srcset=\"https:\/\/staging.cabopol.com\/files\/uploads\/2026\/02\/R-polyprime.webp 701w, https:\/\/staging.cabopol.com\/files\/uploads\/2026\/02\/R-polyprime-300x203.webp 300w\" \/>                <\/div>\n                    <\/div>\n        <div class=\"content-wrapper\">\n                            <div class=\"features\">\n                                            <div class=\"feature\"> Recycl\u00e9<\/div>\n                                    <\/div>\n                        <h3 class=\"post-title\">R-Polyprime<\/h3>\n            <div class=\"tags-wrapper\"><a class=\"tag\" href=\"https:\/\/staging.cabopol.com\/fr\/applications\/chaussure\/\">Chaussure<\/a><span class=\"tag\">PVC<\/span><a class=\"tag\" href=\"https:\/\/staging.cabopol.com\/fr\/nos-produits\/polyprime\/\">R-Polyprime<\/a><\/div>                            <div class=\"description\">Solutions durables avec contenu recycl\u00e9<\/div>\n                        <div class=\"btn ghost-gray small submit-interest-solution\">Soumettre un int\u00e9r\u00eat<\/div>\n        <\/div>\n    <\/div>\n<\/div>\n<div class=\"article solution-card \">\n    <div class=\"solution-inner-wrapper\">\n        <div class=\"img-wrapper\">\n                            <div class=\"fixed-ratio-img\">\n                    <img loading=\"lazy\" decoding=\"async\" width=\"640\" height=\"434\" src=\"https:\/\/staging.cabopol.com\/files\/uploads\/2026\/02\/Lacoflex-SBS.webp\" class=\"coverimg\" alt=\"Sneaker\" sizes=\"auto, (min-width: 993px) 33vw, (min-width: 601px) 50vw, 100vw\" srcset=\"https:\/\/staging.cabopol.com\/files\/uploads\/2026\/02\/Lacoflex-SBS.webp 701w, https:\/\/staging.cabopol.com\/files\/uploads\/2026\/02\/Lacoflex-SBS-300x203.webp 300w\" \/>                <\/div>\n                    <\/div>\n        <div class=\"content-wrapper\">\n                        <h3 class=\"post-title\">Lacoflex SBS<\/h3>\n            <div class=\"tags-wrapper\"><a class=\"tag\" href=\"https:\/\/staging.cabopol.com\/fr\/applications\/chaussure\/\">Chaussure<\/a><span class=\"tag\">TPE-S<\/span><span class=\"tag\">Lacoflex<\/span><\/div>                            <div class=\"description\">Injection de semelle de chaussure<\/div>\n                        <div class=\"btn ghost-gray small submit-interest-solution\">Soumettre un int\u00e9r\u00eat<\/div>\n        <\/div>\n    <\/div>\n<\/div>            <\/div>\n        <\/div>\n                    <div class=\"container large\">\n                <a href=\"https:\/\/staging.cabopol.com\/fr\/nos-produits\/\" class=\"solutions-page-link arrow-link\"><span>D\u00e9couvrir nos Applications<\/span><\/a>\n            <\/div>\n            <\/div>\n\n\n\n<div class=\"wp-block-kobu-custom-blocks-responsive-spacer responsive-spacer size-large\"><\/div>\n\n\n    <div class=\"taxonomy-slider-block alignfull container-wrapper\">\n        <div class=\"container large\">\n                            <h2>AUTRES APPLICATIONS<\/h2>\n                    <\/div>\n        <div class=\"container full\">\n            <div class=\"taxonomy-slider\" data-width=\"large\">\n                \n    <div class=\"card sector slide \">\n        <div class=\"card-inner-wrapper\">\n                            <div class=\"featured-img\">\n                    <div class=\"featured-img-inner\">\n                        <img loading=\"lazy\" decoding=\"async\" width=\"640\" height=\"353\" src=\"https:\/\/staging.cabopol.com\/files\/uploads\/2026\/02\/Wire-and-Cable-768x424.webp\" class=\"coverimg\" alt=\"Wires and Cables\" sizes=\"auto, (min-width: 993px) 33vw, (min-width: 601px) 50vw, 100vw\" srcset=\"https:\/\/staging.cabopol.com\/files\/uploads\/2026\/02\/Wire-and-Cable-768x424.webp 768w, https:\/\/staging.cabopol.com\/files\/uploads\/2026\/02\/Wire-and-Cable-300x166.webp 300w, https:\/\/staging.cabopol.com\/files\/uploads\/2026\/02\/Wire-and-Cable.webp 901w\" \/>                    <\/div>\n                <\/div>\n                        <div class=\"content-wrapper\">\n                <h3 class=\"post-title\">Fils et c\u00e2bles<\/h3>\n                                <a href=\"https:\/\/staging.cabopol.com\/fr\/applications\/fils-et-cables\/\" class=\"btn ghost-white arrow-btn\">D\u00e9couvrir les Possibilit\u00e9s<\/a>\n            <\/div>\n        <\/div>\n    <\/div>\n\n    <div class=\"card sector slide \">\n        <div class=\"card-inner-wrapper\">\n                            <div class=\"featured-img\">\n                    <div class=\"featured-img-inner\">\n                        <img loading=\"lazy\" decoding=\"async\" width=\"640\" height=\"640\" src=\"https:\/\/staging.cabopol.com\/files\/uploads\/2026\/02\/Injection-Extrusion-Moulding-Automotive-768x768.webp\" class=\"coverimg\" alt=\"Car being charged\" sizes=\"auto, (min-width: 993px) 33vw, (min-width: 601px) 50vw, 100vw\" srcset=\"https:\/\/staging.cabopol.com\/files\/uploads\/2026\/02\/Injection-Extrusion-Moulding-Automotive-768x768.webp 768w, https:\/\/staging.cabopol.com\/files\/uploads\/2026\/02\/Injection-Extrusion-Moulding-Automotive-300x300.webp 300w, https:\/\/staging.cabopol.com\/files\/uploads\/2026\/02\/Injection-Extrusion-Moulding-Automotive-1024x1024.webp 1024w, https:\/\/staging.cabopol.com\/files\/uploads\/2026\/02\/Injection-Extrusion-Moulding-Automotive-150x150.webp 150w, https:\/\/staging.cabopol.com\/files\/uploads\/2026\/02\/Injection-Extrusion-Moulding-Automotive.webp 1301w\" \/>                    <\/div>\n                <\/div>\n                        <div class=\"content-wrapper\">\n                <h3 class=\"post-title\">Moulage par Injection &amp; Extrusion<\/h3>\n                                <a href=\"https:\/\/staging.cabopol.com\/fr\/applications\/moulage-par-injection-extrusion\/\" class=\"btn ghost-white arrow-btn\">D\u00e9couvrir les Possibilit\u00e9s<\/a>\n            <\/div>\n        <\/div>\n    <\/div>\n            <\/div>\n        <\/div>\n                    <div class=\"container large\">\n                <a href=\"https:\/\/staging.cabopol.com\/fr\/applications\/\" class=\"taxonomy-page-link arrow-link\"><span>D\u00e9couvrir Nos Applications<\/span><\/a>\n            <\/div>\n            <\/div>\n","protected":false},"excerpt":{"rendered":"","protected":false},"author":1,"featured_media":4007,"parent":2408,"menu_order":1,"comment_status":"closed","ping_status":"closed","template":"templates\/sector.php","meta":{"_acf_changed":false,"inline_featured_image":false,"footnotes":""},"class_list":["post-2516","page","type-page","status-publish","has-post-thumbnail","hentry"],"acf":[],"_links":{"self":[{"href":"https:\/\/staging.cabopol.com\/fr\/wp-json\/wp\/v2\/pages\/2516","targetHints":{"allow":["GET"]}}],"collection":[{"href":"https:\/\/staging.cabopol.com\/fr\/wp-json\/wp\/v2\/pages"}],"about":[{"href":"https:\/\/staging.cabopol.com\/fr\/wp-json\/wp\/v2\/types\/page"}],"author":[{"embeddable":true,"href":"https:\/\/staging.cabopol.com\/fr\/wp-json\/wp\/v2\/users\/1"}],"replies":[{"embeddable":true,"href":"https:\/\/staging.cabopol.com\/fr\/wp-json\/wp\/v2\/comments?post=2516"}],"version-history":[{"count":8,"href":"https:\/\/staging.cabopol.com\/fr\/wp-json\/wp\/v2\/pages\/2516\/revisions"}],"predecessor-version":[{"id":4414,"href":"https:\/\/staging.cabopol.com\/fr\/wp-json\/wp\/v2\/pages\/2516\/revisions\/4414"}],"up":[{"embeddable":true,"href":"https:\/\/staging.cabopol.com\/fr\/wp-json\/wp\/v2\/pages\/2408"}],"wp:featuredmedia":[{"embeddable":true,"href":"https:\/\/staging.cabopol.com\/fr\/wp-json\/wp\/v2\/media\/4007"}],"wp:attachment":[{"href":"https:\/\/staging.cabopol.com\/fr\/wp-json\/wp\/v2\/media?parent=2516"}],"curies":[{"name":"wp","href":"https:\/\/api.w.org\/{rel}","templated":true}]}}