{"id":2534,"date":"2025-11-25T11:25:27","date_gmt":"2025-11-25T11:25:27","guid":{"rendered":"https:\/\/staging.cabopol.com\/sustainability\/"},"modified":"2026-03-06T17:54:03","modified_gmt":"2026-03-06T17:54:03","slug":"strategie-de-durabilite","status":"publish","type":"page","link":"https:\/\/staging.cabopol.com\/fr\/strategie-de-durabilite\/","title":{"rendered":"Strat\u00e9gie de Durabilit\u00e9"},"content":{"rendered":"\n<div class=\"wp-block-kobu-custom-blocks-inner-content-img alignfull media-content-group child-item align-left valign-start img-first no-img-overlay\"><div class=\"media-col\"><figure><img loading=\"lazy\" decoding=\"async\" width=\"1230\" height=\"1012\" class=\"wp-image-3551\" src=\"https:\/\/staging.cabopol.com\/files\/uploads\/2026\/02\/Sustainability-Strategy-ATF.webp\" alt=\"A child and a dog enjoying running on a grass field, reflecting a sustainable ecosystem\" title=\"Sustainability Strategy ATF\" sizes=\"auto, (min-width: 601px) 50vw, 100vw\" srcset=\"https:\/\/staging.cabopol.com\/files\/uploads\/2026\/02\/Sustainability-Strategy-ATF.webp 1230w, https:\/\/staging.cabopol.com\/files\/uploads\/2026\/02\/Sustainability-Strategy-ATF-300x247.webp 300w, https:\/\/staging.cabopol.com\/files\/uploads\/2026\/02\/Sustainability-Strategy-ATF-1024x843.webp 1024w, https:\/\/staging.cabopol.com\/files\/uploads\/2026\/02\/Sustainability-Strategy-ATF-768x632.webp 768w\" \/><\/figure><\/div><div class=\"content-col\"><div class=\"content-col-wrapper\">\n<div class=\"wp-block-kobu-custom-blocks-responsive-spacer responsive-spacer size-large\"><\/div>\n\n\n\n<p class=\"is-style-top-red-line\">Cabopol s\u2019engage \u00e0 accompagner ses clients dans l\u2019atteinte de leurs objectifs de durabilit\u00e9 en fournissant des solutions mat\u00e9riaux fiables et responsables. \u00c0 cette fin, les principes ESG sont int\u00e9gr\u00e9s au d\u00e9veloppement des produits, \u00e0 l\u2019efficacit\u00e9 des proc\u00e9d\u00e9s et \u00e0 la prise de d\u00e9cision strat\u00e9gique, afin de garantir que chaque solution soit align\u00e9e sur les attentes actuelles et anticipe les d\u00e9fis futurs.<br><br>Cet engagement est soutenu par la <strong>Cabopol Sustainability Roadmap<\/strong>, un cadre structur\u00e9 qui oriente nos actions, mesure les r\u00e9sultats et suit les progr\u00e8s dans le temps.<\/p>\n\n\n\n<div class=\"wp-block-kobu-custom-blocks-responsive-spacer responsive-spacer size-large\"><\/div>\n<\/div><\/div><\/div>\n\n\n\n<div class=\"wp-block-kobu-custom-blocks-inner-content-img alignfull media-content-group child-item align-right valign-start img-first no-img-overlay\"><div class=\"media-col\"><figure><img loading=\"lazy\" decoding=\"async\" width=\"1024\" height=\"1024\" class=\"wp-image-5523\" src=\"https:\/\/staging.cabopol.com\/files\/uploads\/2026\/03\/Sustainability-Road-Map.webp\" alt=\"\" title=\"Sustainability Road Map\" sizes=\"auto, (min-width: 601px) 50vw, 100vw\" srcset=\"https:\/\/staging.cabopol.com\/files\/uploads\/2026\/03\/Sustainability-Road-Map.webp 1024w, https:\/\/staging.cabopol.com\/files\/uploads\/2026\/03\/Sustainability-Road-Map-300x300.webp 300w, https:\/\/staging.cabopol.com\/files\/uploads\/2026\/03\/Sustainability-Road-Map-150x150.webp 150w, https:\/\/staging.cabopol.com\/files\/uploads\/2026\/03\/Sustainability-Road-Map-768x768.webp 768w\" \/><\/figure><\/div><div class=\"content-col\"><div class=\"content-col-wrapper\">\n<h2 class=\"wp-block-heading\"><strong>ENGAGEMENT<\/strong><\/h2>\n\n\n\n<p>Notre approche est align\u00e9e sur les <strong>Dix Principes <\/strong>et les<strong> Objectifs de D\u00e9veloppement Durable<\/strong>. Cabopol est activement engag\u00e9e dans cette initiative depuis 2022, avec des progr\u00e8s et des actions suivis de mani\u00e8re transparente via la Communication on Progress disponible sur la plateforme officielle. Dans le cadre de notre domaine d\u2019activit\u00e9, nous nous concentrons principalement sur :<\/p>\n\n\n\n<p>\n  <img loading=\"lazy\" decoding=\"async\" width=\"206\" height=\"206\" class=\"wp-image-4819\" style=\"width:100px; margin-right:25px;\" src=\"https:\/\/staging.cabopol.com\/files\/uploads\/2026\/02\/7.png\" alt=\"Affordable and clean energy\" srcset=\"https:\/\/staging.cabopol.com\/files\/uploads\/2026\/02\/7.png 206w, https:\/\/staging.cabopol.com\/files\/uploads\/2026\/02\/7-150x150.png 150w\" sizes=\"auto, (max-width: 206px) 100vw, 206px\" \/>\n  <img loading=\"lazy\" decoding=\"async\" width=\"206\" height=\"206\" class=\"wp-image-4823\" style=\"width:100px; margin-right:25px;\" src=\"https:\/\/staging.cabopol.com\/files\/uploads\/2026\/02\/9.png\" alt=\"Industry, innovation and Infrastructure\" srcset=\"https:\/\/staging.cabopol.com\/files\/uploads\/2026\/02\/9.png 206w, https:\/\/staging.cabopol.com\/files\/uploads\/2026\/02\/9-150x150.png 150w\" sizes=\"auto, (max-width: 206px) 100vw, 206px\" \/>\n  <img loading=\"lazy\" decoding=\"async\" width=\"207\" height=\"206\" class=\"wp-image-4827\" style=\"width:100px; margin-right:25px;\" src=\"https:\/\/staging.cabopol.com\/files\/uploads\/2026\/02\/12.png\" alt=\"Responsible consumption and production\" srcset=\"https:\/\/staging.cabopol.com\/files\/uploads\/2026\/02\/12.png 207w, https:\/\/staging.cabopol.com\/files\/uploads\/2026\/02\/12-150x150.png 150w\" sizes=\"auto, (max-width: 207px) 100vw, 207px\" \/>\n  <img loading=\"lazy\" decoding=\"async\" width=\"100\" height=\"100\" class=\"wp-image-4831\" style=\"width:100px;\" src=\"https:\/\/staging.cabopol.com\/files\/uploads\/2026\/02\/13.png\" alt=\"Climate Action\" srcset=\"https:\/\/staging.cabopol.com\/files\/uploads\/2026\/02\/13.png 207w, https:\/\/staging.cabopol.com\/files\/uploads\/2026\/02\/13-150x150.png 150w\" sizes=\"auto, (max-width: 100px) 100vw, 100px\" \/>\n<\/p>\n\n\n\n<p>les domaines o\u00f9 nous sommes positionn\u00e9s pour g\u00e9n\u00e9rer l\u2019impact le plus pertinent et mesurable.<\/p>\n\n\n\n<p>Acc\u00e9dez \u00e0 notre <strong>Rapport Complet<\/strong> sur le portail officiel du Pacte Mondial des Nations Unies en cliquant sur le bouton ci-dessous.<\/p>\n\n\n\n<div style=\"height:10px\" aria-hidden=\"true\" class=\"wp-block-spacer\"><\/div>\n\n\n\n\n\n<div class=\"wp-block-buttons is-layout-flex wp-block-buttons-is-layout-flex\">\n<div class=\"wp-block-button is-style-arrow-btn\"><a class=\"wp-block-button__link wp-element-button\" href=\"https:\/\/unglobalcompact.org\/what-is-gc\/participants\/153543-CABOPOL-POLYMER-COMPOUNDS-S-A-\" target=\"_blank\" rel=\"noreferrer noopener\">Rapport complet<\/a><\/div>\n<\/div>\n<\/div><\/div><\/div>\n\n\n\n<div class=\"wp-block-kobu-custom-blocks-responsive-spacer responsive-spacer size-large\"><\/div>\n\n\n\n<div class=\"wp-block-kobu-custom-blocks-inner-content-img alignwide media-content-group child-item align-left valign-start img-first\"><div class=\"media-col\"><figure><img loading=\"lazy\" decoding=\"async\" width=\"1301\" height=\"1301\" class=\"wp-image-4259\" src=\"https:\/\/staging.cabopol.com\/files\/uploads\/2026\/02\/About-Cabopol-1.webp\" alt=\"A bird's-eye view of a cabopol building\" title=\"Mission and Values\" sizes=\"auto, (min-width: 1201px) 35vw, (min-width: 601px) 50vw, 100vw\" srcset=\"https:\/\/staging.cabopol.com\/files\/uploads\/2026\/02\/About-Cabopol-1.webp 1301w, https:\/\/staging.cabopol.com\/files\/uploads\/2026\/02\/About-Cabopol-1-300x300.webp 300w, https:\/\/staging.cabopol.com\/files\/uploads\/2026\/02\/About-Cabopol-1-1024x1024.webp 1024w, https:\/\/staging.cabopol.com\/files\/uploads\/2026\/02\/About-Cabopol-1-150x150.webp 150w, https:\/\/staging.cabopol.com\/files\/uploads\/2026\/02\/About-Cabopol-1-768x768.webp 768w\" \/><\/figure><\/div><div class=\"content-col\"><div class=\"content-col-wrapper\">\n<h2 class=\"wp-block-heading\"><strong><strong>Syst\u00e8mes de Management &amp; Performance<\/strong><\/strong><\/h2>\n\n\n\n\n\n<div style=\"height:10px\" aria-hidden=\"true\" class=\"wp-block-spacer\"><\/div>\n\n\n\n<p><img loading=\"lazy\" decoding=\"async\" width=\"70\" height=\"57\" class=\"wp-image-4837\" style=\"width: 70px;\" src=\"https:\/\/staging.cabopol.com\/files\/uploads\/2026\/02\/ISO-Sustainability.png\" alt=\"ISO Sustainability Logo\"> <\/p>\n\n\n\n<p>Les certifications ISO 9001 et ISO 14001 garantissent la ma\u00eetrise des processus, la performance environnementale, l\u2019am\u00e9lioration continue et une gestion responsable des ressources.<\/p>\n\n\n\n<div style=\"height:15px\" aria-hidden=\"true\" class=\"wp-block-spacer\"><\/div>\n\n\n\n<p><img loading=\"lazy\" decoding=\"async\" width=\"150\" height=\"27\" class=\"wp-image-4845\" style=\"width: 150px;\" src=\"https:\/\/staging.cabopol.com\/files\/uploads\/2026\/02\/Ecovadis-Logo.png\" alt=\"Ecovadis Logo\" srcset=\"https:\/\/staging.cabopol.com\/files\/uploads\/2026\/02\/Ecovadis-Logo.png 379w, https:\/\/staging.cabopol.com\/files\/uploads\/2026\/02\/Ecovadis-Logo-300x54.png 300w\" sizes=\"auto, (max-width: 150px) 100vw, 150px\" \/> <\/p>\n\n\n\n<p>En 2026, Cabopol adoptera le syst\u00e8me d\u2019\u00e9valuation EcoVadis afin de renforcer la gouvernance en mati\u00e8re de durabilit\u00e9, comparer les performances et identifier des axes d\u2019am\u00e9lioration cibl\u00e9s.<\/p>\n\n\n\n<div style=\"height:15px\" aria-hidden=\"true\" class=\"wp-block-spacer\"><\/div>\n\n\n\n<p><img loading=\"lazy\" decoding=\"async\" width=\"150\" height=\"41\" class=\"wp-image-4841\" style=\"width: 150px;\" src=\"https:\/\/staging.cabopol.com\/files\/uploads\/2026\/02\/Recyclass-Logo.png\" alt=\"Logo of Recyclass\" srcset=\"https:\/\/staging.cabopol.com\/files\/uploads\/2026\/02\/Recyclass-Logo.png 334w, https:\/\/staging.cabopol.com\/files\/uploads\/2026\/02\/Recyclass-Logo-300x83.png 300w\" sizes=\"auto, (max-width: 150px) 100vw, 150px\" \/> <\/p>\n\n\n\n<p>La certification de tra\u00e7abilit\u00e9 RecyClass renforce la transparence et la cr\u00e9dibilit\u00e9 dans l\u2019utilisation des plastiques recycl\u00e9s, en garantissant des flux de mati\u00e8res contr\u00f4l\u00e9s.<\/p>\n\n\n\n<div class=\"wp-block-buttons is-layout-flex wp-block-buttons-is-layout-flex\">\n<div class=\"wp-block-button is-style-arrow-btn\"><a class=\"wp-block-button__link wp-element-button\" href=\"https:\/\/staging.cabopol.com\/files\/uploads\/2026\/02\/RecyClass-Certificate.pdf\" target=\"_blank\" rel=\"noreferrer noopener\">Certificat<\/a><\/div>\n<\/div>\n<\/div><\/div><\/div>\n\n\n\n<div class=\"wp-block-kobu-custom-blocks-responsive-spacer responsive-spacer size-large\"><\/div>\n\n\n\n<h2 class=\"wp-block-heading alignmediumwide\"><strong>Produits Durables<\/strong><\/h2>\n\n\n\n<div class=\"wp-block-kobu-custom-blocks-responsive-spacer responsive-spacer size-small\"><\/div>\n\n\n\n<div class=\"wp-block-group alignmediumwide is-content-justification-left is-layout-constrained wp-container-core-group-is-layout-8c890d92 wp-block-group-is-layout-constrained\">\n<h3 class=\"wp-block-heading\"><img loading=\"lazy\" decoding=\"async\" width=\"100\" height=\"100\" class=\"wp-image-5422\" style=\"width: 100px;\" src=\"https:\/\/staging.cabopol.com\/files\/uploads\/2026\/03\/1v1-novo.png\" alt=\"\" srcset=\"https:\/\/staging.cabopol.com\/files\/uploads\/2026\/03\/1v1-novo.png 546w, https:\/\/staging.cabopol.com\/files\/uploads\/2026\/03\/1v1-novo-300x300.png 300w, https:\/\/staging.cabopol.com\/files\/uploads\/2026\/03\/1v1-novo-150x150.png 150w\" sizes=\"auto, (max-width: 100px) 100vw, 100px\" \/><br>Compounds recycl\u00e9s<\/h3>\n\n\n\n<p>Compos\u00e9s int\u00e9grant des mati\u00e8res premi\u00e8res recycl\u00e9es<br>issues de sources post-consommation et <br>post-industrielles.<\/p>\n\n\n\n<p>Formulations certifi\u00e9es selon le sch\u00e9ma de tra\u00e7abilit\u00e9<br>RecyClass.<a href=\"https:\/\/staging.cabopol.com\/fr\/strategie-de-durabilite\/compounds-recycles\/\"><\/a><\/p>\n\n\n\n<p><a href=\"https:\/\/staging.cabopol.com\/fr\/strategie-de-durabilite\/compounds-recycles\/\"><\/a><\/p>\n\n\n\n<div class=\"wp-block-buttons is-layout-flex wp-block-buttons-is-layout-flex\">\n<div class=\"wp-block-button is-style-arrow-btn\"><a class=\"wp-block-button__link wp-element-button\" href=\"https:\/\/staging.cabopol.com\/fr\/strategie-de-durabilite\/compounds-recycles\/\" target=\"_blank\" rel=\"noreferrer noopener\">En savoir plus<\/a><\/div>\n<\/div>\n<\/div>\n\n\n\n<div class=\"wp-block-kobu-custom-blocks-responsive-spacer responsive-spacer size-small hide-xs\"><\/div>\n\n\n\n<div class=\"wp-block-kobu-custom-blocks-responsive-spacer responsive-spacer size-large hide-xl\"><\/div>\n\n\n\n<div class=\"wp-block-group alignmediumwide is-content-justification-right is-layout-constrained wp-container-core-group-is-layout-07b51d56 wp-block-group-is-layout-constrained\">\n<h3 class=\"wp-block-heading\"><img loading=\"lazy\" decoding=\"async\" width=\"100\" height=\"100\" class=\"wp-image-5435\" style=\"width: 100px;\" src=\"https:\/\/staging.cabopol.com\/files\/uploads\/2026\/03\/Action-biobased.png\" alt=\"\" srcset=\"https:\/\/staging.cabopol.com\/files\/uploads\/2026\/03\/Action-biobased.png 546w, https:\/\/staging.cabopol.com\/files\/uploads\/2026\/03\/Action-biobased-300x300.png 300w, https:\/\/staging.cabopol.com\/files\/uploads\/2026\/03\/Action-biobased-150x150.png 150w\" sizes=\"auto, (max-width: 100px) 100vw, 100px\" \/><br><strong>Compounds Biosourc\u00e9<\/strong><\/h3>\n\n\n\n<p><strong>Polym\u00e8res biosourc\u00e9s :<\/strong>&nbsp;produits enti\u00e8rement ou<br>partiellement \u00e0 partir de sources biologiques<br>renouvelables, en substitution des mati\u00e8res<br>premi\u00e8res d\u2019origine fossile.<\/p>\n\n\n\n<p><strong>Polym\u00e8res bio-attribu\u00e9s :<\/strong>&nbsp;contenant une part<br>renouvelable allou\u00e9e selon des sch\u00e9mas certifi\u00e9s de<br>bilan massique.<\/p>\n\n\n\n<div class=\"wp-block-buttons is-layout-flex wp-block-buttons-is-layout-flex\">\n<div class=\"wp-block-button is-style-arrow-btn\"><a class=\"wp-block-button__link wp-element-button\" href=\"https:\/\/staging.cabopol.com\/fr\/strategie-de-durabilite\/solutions-bio\/\" target=\"_blank\" rel=\"noreferrer noopener\">En savoir plus<\/a><\/div>\n<\/div>\n<\/div>\n\n\n\n<div class=\"wp-block-kobu-custom-blocks-responsive-spacer responsive-spacer size-small hide-xs\"><\/div>\n\n\n\n<div class=\"wp-block-kobu-custom-blocks-responsive-spacer responsive-spacer size-large hide-xl\"><\/div>\n\n\n\n<div class=\"wp-block-group alignmediumwide is-content-justification-left is-layout-constrained wp-container-core-group-is-layout-8c890d92 wp-block-group-is-layout-constrained\">\n<h3 class=\"wp-block-heading\"><img loading=\"lazy\" decoding=\"async\" width=\"100\" height=\"100\" class=\"wp-image-5444\" style=\"width: 100px;\" src=\"https:\/\/staging.cabopol.com\/files\/uploads\/2026\/03\/Action-SL.png\" alt=\"\" srcset=\"https:\/\/staging.cabopol.com\/files\/uploads\/2026\/03\/Action-SL.png 546w, https:\/\/staging.cabopol.com\/files\/uploads\/2026\/03\/Action-SL-300x300.png 300w, https:\/\/staging.cabopol.com\/files\/uploads\/2026\/03\/Action-SL-150x150.png 150w\" sizes=\"auto, (max-width: 100px) 100vw, 100px\" \/><br><strong>Seconde vie<\/strong><\/h3>\n\n\n\n<p>Les sous-produits sont requalifi\u00e9s en mati\u00e8res<br>premi\u00e8res secondaires, et non vendus comme<br>d\u00e9chets, favorisant des usages s\u00fbrs et conformes<br>dans d\u2019autres secteurs.<\/p>\n\n\n\n<div class=\"wp-block-kobu-custom-blocks-responsive-spacer responsive-spacer size-small hide-xs\"><\/div>\n<\/div>\n\n\n\n<div class=\"wp-block-kobu-custom-blocks-responsive-spacer responsive-spacer size-large hide-xl\"><\/div>\n\n\n\n<div class=\"wp-block-group alignmediumwide is-content-justification-right is-layout-constrained wp-container-core-group-is-layout-07b51d56 wp-block-group-is-layout-constrained\">\n<h3 class=\"wp-block-heading\"><img loading=\"lazy\" decoding=\"async\" width=\"100\" height=\"100\" class=\"wp-image-5452\" style=\"width: 100px;\" src=\"https:\/\/staging.cabopol.com\/files\/uploads\/2026\/03\/Action-FP.png\" alt=\"\" srcset=\"https:\/\/staging.cabopol.com\/files\/uploads\/2026\/03\/Action-FP.png 546w, https:\/\/staging.cabopol.com\/files\/uploads\/2026\/03\/Action-FP-300x300.png 300w, https:\/\/staging.cabopol.com\/files\/uploads\/2026\/03\/Action-FP-150x150.png 150w\" sizes=\"auto, (max-width: 100px) 100vw, 100px\" \/><br><strong>Empreinte carbone<\/strong><br><strong>du produit<\/strong><\/h3>\n\n\n\n<p>Calculs r\u00e9alis\u00e9s en interne \u00e0 l\u2019aide de m\u00e9thodologies<br>valid\u00e9es et de logiciels d\u00e9di\u00e9s.<br><br>\u00c9valuation de la performance de durabilit\u00e9 des<br>produits et de leurs impacts environnementaux.<\/p>\n<\/div>\n\n\n\n<div class=\"wp-block-kobu-custom-blocks-responsive-spacer responsive-spacer size-small hide-xs\"><\/div>\n\n\n\n<div class=\"wp-block-kobu-custom-blocks-responsive-spacer responsive-spacer size-medium hide-xs\"><\/div>\n\n\n\n<div class=\"wp-block-kobu-custom-blocks-responsive-spacer responsive-spacer size-xlarge hide-xl\"><\/div>\n\n\n\n<h2 class=\"wp-block-heading alignmediumwide\"><strong>PROCESSUS DURABLE<\/strong><\/h2>\n\n\n\n<div class=\"wp-block-kobu-custom-blocks-responsive-spacer responsive-spacer size-small\"><\/div>\n\n\n\n<div class=\"wp-block-group alignmediumwide is-content-justification-left is-layout-constrained wp-container-core-group-is-layout-8c890d92 wp-block-group-is-layout-constrained\">\n<h3 class=\"wp-block-heading\"><img loading=\"lazy\" decoding=\"async\" width=\"100\" height=\"100\" class=\"wp-image-5480\" style=\"width: 100px;\" src=\"https:\/\/staging.cabopol.com\/files\/uploads\/2026\/03\/Action-EE.png\" alt=\"\" srcset=\"https:\/\/staging.cabopol.com\/files\/uploads\/2026\/03\/Action-EE.png 546w, https:\/\/staging.cabopol.com\/files\/uploads\/2026\/03\/Action-EE-300x300.png 300w, https:\/\/staging.cabopol.com\/files\/uploads\/2026\/03\/Action-EE-150x150.png 150w\" sizes=\"auto, (max-width: 100px) 100vw, 100px\" \/><br><strong>Efficacit\u00e9 \u00e9nerg\u00e9tique<\/strong><\/h3>\n\n\n\n<p>Mise en \u0153uvre de mesures d\u2019efficacit\u00e9 \u00e9nerg\u00e9tique,<br>telles que l\u2019optimisation des syst\u00e8mes de free-cooling<br>des installations d\u2019eau glac\u00e9e et la mise en place de<br>syst\u00e8mes de suivi et de comptage de l\u2019\u00e9nergie<br>\u00e9lectrique sur chaque ligne de production.<\/p>\n\n\n\n<div class=\"wp-block-kobu-custom-blocks-responsive-spacer responsive-spacer size-small hide-xs\"><\/div>\n<\/div>\n\n\n\n<div class=\"wp-block-kobu-custom-blocks-responsive-spacer responsive-spacer size-large hide-xl\"><\/div>\n\n\n\n<div class=\"wp-block-group alignmediumwide is-content-justification-right is-layout-constrained wp-container-core-group-is-layout-07b51d56 wp-block-group-is-layout-constrained\">\n<h3 class=\"wp-block-heading\"><img loading=\"lazy\" decoding=\"async\" width=\"100\" height=\"100\" class=\"wp-image-5484\" style=\"width: 100px;\" src=\"https:\/\/staging.cabopol.com\/files\/uploads\/2026\/03\/Action-GE.png\" alt=\"\" srcset=\"https:\/\/staging.cabopol.com\/files\/uploads\/2026\/03\/Action-GE.png 546w, https:\/\/staging.cabopol.com\/files\/uploads\/2026\/03\/Action-GE-300x300.png 300w, https:\/\/staging.cabopol.com\/files\/uploads\/2026\/03\/Action-GE-150x150.png 150w\" sizes=\"auto, (max-width: 100px) 100vw, 100px\" \/><br><strong>\u00c9nergie verte<\/strong><\/h3>\n\n\n\n<p>La production d\u2019\u00e9lectricit\u00e9 renouvelable sur site gr\u00e2ce<br>\u00e0 nos installations solaires couvre en moyenne&nbsp;<strong>15 %<\/strong>&nbsp;<br>de notre consommation annuelle totale, atteignant<br>jusqu\u2019\u00e0 <strong>40 %<\/strong>&nbsp;de la production durant les p\u00e9riodes de<br>plus forte exposition solaire.<\/p>\n<\/div>\n\n\n\n<div class=\"wp-block-kobu-custom-blocks-responsive-spacer responsive-spacer size-small hide-xs\"><\/div>\n\n\n\n<div class=\"wp-block-kobu-custom-blocks-responsive-spacer responsive-spacer size-large hide-xl\"><\/div>\n\n\n\n<div class=\"wp-block-group alignmediumwide is-content-justification-left is-layout-constrained wp-container-core-group-is-layout-8c890d92 wp-block-group-is-layout-constrained\">\n<h3 class=\"wp-block-heading\"><img loading=\"lazy\" decoding=\"async\" width=\"100\" height=\"100\" class=\"wp-image-5488\" style=\"width: 100px;\" src=\"https:\/\/staging.cabopol.com\/files\/uploads\/2026\/03\/Action-RC.png\" alt=\"\" srcset=\"https:\/\/staging.cabopol.com\/files\/uploads\/2026\/03\/Action-RC.png 546w, https:\/\/staging.cabopol.com\/files\/uploads\/2026\/03\/Action-RC-300x300.png 300w, https:\/\/staging.cabopol.com\/files\/uploads\/2026\/03\/Action-RC-150x150.png 150w\" sizes=\"auto, (max-width: 100px) 100vw, 100px\" \/><br><strong>Re-Compounding<\/strong><\/h3>\n\n\n\n<p>Capacit\u00e9s internes de recyclage soutenues par des<br>investissements dans des \u00e9quipements d\u00e9di\u00e9s au<br>reprocessage des mat\u00e9riaux PIR et PCR. <br><br>D\u00e9veloppement de solutions durables visant \u00e0<br>am\u00e9liorer la recyclabilit\u00e9 des produits plastiques.<\/p>\n<\/div>\n\n\n\n<div class=\"wp-block-kobu-custom-blocks-responsive-spacer responsive-spacer size-small hide-xs\"><\/div>\n\n\n\n<div class=\"wp-block-kobu-custom-blocks-responsive-spacer responsive-spacer size-large hide-xl\"><\/div>\n\n\n\n<div class=\"wp-block-group alignmediumwide is-content-justification-right is-layout-constrained wp-container-core-group-is-layout-07b51d56 wp-block-group-is-layout-constrained\">\n<h3 class=\"wp-block-heading\"><img loading=\"lazy\" decoding=\"async\" width=\"100\" height=\"100\" class=\"wp-image-5492\" style=\"width: 100px;\" src=\"https:\/\/staging.cabopol.com\/files\/uploads\/2026\/03\/Action-RR.png\" alt=\"\" srcset=\"https:\/\/staging.cabopol.com\/files\/uploads\/2026\/03\/Action-RR.png 546w, https:\/\/staging.cabopol.com\/files\/uploads\/2026\/03\/Action-RR-300x300.png 300w, https:\/\/staging.cabopol.com\/files\/uploads\/2026\/03\/Action-RR-150x150.png 150w\" sizes=\"auto, (max-width: 100px) 100vw, 100px\" \/><br>Valorisation des Ressources<\/h3>\n\n\n\n<p>Nous sommes l\u00e9galement autoris\u00e9s \u00e0 op\u00e9rer en tant<br>qu\u2019op\u00e9rateur de gestion des d\u00e9chets, garantissant une<br>autonomie compl\u00e8te dans le traitement et la gestion<br>des flux de d\u00e9chets internes et externes, y compris les<br>activit\u00e9s de r\u00e9int\u00e9gration et de reprocessage au sein<br>de nos op\u00e9rations.<\/p>\n<\/div>\n\n\n\n<div class=\"wp-block-kobu-custom-blocks-responsive-spacer responsive-spacer size-large\"><\/div>\n\n\n\n\n\n\n\n\n\n\n\n\n\n\n\n<div class=\"wp-block-kobu-custom-blocks-inner-content-img alignfull media-content-group child-item align-right valign-start img-first no-img-overlay\"><div class=\"media-col\"><figure><img loading=\"lazy\" decoding=\"async\" width=\"1059\" height=\"1059\" class=\"wp-image-3532\" src=\"https:\/\/staging.cabopol.com\/files\/uploads\/2026\/02\/Internal-Life-Cycle-Assesment-Calculations.webp\" alt=\"\" title=\"Internal Life Cycle Assesment Calculations\" sizes=\"auto, (min-width: 601px) 50vw, 100vw\" srcset=\"https:\/\/staging.cabopol.com\/files\/uploads\/2026\/02\/Internal-Life-Cycle-Assesment-Calculations.webp 1059w, https:\/\/staging.cabopol.com\/files\/uploads\/2026\/02\/Internal-Life-Cycle-Assesment-Calculations-300x300.webp 300w, https:\/\/staging.cabopol.com\/files\/uploads\/2026\/02\/Internal-Life-Cycle-Assesment-Calculations-1024x1024.webp 1024w, https:\/\/staging.cabopol.com\/files\/uploads\/2026\/02\/Internal-Life-Cycle-Assesment-Calculations-150x150.webp 150w, https:\/\/staging.cabopol.com\/files\/uploads\/2026\/02\/Internal-Life-Cycle-Assesment-Calculations-768x768.webp 768w\" \/><\/figure><\/div><div class=\"content-col\"><div class=\"content-col-wrapper\">\n<h2 class=\"wp-block-heading\"><strong>Empreinte Carbone Produit<\/strong><\/h2>\n\n\n\n<p>Conformes aux normes <strong>ISO 14067<\/strong> et <strong>ISO 14040<\/strong>, nos calculs d\u2019empreinte carbone suivent des m\u00e9thodologies reconnues \u00e0 l\u2019international et ont \u00e9t\u00e9 valid\u00e9s par une entit\u00e9 externe ind\u00e9pendante.<\/p>\n\n\n\n<p>Pour chaque r\u00e9f\u00e9rence, nous pouvons fournir l\u2019Empreinte Carbone Produit en CO\u2082-\u00e9q sur demande, ainsi que l\u2019ensemble des informations ACV, selon les besoins sp\u00e9cifiques de chaque client.<\/p>\n\n\n\n<div class=\"wp-block-kobu-custom-blocks-responsive-spacer responsive-spacer size-small\"><\/div>\n<\/div><\/div><\/div>\n\n\n\n<div class=\"wp-block-kobu-custom-blocks-section-wrapper alignfull kobu-section has-text-color has-foreground-color has-background has-lightergray-background-color is-style-cta-section has-link-color wp-elements-69fa775b79bfb2366f0fa2f19f1ef78f\">\n<div class=\"wp-block-kobu-custom-blocks-responsive-spacer responsive-spacer size-medium\"><\/div>\n\n\n\n<div class=\"wp-block-group alignmediumwide is-layout-flow wp-block-group-is-layout-flow\">\n<h2 class=\"wp-block-heading has-large-font-size\"><strong>Vous cherchez autre chose?<br>Nous sommes l\u00e0 pour vous aider<\/strong><\/h2>\n\n\n\n<div class=\"wp-block-buttons is-layout-flex wp-block-buttons-is-layout-flex\">\n<div class=\"wp-block-button is-style-arrow-btn\"><a class=\"wp-block-button__link wp-element-button\" href=\"https:\/\/staging.cabopol.com\/fr\/contacts\/\">Contactez nous<\/a><\/div>\n<\/div>\n<\/div>\n\n\n\n<div class=\"wp-block-kobu-custom-blocks-responsive-spacer responsive-spacer size-medium\"><\/div>\n<\/div>\n","protected":false},"excerpt":{"rendered":"<p>Produits Durables Compounds recycl\u00e9s Compos\u00e9s int\u00e9grant des mati\u00e8res premi\u00e8res recycl\u00e9esissues de sources post-consommation et post-industrielles. Formulations certifi\u00e9es selon le sch\u00e9ma de tra\u00e7abilit\u00e9RecyClass. Compounds Biosourc\u00e9 Polym\u00e8res [&hellip;]<\/p>\n","protected":false},"author":1,"featured_media":3552,"parent":0,"menu_order":11,"comment_status":"closed","ping_status":"closed","template":"","meta":{"_acf_changed":false,"inline_featured_image":false,"footnotes":""},"class_list":["post-2534","page","type-page","status-publish","has-post-thumbnail","hentry"],"acf":[],"_links":{"self":[{"href":"https:\/\/staging.cabopol.com\/fr\/wp-json\/wp\/v2\/pages\/2534","targetHints":{"allow":["GET"]}}],"collection":[{"href":"https:\/\/staging.cabopol.com\/fr\/wp-json\/wp\/v2\/pages"}],"about":[{"href":"https:\/\/staging.cabopol.com\/fr\/wp-json\/wp\/v2\/types\/page"}],"author":[{"embeddable":true,"href":"https:\/\/staging.cabopol.com\/fr\/wp-json\/wp\/v2\/users\/1"}],"replies":[{"embeddable":true,"href":"https:\/\/staging.cabopol.com\/fr\/wp-json\/wp\/v2\/comments?post=2534"}],"version-history":[{"count":30,"href":"https:\/\/staging.cabopol.com\/fr\/wp-json\/wp\/v2\/pages\/2534\/revisions"}],"predecessor-version":[{"id":5603,"href":"https:\/\/staging.cabopol.com\/fr\/wp-json\/wp\/v2\/pages\/2534\/revisions\/5603"}],"wp:featuredmedia":[{"embeddable":true,"href":"https:\/\/staging.cabopol.com\/fr\/wp-json\/wp\/v2\/media\/3552"}],"wp:attachment":[{"href":"https:\/\/staging.cabopol.com\/fr\/wp-json\/wp\/v2\/media?parent=2534"}],"curies":[{"name":"wp","href":"https:\/\/api.w.org\/{rel}","templated":true}]}}