{"id":2540,"date":"2025-06-04T13:48:57","date_gmt":"2025-06-04T13:48:57","guid":{"rendered":"https:\/\/staging.cabopol.com\/sustainability\/biobased-compounds\/"},"modified":"2026-02-05T18:02:07","modified_gmt":"2026-02-05T18:02:07","slug":"solutions-bio","status":"publish","type":"page","link":"https:\/\/staging.cabopol.com\/fr\/strategie-de-durabilite\/solutions-bio\/","title":{"rendered":"Compounds biosourc\u00e9s"},"content":{"rendered":"\n<div class=\"wp-block-kobu-custom-blocks-section-wrapper alignfull kobu-section has-background has-lightergray-background-color\">\n<div class=\"wp-block-kobu-custom-blocks-responsive-spacer responsive-spacer size-large\"><\/div>\n\n\n\n<p class=\"is-style-top-red-line\">Les compos\u00e9s thermoplastiques biosourc\u00e9s de Cabopol offrent des solutions durables pour la production moderne. Nos polym\u00e8res compostables et biod\u00e9gradables, issus de biomasse v\u00e9g\u00e9tale, allient esth\u00e9tique, r\u00e9sistance m\u00e9canique, performance \u00e9lectrique et r\u00e9sistance au feu. Con\u00e7us pour le moulage par injection et extrusion, ces mat\u00e9riaux \u00e9co-responsables soutiennent l\u2019\u00e9conomie circulaire, r\u00e9duisent l\u2019impact environnemental et assurent des performances fiables et de haute qualit\u00e9 dans plusieurs secteurs.<\/p>\n\n\n\n<div class=\"wp-block-kobu-custom-blocks-responsive-spacer responsive-spacer size-large\"><\/div>\n<\/div>\n\n\n\n<div class=\"wp-block-kobu-custom-blocks-responsive-spacer responsive-spacer size-large\"><\/div>\n\n\n<div class=\"columns-group-block alignfull\">\n                <div class=\"columns-group-row\">\n            <div class=\"column columns-group-column\">\n                                    <div class=\"img-wrapper\">\n                        <img loading=\"lazy\" decoding=\"async\" width=\"640\" height=\"640\" src=\"https:\/\/staging.cabopol.com\/files\/uploads\/2026\/02\/BIOLacoflex-768x768.webp\" class=\"coverimg\" alt=\"Green leaf\" sizes=\"auto, (min-width: 601px) 50vw, 100vw\" srcset=\"https:\/\/staging.cabopol.com\/files\/uploads\/2026\/02\/BIOLacoflex-768x768.webp 768w, https:\/\/staging.cabopol.com\/files\/uploads\/2026\/02\/BIOLacoflex-300x300.webp 300w, https:\/\/staging.cabopol.com\/files\/uploads\/2026\/02\/BIOLacoflex-1024x1024.webp 1024w, https:\/\/staging.cabopol.com\/files\/uploads\/2026\/02\/BIOLacoflex-150x150.webp 150w, https:\/\/staging.cabopol.com\/files\/uploads\/2026\/02\/BIOLacoflex.webp 1301w\" \/>                    <\/div>\n                                <div class=\"content-wrapper\">\n                    <h3 class=\"title\">BIO-Lacoflex<\/h3>\n                                            <div class=\"description\"><p>BIO-Lacoflex est la gamme de thermoplastiques biosourc\u00e9s de Cabopol, fabriqu\u00e9e \u00e0 partir de ressources renouvelables telles que le soja, l\u2019amidon de riz, le ma\u00efs et la canne \u00e0 sucre. Le Lacoflex\u00ae TPE-S offre des compos\u00e9s s\u00fbrs, durables et polyvalents pour les soins personnels, les jouets et les ustensiles de cuisine, garantissant flexibilit\u00e9, r\u00e9sistance chimique et moulage constant, avec des options de contenu recycl\u00e9.<\/p>\n<\/div>\n                    \n                    <a href=\"https:\/\/staging.cabopol.com\/fr\/contacts\/\" class=\"btn\" >Demander plus d\u2019informations<\/a>                <\/div>\n            <\/div>\n\n            <\/div>    <\/div>\n\n\n<div class=\"wp-block-kobu-custom-blocks-responsive-spacer responsive-spacer size-large\"><\/div>\n\n\n\n<div class=\"wp-block-kobu-custom-blocks-section-wrapper alignfull kobu-section has-text-color has-foreground-color has-background has-lightergray-background-color is-style-cta-section has-link-color wp-elements-f94721e4dd19b3f6d2474e9a98b76ada\">\n<div class=\"wp-block-kobu-custom-blocks-responsive-spacer responsive-spacer size-medium\"><\/div>\n\n\n\n<div class=\"wp-block-group alignmediumwide is-layout-flow wp-block-group-is-layout-flow\">\n<h2 class=\"wp-block-heading has-large-font-size\">Vous cherchez autre chose?<br>Nous sommes l\u00e0 pour vous aider.<\/h2>\n\n\n\n<div class=\"wp-block-buttons is-layout-flex wp-block-buttons-is-layout-flex\">\n<div class=\"wp-block-button is-style-arrow-btn\"><a class=\"wp-block-button__link wp-element-button\" href=\"https:\/\/staging.cabopol.com\/fr\/contacts\/\">Contactez nous<\/a><\/div>\n<\/div>\n<\/div>\n\n\n\n<div class=\"wp-block-kobu-custom-blocks-responsive-spacer responsive-spacer size-medium\"><\/div>\n<\/div>\n\n\n\n<div class=\"wp-block-kobu-custom-blocks-responsive-spacer responsive-spacer size-large\"><\/div>\n\n\n    <div class=\"solutions-slider-block alignfull container-wrapper\">\n        <div class=\"container large\">\n                            <h2>Applications Bio<\/h2>\n                    <\/div>\n        <div class=\"container full\">\n            <div class=\"solutions-slider\" data-width=\"large\" data-gap=\"large\">\n                \n<div class=\"article solution-card \">\n    <div class=\"solution-inner-wrapper\">\n        <div class=\"img-wrapper\">\n                            <div class=\"fixed-ratio-img\">\n                    <img loading=\"lazy\" decoding=\"async\" width=\"640\" height=\"435\" src=\"https:\/\/staging.cabopol.com\/files\/uploads\/2026\/02\/BIO-Lacoflex.webp\" class=\"coverimg\" alt=\"Toothbrush with white toothpaste on it\" sizes=\"auto, (min-width: 993px) 33vw, (min-width: 601px) 50vw, 100vw\" srcset=\"https:\/\/staging.cabopol.com\/files\/uploads\/2026\/02\/BIO-Lacoflex.webp 701w, https:\/\/staging.cabopol.com\/files\/uploads\/2026\/02\/BIO-Lacoflex-300x204.webp 300w\" \/>                <\/div>\n                    <\/div>\n        <div class=\"content-wrapper\">\n                            <div class=\"features\">\n                                            <div class=\"feature\"> Biosourc\u00e9<\/div>\n                                    <\/div>\n                        <h3 class=\"post-title\">BIO-Lacoflex<\/h3>\n            <div class=\"tags-wrapper\"><a class=\"tag\" href=\"https:\/\/staging.cabopol.com\/fr\/applications\/moulage-par-injection-extrusion\/\">Injection et extrusion<\/a><span class=\"tag\">TPE-S<\/span><a class=\"tag\" href=\"https:\/\/staging.cabopol.com\/fr\/applications\/moulage-par-injection-extrusion\/biens-de-consommation-soins-personnels\/\">Biens de Consommation &amp; Soins Personnels<\/a><a class=\"tag\" href=\"https:\/\/staging.cabopol.com\/fr\/nos-produits\/lacoflex\/\">BIO-Lacoflex<\/a><\/div>                            <div class=\"description\">Solutions durables avec contenu biosourc\u00e9<\/div>\n                        <div class=\"btn ghost-gray small submit-interest-solution\">Soumettre un int\u00e9r\u00eat<\/div>\n        <\/div>\n    <\/div>\n<\/div>            <\/div>\n        <\/div>\n                    <div class=\"container large\">\n                <a href=\"https:\/\/staging.cabopol.com\/fr\/nos-produits\/\" class=\"solutions-page-link arrow-link\"><span>D\u00e9couvrir nos Applications<\/span><\/a>\n            <\/div>\n            <\/div>\n","protected":false},"excerpt":{"rendered":"","protected":false},"author":1,"featured_media":1613,"parent":2534,"menu_order":12,"comment_status":"closed","ping_status":"closed","template":"templates\/brand.php","meta":{"_acf_changed":false,"inline_featured_image":false,"footnotes":""},"class_list":["post-2540","page","type-page","status-publish","has-post-thumbnail","hentry"],"acf":[],"_links":{"self":[{"href":"https:\/\/staging.cabopol.com\/fr\/wp-json\/wp\/v2\/pages\/2540","targetHints":{"allow":["GET"]}}],"collection":[{"href":"https:\/\/staging.cabopol.com\/fr\/wp-json\/wp\/v2\/pages"}],"about":[{"href":"https:\/\/staging.cabopol.com\/fr\/wp-json\/wp\/v2\/types\/page"}],"author":[{"embeddable":true,"href":"https:\/\/staging.cabopol.com\/fr\/wp-json\/wp\/v2\/users\/1"}],"replies":[{"embeddable":true,"href":"https:\/\/staging.cabopol.com\/fr\/wp-json\/wp\/v2\/comments?post=2540"}],"version-history":[{"count":11,"href":"https:\/\/staging.cabopol.com\/fr\/wp-json\/wp\/v2\/pages\/2540\/revisions"}],"predecessor-version":[{"id":4542,"href":"https:\/\/staging.cabopol.com\/fr\/wp-json\/wp\/v2\/pages\/2540\/revisions\/4542"}],"up":[{"embeddable":true,"href":"https:\/\/staging.cabopol.com\/fr\/wp-json\/wp\/v2\/pages\/2534"}],"wp:featuredmedia":[{"embeddable":true,"href":"https:\/\/staging.cabopol.com\/fr\/wp-json\/wp\/v2\/media\/1613"}],"wp:attachment":[{"href":"https:\/\/staging.cabopol.com\/fr\/wp-json\/wp\/v2\/media?parent=2540"}],"curies":[{"name":"wp","href":"https:\/\/api.w.org\/{rel}","templated":true}]}}