{"id":2639,"date":"2025-07-02T14:05:59","date_gmt":"2025-07-02T14:05:59","guid":{"rendered":"https:\/\/staging.cabopol.com\/contactez-nous\/fils-et-cables\/power\/"},"modified":"2026-02-05T16:55:46","modified_gmt":"2026-02-05T16:55:46","slug":"energie","status":"publish","type":"page","link":"https:\/\/staging.cabopol.com\/fr\/applications\/fils-et-cables\/energie\/","title":{"rendered":"\u00c9nergie"},"content":{"rendered":"\n<div class=\"wp-block-kobu-custom-blocks-inner-content-img alignwide media-content-group child-item align-right valign-start img-first\"><div class=\"media-col\"><figure><img loading=\"lazy\" decoding=\"async\" width=\"1301\" height=\"1301\" class=\"wp-image-4079\" src=\"https:\/\/staging.cabopol.com\/files\/uploads\/2026\/02\/Power-Low-Voltage.webp\" alt=\"\" title=\"Power Low Voltage\" sizes=\"auto, (min-width: 1201px) 35vw, (min-width: 601px) 50vw, 100vw\" srcset=\"https:\/\/staging.cabopol.com\/files\/uploads\/2026\/02\/Power-Low-Voltage.webp 1301w, https:\/\/staging.cabopol.com\/files\/uploads\/2026\/02\/Power-Low-Voltage-300x300.webp 300w, https:\/\/staging.cabopol.com\/files\/uploads\/2026\/02\/Power-Low-Voltage-1024x1024.webp 1024w, https:\/\/staging.cabopol.com\/files\/uploads\/2026\/02\/Power-Low-Voltage-150x150.webp 150w, https:\/\/staging.cabopol.com\/files\/uploads\/2026\/02\/Power-Low-Voltage-768x768.webp 768w\" \/><\/figure><\/div><div class=\"content-col\"><div class=\"content-col-wrapper\">\n<h2 class=\"wp-block-heading\">Basse tension C\u00e2bles<br>LSZH | PVC<\/h2>\n\n\n\n<p>Cabopol propose une gamme compl\u00e8te de compos\u00e9s pour c\u00e2bles basse tension, con\u00e7us pour performance, protection et efficacit\u00e9 de transformation.<\/p>\n\n\n\n<p>Les solutions Sofiplus\u00ae LSZH conviennent aux c\u00e2bles CPR et usage g\u00e9n\u00e9ral, offrant flexibilit\u00e9, r\u00e9sistance \u00e0 l\u2019hydrolyse et aux fissures sous contrainte, pour isolation, gainage et matelas avec retard de flamme, faible \u00e9mission de fum\u00e9e et bonne processabilit\u00e9.<\/p>\n\n\n\n<p>Les compos\u00e9s Polyprime\u00ae PVC assurent une protection robuste, r\u00e9sistance aux insectes, aux huiles et aux UV, avec performance sur toute la plage de temp\u00e9ratures, y compris flexibilit\u00e9 \u00e0 basse temp\u00e9rature. Cabopol fournit la solution adapt\u00e9e pour des c\u00e2bles basse tension fiables et efficaces.<\/p>\n<\/div><\/div><\/div>\n\n\n\n<div class=\"wp-block-kobu-custom-blocks-responsive-spacer responsive-spacer size-large\"><\/div>\n\n\n\n<div class=\"wp-block-kobu-custom-blocks-inner-content-img alignwide media-content-group child-item align-left valign-start img-first\"><div class=\"media-col\"><figure><img loading=\"lazy\" decoding=\"async\" width=\"1301\" height=\"1301\" class=\"wp-image-4087\" src=\"https:\/\/staging.cabopol.com\/files\/uploads\/2026\/02\/Power-Solar.webp\" alt=\"\" title=\"Power Solar\" sizes=\"auto, (min-width: 1201px) 35vw, (min-width: 601px) 50vw, 100vw\" srcset=\"https:\/\/staging.cabopol.com\/files\/uploads\/2026\/02\/Power-Solar.webp 1301w, https:\/\/staging.cabopol.com\/files\/uploads\/2026\/02\/Power-Solar-300x300.webp 300w, https:\/\/staging.cabopol.com\/files\/uploads\/2026\/02\/Power-Solar-1024x1024.webp 1024w, https:\/\/staging.cabopol.com\/files\/uploads\/2026\/02\/Power-Solar-150x150.webp 150w, https:\/\/staging.cabopol.com\/files\/uploads\/2026\/02\/Power-Solar-768x768.webp 768w\" \/><\/figure><\/div><div class=\"content-col\"><div class=\"content-col-wrapper\">\n<h2 class=\"wp-block-heading\">C\u00e2bles Solaires et Photovolta\u00efques<br>XLPO | HF<\/h2>\n\n\n\n<p>Cabopol propose des compos\u00e9s XLPO et sans halog\u00e8ne, con\u00e7us pour des applications solaires de longue dur\u00e9e.<\/p>\n\n\n\n<p>Sofiplus\u00ae prend en charge les m\u00e9thodes de r\u00e9ticulation par faisceau d\u2019\u00e9lectrons, silane et peroxyde, assurant r\u00e9sistance aux UV, retard de flamme et flexibilit\u00e9 pour l\u2019isolation et le gainage en environnements ext\u00e9rieurs exigeants.<\/p>\n<\/div><\/div><\/div>\n\n\n\n<div class=\"wp-block-kobu-custom-blocks-responsive-spacer responsive-spacer size-large\"><\/div>\n\n\n\n<div class=\"wp-block-kobu-custom-blocks-inner-content-img alignwide media-content-group child-item align-right valign-start img-first\"><div class=\"media-col\"><figure><img loading=\"lazy\" decoding=\"async\" width=\"1301\" height=\"1301\" class=\"wp-image-4091\" src=\"https:\/\/staging.cabopol.com\/files\/uploads\/2026\/02\/Power-Specialized.webp\" alt=\"\" title=\"Power Specialized\" sizes=\"auto, (min-width: 1201px) 35vw, (min-width: 601px) 50vw, 100vw\" srcset=\"https:\/\/staging.cabopol.com\/files\/uploads\/2026\/02\/Power-Specialized.webp 1301w, https:\/\/staging.cabopol.com\/files\/uploads\/2026\/02\/Power-Specialized-300x300.webp 300w, https:\/\/staging.cabopol.com\/files\/uploads\/2026\/02\/Power-Specialized-1024x1024.webp 1024w, https:\/\/staging.cabopol.com\/files\/uploads\/2026\/02\/Power-Specialized-150x150.webp 150w, https:\/\/staging.cabopol.com\/files\/uploads\/2026\/02\/Power-Specialized-768x768.webp 768w\" \/><\/figure><\/div><div class=\"content-col\"><div class=\"content-col-wrapper\">\n<h2 class=\"wp-block-heading\">C\u00e2bles Sp\u00e9cialis\u00e9s<br>TPU<\/h2>\n\n\n\n<p>Con\u00e7us pour les c\u00e2bles industriels, miniers et de recharge de v\u00e9hicules \u00e9lectriques, les compos\u00e9s Lacoflex\u00ae TPU allient retardateur de flamme sans halog\u00e8ne, excellente flexibilit\u00e9, r\u00e9sistance aux huiles et aux UV. Id\u00e9al pour les environnements exigeants o\u00f9 performance et durabilit\u00e9 sont essentielles.<\/p>\n<\/div><\/div><\/div>\n\n\n\n<div class=\"wp-block-kobu-custom-blocks-responsive-spacer responsive-spacer size-large\"><\/div>\n\n\n\n<div class=\"wp-block-kobu-custom-blocks-inner-content-img alignwide media-content-group child-item align-left valign-start img-first\"><div class=\"media-col\"><figure><img loading=\"lazy\" decoding=\"async\" width=\"1301\" height=\"1301\" class=\"wp-image-4083\" src=\"https:\/\/staging.cabopol.com\/files\/uploads\/2026\/02\/Power-Oil-Resistant.webp\" alt=\"\" title=\"Power Oil Resistant\" sizes=\"auto, (min-width: 1201px) 35vw, (min-width: 601px) 50vw, 100vw\" srcset=\"https:\/\/staging.cabopol.com\/files\/uploads\/2026\/02\/Power-Oil-Resistant.webp 1301w, https:\/\/staging.cabopol.com\/files\/uploads\/2026\/02\/Power-Oil-Resistant-300x300.webp 300w, https:\/\/staging.cabopol.com\/files\/uploads\/2026\/02\/Power-Oil-Resistant-1024x1024.webp 1024w, https:\/\/staging.cabopol.com\/files\/uploads\/2026\/02\/Power-Oil-Resistant-150x150.webp 150w, https:\/\/staging.cabopol.com\/files\/uploads\/2026\/02\/Power-Oil-Resistant-768x768.webp 768w\" \/><\/figure><\/div><div class=\"content-col\"><div class=\"content-col-wrapper\">\n<h2 class=\"wp-block-heading\">C\u00e2bles R\u00e9sistants \u00e0 l\u2019Huile<br>TPE<\/h2>\n\n\n\n<p>Con\u00e7us pour une r\u00e9sistance chimique extr\u00eame, les compos\u00e9s Lacoflex\u00ae TPE r\u00e9pondent aux normes UL 94 V0, V2 et HB. Avec r\u00e9ticulation au silane et retardateur de flamme sans halog\u00e8ne, ils assurent une isolation et un gainage fiables dans des conditions s\u00e9v\u00e8res expos\u00e9es aux huiles.<\/p>\n<\/div><\/div><\/div>\n\n\n\n<div class=\"wp-block-kobu-custom-blocks-responsive-spacer responsive-spacer size-large\"><\/div>\n\n\n\n<div class=\"wp-block-kobu-custom-blocks-inner-content-img alignwide media-content-group child-item align-right valign-start img-first\"><div class=\"media-col\"><figure><img loading=\"lazy\" decoding=\"async\" width=\"1301\" height=\"1301\" class=\"wp-image-4075\" src=\"https:\/\/staging.cabopol.com\/files\/uploads\/2026\/02\/Power-Flexible.webp\" alt=\"\" title=\"Power Flexible\" sizes=\"auto, (min-width: 1201px) 35vw, (min-width: 601px) 50vw, 100vw\" srcset=\"https:\/\/staging.cabopol.com\/files\/uploads\/2026\/02\/Power-Flexible.webp 1301w, https:\/\/staging.cabopol.com\/files\/uploads\/2026\/02\/Power-Flexible-300x300.webp 300w, https:\/\/staging.cabopol.com\/files\/uploads\/2026\/02\/Power-Flexible-1024x1024.webp 1024w, https:\/\/staging.cabopol.com\/files\/uploads\/2026\/02\/Power-Flexible-150x150.webp 150w, https:\/\/staging.cabopol.com\/files\/uploads\/2026\/02\/Power-Flexible-768x768.webp 768w\" \/><\/figure><\/div><div class=\"content-col\"><div class=\"content-col-wrapper\">\n<h2 class=\"wp-block-heading\">C\u00e2bles Flexibles<br>TPE<\/h2>\n\n\n\n<p>Les compos\u00e9s Lacoflex\u00ae TPE offrent une flexibilit\u00e9 \u00e0 basse temp\u00e9rature et des performances thermiques robustes pour les c\u00e2bles d\u2019\u00e9nergie, ferroviaires, \u00e0 batterie ruban et d\u2019ascenseurs. Ces mat\u00e9riaux sans halog\u00e8ne assurent une isolation et un gainage durables avec r\u00e9sistance aux huiles et aux UV.<\/p>\n<\/div><\/div><\/div>\n\n\n\n<div class=\"wp-block-kobu-custom-blocks-responsive-spacer responsive-spacer size-large\"><\/div>\n\n\n    <div class=\"solutions-slider-block alignfull container-wrapper\">\n        <div class=\"container large\">\n                            <h2>Applications<\/h2>\n                    <\/div>\n        <div class=\"container full\">\n            <div class=\"solutions-slider\" data-width=\"large\" data-gap=\"large\">\n                \n<div class=\"article solution-card \">\n    <div class=\"solution-inner-wrapper\">\n        <div class=\"img-wrapper\">\n                            <div class=\"fixed-ratio-img\">\n                    <img loading=\"lazy\" decoding=\"async\" width=\"640\" height=\"433\" src=\"https:\/\/staging.cabopol.com\/files\/uploads\/2026\/02\/Sofiplus-ONE.webp\" class=\"coverimg\" alt=\"Solar Panels reflecting the sky\" sizes=\"auto, (min-width: 993px) 33vw, (min-width: 601px) 50vw, 100vw\" srcset=\"https:\/\/staging.cabopol.com\/files\/uploads\/2026\/02\/Sofiplus-ONE.webp 701w, https:\/\/staging.cabopol.com\/files\/uploads\/2026\/02\/Sofiplus-ONE-300x203.webp 300w\" \/>                <\/div>\n                    <\/div>\n        <div class=\"content-wrapper\">\n                        <h3 class=\"post-title\">Sofiplus ONE<\/h3>\n            <div class=\"tags-wrapper\"><a class=\"tag\" href=\"https:\/\/staging.cabopol.com\/fr\/applications\/fils-et-cables\/\">Fils et c\u00e2bles<\/a><span class=\"tag\">HF<\/span><span class=\"tag\">XLPO<\/span><a class=\"tag\" href=\"https:\/\/staging.cabopol.com\/fr\/applications\/fils-et-cables\/energie\/\">\u00c9nergie<\/a><span class=\"tag\">Sofiplus<\/span><\/div>                            <div class=\"description\">Solaire | Photovolta\u00efque<\/div>\n                        <div class=\"btn ghost-gray small submit-interest-solution\">Soumettre un int\u00e9r\u00eat<\/div>\n        <\/div>\n    <\/div>\n<\/div>\n<div class=\"article solution-card \">\n    <div class=\"solution-inner-wrapper\">\n        <div class=\"img-wrapper\">\n                            <div class=\"fixed-ratio-img\">\n                    <img loading=\"lazy\" decoding=\"async\" width=\"640\" height=\"434\" src=\"https:\/\/staging.cabopol.com\/files\/uploads\/2026\/02\/Sofiplus-HZ.webp\" class=\"coverimg\" alt=\"Wires and Cables\" sizes=\"auto, (min-width: 993px) 33vw, (min-width: 601px) 50vw, 100vw\" srcset=\"https:\/\/staging.cabopol.com\/files\/uploads\/2026\/02\/Sofiplus-HZ.webp 701w, https:\/\/staging.cabopol.com\/files\/uploads\/2026\/02\/Sofiplus-HZ-300x203.webp 300w\" \/>                <\/div>\n                    <\/div>\n        <div class=\"content-wrapper\">\n                        <h3 class=\"post-title\">Sofiplus HZ<\/h3>\n            <div class=\"tags-wrapper\"><a class=\"tag\" href=\"https:\/\/staging.cabopol.com\/fr\/applications\/fils-et-cables\/\">Fils et c\u00e2bles<\/a><span class=\"tag\">LSZH<\/span><a class=\"tag\" href=\"https:\/\/staging.cabopol.com\/fr\/applications\/fils-et-cables\/energie\/\">\u00c9nergie<\/a><span class=\"tag\">Sofiplus<\/span><\/div>                            <div class=\"description\">Basse tension | CPR<\/div>\n                        <div class=\"btn ghost-gray small submit-interest-solution\">Soumettre un int\u00e9r\u00eat<\/div>\n        <\/div>\n    <\/div>\n<\/div>\n<div class=\"article solution-card \">\n    <div class=\"solution-inner-wrapper\">\n        <div class=\"img-wrapper\">\n                            <div class=\"fixed-ratio-img\">\n                    <img loading=\"lazy\" decoding=\"async\" width=\"640\" height=\"434\" src=\"https:\/\/staging.cabopol.com\/files\/uploads\/2026\/02\/Polyprime-Power.webp\" class=\"coverimg\" alt=\"Wires and Cables\" sizes=\"auto, (min-width: 993px) 33vw, (min-width: 601px) 50vw, 100vw\" srcset=\"https:\/\/staging.cabopol.com\/files\/uploads\/2026\/02\/Polyprime-Power.webp 701w, https:\/\/staging.cabopol.com\/files\/uploads\/2026\/02\/Polyprime-Power-300x203.webp 300w\" \/>                <\/div>\n                    <\/div>\n        <div class=\"content-wrapper\">\n                        <h3 class=\"post-title\">Polyprime POWER<\/h3>\n            <div class=\"tags-wrapper\"><a class=\"tag\" href=\"https:\/\/staging.cabopol.com\/fr\/applications\/fils-et-cables\/\">Fils et c\u00e2bles<\/a><span class=\"tag\">PVC<\/span><a class=\"tag\" href=\"https:\/\/staging.cabopol.com\/fr\/applications\/fils-et-cables\/energie\/\">\u00c9nergie<\/a><a class=\"tag\" href=\"https:\/\/staging.cabopol.com\/fr\/nos-produits\/polyprime\/\">Polyprime<\/a><\/div>                            <div class=\"description\">Basse tension<\/div>\n                        <div class=\"btn ghost-gray small submit-interest-solution\">Soumettre un int\u00e9r\u00eat<\/div>\n        <\/div>\n    <\/div>\n<\/div>\n<div class=\"article solution-card \">\n    <div class=\"solution-inner-wrapper\">\n        <div class=\"img-wrapper\">\n                            <div class=\"fixed-ratio-img\">\n                    <img loading=\"lazy\" decoding=\"async\" width=\"640\" height=\"434\" src=\"https:\/\/staging.cabopol.com\/files\/uploads\/2026\/02\/Lacoflex-TEC-Power.webp\" class=\"coverimg\" alt=\"Factory operations\" sizes=\"auto, (min-width: 993px) 33vw, (min-width: 601px) 50vw, 100vw\" srcset=\"https:\/\/staging.cabopol.com\/files\/uploads\/2026\/02\/Lacoflex-TEC-Power.webp 701w, https:\/\/staging.cabopol.com\/files\/uploads\/2026\/02\/Lacoflex-TEC-Power-300x203.webp 300w\" \/>                <\/div>\n                    <\/div>\n        <div class=\"content-wrapper\">\n                        <h3 class=\"post-title\">Lacoflex TEC<\/h3>\n            <div class=\"tags-wrapper\"><a class=\"tag\" href=\"https:\/\/staging.cabopol.com\/fr\/applications\/fils-et-cables\/\">Fils et c\u00e2bles<\/a><span class=\"tag\">TPE-S<\/span><span class=\"tag\">TPU<\/span><a class=\"tag\" href=\"https:\/\/staging.cabopol.com\/fr\/applications\/fils-et-cables\/energie\/\">\u00c9nergie<\/a><span class=\"tag\">Lacoflex<\/span><\/div>                            <div class=\"description\">R\u00e9sistant \u00e0 l\u2019huile | Robotique | Mines | Flexible | A\u00e9roport | Cha\u00eene porte-c\u00e2bles<\/div>\n                        <div class=\"btn ghost-gray small submit-interest-solution\">Soumettre un int\u00e9r\u00eat<\/div>\n        <\/div>\n    <\/div>\n<\/div>            <\/div>\n        <\/div>\n                    <div class=\"container large\">\n                <a href=\"https:\/\/staging.cabopol.com\/fr\/nos-produits\/\" class=\"solutions-page-link arrow-link\"><span>D\u00e9couvrir nos Applications<\/span><\/a>\n            <\/div>\n            <\/div>\n\n\n\n<div class=\"wp-block-kobu-custom-blocks-responsive-spacer responsive-spacer size-large\"><\/div>\n\n\n    <div class=\"taxonomy-slider-block alignfull container-wrapper\">\n        <div class=\"container large\">\n                            <h2>Autre Applications<\/h2>\n                    <\/div>\n        <div class=\"container full\">\n            <div class=\"taxonomy-slider\" data-width=\"large\">\n                \n    <div class=\"card sector slide \">\n        <div class=\"card-inner-wrapper\">\n                            <div class=\"featured-img\">\n                    <div class=\"featured-img-inner\">\n                        <img loading=\"lazy\" decoding=\"async\" width=\"640\" height=\"640\" src=\"https:\/\/staging.cabopol.com\/files\/uploads\/2026\/02\/Consumer-goods-Whitegoods-768x768.webp\" class=\"coverimg\" alt=\"Kitchenware\" sizes=\"auto, (min-width: 993px) 33vw, (min-width: 601px) 50vw, 100vw\" srcset=\"https:\/\/staging.cabopol.com\/files\/uploads\/2026\/02\/Consumer-goods-Whitegoods-768x768.webp 768w, https:\/\/staging.cabopol.com\/files\/uploads\/2026\/02\/Consumer-goods-Whitegoods-300x300.webp 300w, https:\/\/staging.cabopol.com\/files\/uploads\/2026\/02\/Consumer-goods-Whitegoods-1024x1024.webp 1024w, https:\/\/staging.cabopol.com\/files\/uploads\/2026\/02\/Consumer-goods-Whitegoods-150x150.webp 150w, https:\/\/staging.cabopol.com\/files\/uploads\/2026\/02\/Consumer-goods-Whitegoods.webp 1301w\" \/>                    <\/div>\n                <\/div>\n                        <div class=\"content-wrapper\">\n                <h3 class=\"post-title\">Biens de Consommation &amp; Soins Personnels<\/h3>\n                                <a href=\"https:\/\/staging.cabopol.com\/fr\/applications\/moulage-par-injection-extrusion\/biens-de-consommation-soins-personnels\/\" class=\"btn ghost-white arrow-btn\">D\u00e9couvrir les Possibilit\u00e9s<\/a>\n            <\/div>\n        <\/div>\n    <\/div>\n\n    <div class=\"card sector slide \">\n        <div class=\"card-inner-wrapper\">\n                            <div class=\"featured-img\">\n                    <div class=\"featured-img-inner\">\n                        <img loading=\"lazy\" decoding=\"async\" width=\"640\" height=\"640\" src=\"https:\/\/staging.cabopol.com\/files\/uploads\/2026\/02\/Automotive-Interior-768x768.webp\" class=\"coverimg\" alt=\"Car interior details\" sizes=\"auto, (min-width: 993px) 33vw, (min-width: 601px) 50vw, 100vw\" srcset=\"https:\/\/staging.cabopol.com\/files\/uploads\/2026\/02\/Automotive-Interior-768x768.webp 768w, https:\/\/staging.cabopol.com\/files\/uploads\/2026\/02\/Automotive-Interior-300x300.webp 300w, https:\/\/staging.cabopol.com\/files\/uploads\/2026\/02\/Automotive-Interior-1024x1024.webp 1024w, https:\/\/staging.cabopol.com\/files\/uploads\/2026\/02\/Automotive-Interior-150x150.webp 150w, https:\/\/staging.cabopol.com\/files\/uploads\/2026\/02\/Automotive-Interior.webp 1301w\" \/>                    <\/div>\n                <\/div>\n                        <div class=\"content-wrapper\">\n                <h3 class=\"post-title\">Automobile<\/h3>\n                                <a href=\"https:\/\/staging.cabopol.com\/fr\/applications\/fils-et-cables\/automobile-cables\/\" class=\"btn ghost-white arrow-btn\">D\u00e9couvrir les Possibilit\u00e9s<\/a>\n            <\/div>\n        <\/div>\n    <\/div>\n\n    <div class=\"card sector slide \">\n        <div class=\"card-inner-wrapper\">\n                            <div class=\"featured-img\">\n                    <div class=\"featured-img-inner\">\n                        <img loading=\"lazy\" decoding=\"async\" width=\"640\" height=\"640\" src=\"https:\/\/staging.cabopol.com\/files\/uploads\/2026\/02\/Industry-Building-768x768.webp\" class=\"coverimg\" alt=\"Factory materials\" sizes=\"auto, (min-width: 993px) 33vw, (min-width: 601px) 50vw, 100vw\" srcset=\"https:\/\/staging.cabopol.com\/files\/uploads\/2026\/02\/Industry-Building-768x768.webp 768w, https:\/\/staging.cabopol.com\/files\/uploads\/2026\/02\/Industry-Building-300x300.webp 300w, https:\/\/staging.cabopol.com\/files\/uploads\/2026\/02\/Industry-Building-1024x1024.webp 1024w, https:\/\/staging.cabopol.com\/files\/uploads\/2026\/02\/Industry-Building-150x150.webp 150w, https:\/\/staging.cabopol.com\/files\/uploads\/2026\/02\/Industry-Building.webp 1301w\" \/>                    <\/div>\n                <\/div>\n                        <div class=\"content-wrapper\">\n                <h3 class=\"post-title\">Industrie<\/h3>\n                                <a href=\"https:\/\/staging.cabopol.com\/fr\/applications\/moulage-par-injection-extrusion\/industrie\/\" class=\"btn ghost-white arrow-btn\">D\u00e9couvrir les Possibilit\u00e9s<\/a>\n            <\/div>\n        <\/div>\n    <\/div>\n\n    <div class=\"card sector slide \">\n        <div class=\"card-inner-wrapper\">\n                            <div class=\"featured-img\">\n                    <div class=\"featured-img-inner\">\n                        <img loading=\"lazy\" decoding=\"async\" width=\"640\" height=\"640\" src=\"https:\/\/staging.cabopol.com\/files\/uploads\/2026\/02\/Telecom-Data-768x768.webp\" class=\"coverimg\" alt=\"Telecom Data Wire\" sizes=\"auto, (min-width: 993px) 33vw, (min-width: 601px) 50vw, 100vw\" srcset=\"https:\/\/staging.cabopol.com\/files\/uploads\/2026\/02\/Telecom-Data-768x768.webp 768w, https:\/\/staging.cabopol.com\/files\/uploads\/2026\/02\/Telecom-Data-300x300.webp 300w, https:\/\/staging.cabopol.com\/files\/uploads\/2026\/02\/Telecom-Data-1024x1024.webp 1024w, https:\/\/staging.cabopol.com\/files\/uploads\/2026\/02\/Telecom-Data-150x150.webp 150w, https:\/\/staging.cabopol.com\/files\/uploads\/2026\/02\/Telecom-Data.webp 1301w\" \/>                    <\/div>\n                <\/div>\n                        <div class=\"content-wrapper\">\n                <h3 class=\"post-title\">Telecom<\/h3>\n                                <a href=\"https:\/\/staging.cabopol.com\/fr\/applications\/fils-et-cables\/telecom\/\" class=\"btn ghost-white arrow-btn\">D\u00e9couvrir les Possibilit\u00e9s<\/a>\n            <\/div>\n        <\/div>\n    <\/div>\n            <\/div>\n        <\/div>\n                    <div class=\"container large\">\n                <a href=\"https:\/\/staging.cabopol.com\/fr\/applications\/\" class=\"taxonomy-page-link arrow-link\"><span>D\u00e9couvrir nos Applications<\/span><\/a>\n            <\/div>\n            <\/div>\n","protected":false},"excerpt":{"rendered":"","protected":false},"author":1,"featured_media":4075,"parent":2612,"menu_order":9,"comment_status":"closed","ping_status":"closed","template":"templates\/application.php","meta":{"_acf_changed":false,"inline_featured_image":false,"footnotes":""},"class_list":["post-2639","page","type-page","status-publish","has-post-thumbnail","hentry"],"acf":[],"_links":{"self":[{"href":"https:\/\/staging.cabopol.com\/fr\/wp-json\/wp\/v2\/pages\/2639","targetHints":{"allow":["GET"]}}],"collection":[{"href":"https:\/\/staging.cabopol.com\/fr\/wp-json\/wp\/v2\/pages"}],"about":[{"href":"https:\/\/staging.cabopol.com\/fr\/wp-json\/wp\/v2\/types\/page"}],"author":[{"embeddable":true,"href":"https:\/\/staging.cabopol.com\/fr\/wp-json\/wp\/v2\/users\/1"}],"replies":[{"embeddable":true,"href":"https:\/\/staging.cabopol.com\/fr\/wp-json\/wp\/v2\/comments?post=2639"}],"version-history":[{"count":6,"href":"https:\/\/staging.cabopol.com\/fr\/wp-json\/wp\/v2\/pages\/2639\/revisions"}],"predecessor-version":[{"id":4442,"href":"https:\/\/staging.cabopol.com\/fr\/wp-json\/wp\/v2\/pages\/2639\/revisions\/4442"}],"up":[{"embeddable":true,"href":"https:\/\/staging.cabopol.com\/fr\/wp-json\/wp\/v2\/pages\/2612"}],"wp:featuredmedia":[{"embeddable":true,"href":"https:\/\/staging.cabopol.com\/fr\/wp-json\/wp\/v2\/media\/4075"}],"wp:attachment":[{"href":"https:\/\/staging.cabopol.com\/fr\/wp-json\/wp\/v2\/media?parent=2639"}],"curies":[{"name":"wp","href":"https:\/\/api.w.org\/{rel}","templated":true}]}}