{"id":2645,"date":"2025-07-02T14:05:43","date_gmt":"2025-07-02T14:05:43","guid":{"rendered":"https:\/\/staging.cabopol.com\/contactez-nous\/fils-et-cables\/automotive-wire\/"},"modified":"2026-02-05T16:05:46","modified_gmt":"2026-02-05T16:05:46","slug":"automobile-cables","status":"publish","type":"page","link":"https:\/\/staging.cabopol.com\/fr\/applications\/fils-et-cables\/automobile-cables\/","title":{"rendered":"Automobile"},"content":{"rendered":"\n<div class=\"wp-block-kobu-custom-blocks-inner-content-img alignwide media-content-group child-item align-right valign-start img-first\"><div class=\"media-col\"><figure><img loading=\"lazy\" decoding=\"async\" width=\"1301\" height=\"1301\" class=\"wp-image-4023\" src=\"https:\/\/staging.cabopol.com\/files\/uploads\/2026\/02\/Wire-and-cable-Automotive.webp\" alt=\"\" title=\"Wire and cable Automotive\" sizes=\"auto, (min-width: 1201px) 35vw, (min-width: 601px) 50vw, 100vw\" srcset=\"https:\/\/staging.cabopol.com\/files\/uploads\/2026\/02\/Wire-and-cable-Automotive.webp 1301w, https:\/\/staging.cabopol.com\/files\/uploads\/2026\/02\/Wire-and-cable-Automotive-300x300.webp 300w, https:\/\/staging.cabopol.com\/files\/uploads\/2026\/02\/Wire-and-cable-Automotive-1024x1024.webp 1024w, https:\/\/staging.cabopol.com\/files\/uploads\/2026\/02\/Wire-and-cable-Automotive-150x150.webp 150w, https:\/\/staging.cabopol.com\/files\/uploads\/2026\/02\/Wire-and-cable-Automotive-768x768.webp 768w\" \/><\/figure><\/div><div class=\"content-col\"><div class=\"content-col-wrapper\">\n<h2 class=\"wp-block-heading\">G\u00e9n\u00e9ral<br>TPE | TPU | PP | XLPO | PVC<\/h2>\n\n\n\n<p>Cabopol propose des compos\u00e9s thermoplastiques et r\u00e9ticulables haute performance pour les c\u00e2bles et fils automobiles. Nos grades Lacoflex\u00ae TPE\/TPU, Sofiplus\u00ae PP\/XLPO et Polyprime\u00ae PVC couvrent des applications allant de T2 \u00e0 T4, y compris la recharge de v\u00e9hicules \u00e9lectriques.<\/p>\n\n\n\n<p>Lacoflex\u00ae garantit flexibilit\u00e9 \u00e0 basse temp\u00e9rature (-40\u00baC), r\u00e9sistance \u00e0 l\u2019abrasion et options de retardement de flamme sans halog\u00e8nes. Les versions TPU offrent une excellente r\u00e9sistance m\u00e9canique et aux UV jusqu\u2019\u00e0 125\u00baC.<\/p>\n\n\n\n<p>Les compos\u00e9s r\u00e9ticulables Sofiplus\u00ae respectent les normes ISO 6722 et LV 112, assurant r\u00e9sistance aux hautes temp\u00e9ratures (&gt;125\u00baC), performance \u00e0 l\u2019abrasion et vieillissement thermique \u00e0 long terme.<\/p>\n\n\n\n<p>Les solutions Polyprime\u00ae PVC offrent un rendement \u00e9conomique pour T2, T3, JASO et CIVUS, combinant flexibilit\u00e9, r\u00e9sistance aux huiles et stabilit\u00e9 thermique.<\/p>\n<\/div><\/div><\/div>\n\n\n\n<div class=\"wp-block-kobu-custom-blocks-responsive-spacer responsive-spacer size-large\"><\/div>\n\n\n\n<div class=\"wp-block-kobu-custom-blocks-inner-content-img alignwide media-content-group child-item align-left valign-start img-first\"><div class=\"media-col\"><figure><img loading=\"lazy\" decoding=\"async\" width=\"1301\" height=\"1301\" class=\"wp-image-4035\" src=\"https:\/\/staging.cabopol.com\/files\/uploads\/2026\/02\/Automotive-Communications.webp\" alt=\"\" title=\"Automotive Communications\" sizes=\"auto, (min-width: 1201px) 35vw, (min-width: 601px) 50vw, 100vw\" srcset=\"https:\/\/staging.cabopol.com\/files\/uploads\/2026\/02\/Automotive-Communications.webp 1301w, https:\/\/staging.cabopol.com\/files\/uploads\/2026\/02\/Automotive-Communications-300x300.webp 300w, https:\/\/staging.cabopol.com\/files\/uploads\/2026\/02\/Automotive-Communications-1024x1024.webp 1024w, https:\/\/staging.cabopol.com\/files\/uploads\/2026\/02\/Automotive-Communications-150x150.webp 150w, https:\/\/staging.cabopol.com\/files\/uploads\/2026\/02\/Automotive-Communications-768x768.webp 768w\" \/><\/figure><\/div><div class=\"content-col\"><div class=\"content-col-wrapper\">\n<h2 class=\"wp-block-heading\">COMMUNICATIONS<br>TPE | TPU | PP | PE | XLPE<\/h2>\n\n\n\n<p>Cabopol propose des compos\u00e9s sp\u00e9cialis\u00e9s pour les c\u00e2bles de donn\u00e9es, coaxiaux, Ethernet et CAN utilis\u00e9s dans les syst\u00e8mes de communication automobile modernes. Nos solutions Lacoflex\u00ae TPE\/TPU et Sofiplus\u00ae PP\/PE\/XLPE combinent retard de flamme sans halog\u00e8nes, r\u00e9sistance aux huiles et flexibilit\u00e9 de -40\u00b0C \u00e0 +125\u00b0C.<\/p>\n\n\n\n<p>Ces mat\u00e9riaux sont con\u00e7us pour des performances \u00e9lectriques \u00e9lev\u00e9es, offrant une imp\u00e9dance stable, de faibles constantes di\u00e9lectriques et une compatibilit\u00e9 \u00e9lev\u00e9e avec le blindage. Adapt\u00e9s aux di\u00e9lectriques solides et en mousse, ils garantissent un dimensionnement coh\u00e9rent des c\u00e2bles et l\u2019int\u00e9grit\u00e9 du signal.<\/p>\n\n\n\n<p>Les compos\u00e9s Cabopol offrent \u00e9galement r\u00e9sistance \u00e0 l\u2019abrasion, recyclabilit\u00e9 et faibles \u00e9missions de fum\u00e9e, r\u00e9pondant aux exigences des environnements automobiles s\u00e9v\u00e8res. Des grades standard ou sur mesure sont disponibles pour r\u00e9pondre pr\u00e9cis\u00e9ment \u00e0 vos besoins.<\/p>\n<\/div><\/div><\/div>\n\n\n\n<div class=\"wp-block-kobu-custom-blocks-responsive-spacer responsive-spacer size-large\"><\/div>\n\n\n    <div class=\"solutions-slider-block alignfull container-wrapper\">\n        <div class=\"container large\">\n                            <h2>Applications<\/h2>\n                    <\/div>\n        <div class=\"container full\">\n            <div class=\"solutions-slider\" data-width=\"large\" data-gap=\"large\">\n                \n<div class=\"article solution-card \">\n    <div class=\"solution-inner-wrapper\">\n        <div class=\"img-wrapper\">\n                            <div class=\"fixed-ratio-img\">\n                    <img loading=\"lazy\" decoding=\"async\" width=\"640\" height=\"434\" src=\"https:\/\/staging.cabopol.com\/files\/uploads\/2026\/02\/Polyprime-1.webp\" class=\"coverimg\" alt=\"Factory operations\" sizes=\"auto, (min-width: 993px) 33vw, (min-width: 601px) 50vw, 100vw\" srcset=\"https:\/\/staging.cabopol.com\/files\/uploads\/2026\/02\/Polyprime-1.webp 701w, https:\/\/staging.cabopol.com\/files\/uploads\/2026\/02\/Polyprime-1-300x203.webp 300w\" \/>                <\/div>\n                    <\/div>\n        <div class=\"content-wrapper\">\n                        <h3 class=\"post-title\">Polyprime T2\/T3<\/h3>\n            <div class=\"tags-wrapper\"><a class=\"tag\" href=\"https:\/\/staging.cabopol.com\/fr\/applications\/fils-et-cables\/\">Fils et c\u00e2bles<\/a><span class=\"tag\">PVC<\/span><a class=\"tag\" href=\"https:\/\/staging.cabopol.com\/fr\/applications\/fils-et-cables\/automobile-cables\/\">C\u00e2ble Automobile<\/a><a class=\"tag\" href=\"https:\/\/staging.cabopol.com\/fr\/nos-produits\/polyprime\/\">Polyprime<\/a><\/div>                            <div class=\"description\">T2 | T3 | JASO | CIVUS | Donn\u00e9es | Coaxial<\/div>\n                        <div class=\"btn ghost-gray small submit-interest-solution\">Soumettre un int\u00e9r\u00eat<\/div>\n        <\/div>\n    <\/div>\n<\/div>\n<div class=\"article solution-card \">\n    <div class=\"solution-inner-wrapper\">\n        <div class=\"img-wrapper\">\n                            <div class=\"fixed-ratio-img\">\n                    <img loading=\"lazy\" decoding=\"async\" width=\"640\" height=\"433\" src=\"https:\/\/staging.cabopol.com\/files\/uploads\/2026\/02\/Sofiplus-DATA.webp\" class=\"coverimg\" alt=\"Car seen from above\" sizes=\"auto, (min-width: 993px) 33vw, (min-width: 601px) 50vw, 100vw\" srcset=\"https:\/\/staging.cabopol.com\/files\/uploads\/2026\/02\/Sofiplus-DATA.webp 701w, https:\/\/staging.cabopol.com\/files\/uploads\/2026\/02\/Sofiplus-DATA-300x203.webp 300w\" \/>                <\/div>\n                    <\/div>\n        <div class=\"content-wrapper\">\n                        <h3 class=\"post-title\">Sofiplus DATA<\/h3>\n            <div class=\"tags-wrapper\"><a class=\"tag\" href=\"https:\/\/staging.cabopol.com\/fr\/applications\/fils-et-cables\/\">Fils et c\u00e2bles<\/a><span class=\"tag\">PE<\/span><span class=\"tag\">PP<\/span><span class=\"tag\">XLPE<\/span><a class=\"tag\" href=\"https:\/\/staging.cabopol.com\/fr\/applications\/fils-et-cables\/automobile-cables\/\">C\u00e2ble Automobile<\/a><span class=\"tag\">Sofiplus<\/span><\/div>                            <div class=\"description\">Coaxial | Ethernet | Donn\u00e9es<\/div>\n                        <div class=\"btn ghost-gray small submit-interest-solution\">Soumettre un int\u00e9r\u00eat<\/div>\n        <\/div>\n    <\/div>\n<\/div>\n<div class=\"article solution-card \">\n    <div class=\"solution-inner-wrapper\">\n        <div class=\"img-wrapper\">\n                            <div class=\"fixed-ratio-img\">\n                    <img loading=\"lazy\" decoding=\"async\" width=\"640\" height=\"434\" src=\"https:\/\/staging.cabopol.com\/files\/uploads\/2026\/02\/Lacoflex-TEC.webp\" class=\"coverimg\" alt=\"Wires and Cables\" sizes=\"auto, (min-width: 993px) 33vw, (min-width: 601px) 50vw, 100vw\" srcset=\"https:\/\/staging.cabopol.com\/files\/uploads\/2026\/02\/Lacoflex-TEC.webp 701w, https:\/\/staging.cabopol.com\/files\/uploads\/2026\/02\/Lacoflex-TEC-300x203.webp 300w\" \/>                <\/div>\n                    <\/div>\n        <div class=\"content-wrapper\">\n                        <h3 class=\"post-title\">Lacoflex TEC<\/h3>\n            <div class=\"tags-wrapper\"><a class=\"tag\" href=\"https:\/\/staging.cabopol.com\/fr\/applications\/fils-et-cables\/\">Fils et c\u00e2bles<\/a><span class=\"tag\">TPE-S<\/span><span class=\"tag\">TPU<\/span><a class=\"tag\" href=\"https:\/\/staging.cabopol.com\/fr\/applications\/fils-et-cables\/automobile-cables\/\">C\u00e2ble Automobile<\/a><span class=\"tag\">Lacoflex<\/span><\/div>                            <div class=\"description\">T3 | T4 | Coaxial | Ethernet | Donn\u00e9es | Recharge EV<\/div>\n                        <div class=\"btn ghost-gray small submit-interest-solution\">Soumettre un int\u00e9r\u00eat<\/div>\n        <\/div>\n    <\/div>\n<\/div>\n<div class=\"article solution-card \">\n    <div class=\"solution-inner-wrapper\">\n        <div class=\"img-wrapper\">\n                            <div class=\"fixed-ratio-img\">\n                    <img loading=\"lazy\" decoding=\"async\" width=\"640\" height=\"434\" src=\"https:\/\/staging.cabopol.com\/files\/uploads\/2026\/02\/Sofiplus-AT.webp\" class=\"coverimg\" alt=\"A close shot of multiple wires\" sizes=\"auto, (min-width: 993px) 33vw, (min-width: 601px) 50vw, 100vw\" srcset=\"https:\/\/staging.cabopol.com\/files\/uploads\/2026\/02\/Sofiplus-AT.webp 701w, https:\/\/staging.cabopol.com\/files\/uploads\/2026\/02\/Sofiplus-AT-300x203.webp 300w\" \/>                <\/div>\n                    <\/div>\n        <div class=\"content-wrapper\">\n                        <h3 class=\"post-title\">Sofiplus AT<\/h3>\n            <div class=\"tags-wrapper\"><a class=\"tag\" href=\"https:\/\/staging.cabopol.com\/fr\/applications\/fils-et-cables\/\">Fils et c\u00e2bles<\/a><span class=\"tag\">PP<\/span><span class=\"tag\">XLPO<\/span><a class=\"tag\" href=\"https:\/\/staging.cabopol.com\/fr\/applications\/fils-et-cables\/automobile-cables\/\">C\u00e2ble Automobile<\/a><span class=\"tag\">Sofiplus<\/span><\/div>                            <div class=\"description\">T3 | T4 | Recharge EV<\/div>\n                        <div class=\"btn ghost-gray small submit-interest-solution\">Soumettre un int\u00e9r\u00eat<\/div>\n        <\/div>\n    <\/div>\n<\/div>            <\/div>\n        <\/div>\n                    <div class=\"container large\">\n                <a href=\"https:\/\/staging.cabopol.com\/fr\/nos-produits\/\" class=\"solutions-page-link arrow-link\"><span>D\u00e9couvrir nos Applications<\/span><\/a>\n            <\/div>\n            <\/div>\n\n\n\n<div class=\"wp-block-kobu-custom-blocks-responsive-spacer responsive-spacer size-large\"><\/div>\n\n\n    <div class=\"taxonomy-slider-block alignfull container-wrapper\">\n        <div class=\"container large\">\n                            <h2>Autre Applications<\/h2>\n                    <\/div>\n        <div class=\"container full\">\n            <div class=\"taxonomy-slider\" data-width=\"large\">\n                \n    <div class=\"card sector slide \">\n        <div class=\"card-inner-wrapper\">\n                            <div class=\"featured-img\">\n                    <div class=\"featured-img-inner\">\n                        <img loading=\"lazy\" decoding=\"async\" width=\"640\" height=\"640\" src=\"https:\/\/staging.cabopol.com\/files\/uploads\/2026\/02\/Consumer-goods-Whitegoods-768x768.webp\" class=\"coverimg\" alt=\"Kitchenware\" sizes=\"auto, (min-width: 993px) 33vw, (min-width: 601px) 50vw, 100vw\" srcset=\"https:\/\/staging.cabopol.com\/files\/uploads\/2026\/02\/Consumer-goods-Whitegoods-768x768.webp 768w, https:\/\/staging.cabopol.com\/files\/uploads\/2026\/02\/Consumer-goods-Whitegoods-300x300.webp 300w, https:\/\/staging.cabopol.com\/files\/uploads\/2026\/02\/Consumer-goods-Whitegoods-1024x1024.webp 1024w, https:\/\/staging.cabopol.com\/files\/uploads\/2026\/02\/Consumer-goods-Whitegoods-150x150.webp 150w, https:\/\/staging.cabopol.com\/files\/uploads\/2026\/02\/Consumer-goods-Whitegoods.webp 1301w\" \/>                    <\/div>\n                <\/div>\n                        <div class=\"content-wrapper\">\n                <h3 class=\"post-title\">Biens de Consommation &amp; Soins Personnels<\/h3>\n                                <a href=\"https:\/\/staging.cabopol.com\/fr\/applications\/moulage-par-injection-extrusion\/biens-de-consommation-soins-personnels\/\" class=\"btn ghost-white arrow-btn\">D\u00e9couvrir les Possibilit\u00e9s<\/a>\n            <\/div>\n        <\/div>\n    <\/div>\n\n    <div class=\"card sector slide \">\n        <div class=\"card-inner-wrapper\">\n                            <div class=\"featured-img\">\n                    <div class=\"featured-img-inner\">\n                        <img loading=\"lazy\" decoding=\"async\" width=\"640\" height=\"640\" src=\"https:\/\/staging.cabopol.com\/files\/uploads\/2026\/02\/Power-Flexible-768x768.webp\" class=\"coverimg\" alt=\"White Cables\" sizes=\"auto, (min-width: 993px) 33vw, (min-width: 601px) 50vw, 100vw\" srcset=\"https:\/\/staging.cabopol.com\/files\/uploads\/2026\/02\/Power-Flexible-768x768.webp 768w, https:\/\/staging.cabopol.com\/files\/uploads\/2026\/02\/Power-Flexible-300x300.webp 300w, https:\/\/staging.cabopol.com\/files\/uploads\/2026\/02\/Power-Flexible-1024x1024.webp 1024w, https:\/\/staging.cabopol.com\/files\/uploads\/2026\/02\/Power-Flexible-150x150.webp 150w, https:\/\/staging.cabopol.com\/files\/uploads\/2026\/02\/Power-Flexible.webp 1301w\" \/>                    <\/div>\n                <\/div>\n                        <div class=\"content-wrapper\">\n                <h3 class=\"post-title\">\u00c9nergie<\/h3>\n                                <a href=\"https:\/\/staging.cabopol.com\/fr\/applications\/fils-et-cables\/energie\/\" class=\"btn ghost-white arrow-btn\">D\u00e9couvrir les Possibilit\u00e9s<\/a>\n            <\/div>\n        <\/div>\n    <\/div>\n\n    <div class=\"card sector slide \">\n        <div class=\"card-inner-wrapper\">\n                            <div class=\"featured-img\">\n                    <div class=\"featured-img-inner\">\n                        <img loading=\"lazy\" decoding=\"async\" width=\"640\" height=\"640\" src=\"https:\/\/staging.cabopol.com\/files\/uploads\/2026\/02\/Industry-Building-768x768.webp\" class=\"coverimg\" alt=\"Factory materials\" sizes=\"auto, (min-width: 993px) 33vw, (min-width: 601px) 50vw, 100vw\" srcset=\"https:\/\/staging.cabopol.com\/files\/uploads\/2026\/02\/Industry-Building-768x768.webp 768w, https:\/\/staging.cabopol.com\/files\/uploads\/2026\/02\/Industry-Building-300x300.webp 300w, https:\/\/staging.cabopol.com\/files\/uploads\/2026\/02\/Industry-Building-1024x1024.webp 1024w, https:\/\/staging.cabopol.com\/files\/uploads\/2026\/02\/Industry-Building-150x150.webp 150w, https:\/\/staging.cabopol.com\/files\/uploads\/2026\/02\/Industry-Building.webp 1301w\" \/>                    <\/div>\n                <\/div>\n                        <div class=\"content-wrapper\">\n                <h3 class=\"post-title\">Industrie<\/h3>\n                                <a href=\"https:\/\/staging.cabopol.com\/fr\/applications\/moulage-par-injection-extrusion\/industrie\/\" class=\"btn ghost-white arrow-btn\">D\u00e9couvrir les Possibilit\u00e9s<\/a>\n            <\/div>\n        <\/div>\n    <\/div>\n\n    <div class=\"card sector slide \">\n        <div class=\"card-inner-wrapper\">\n                            <div class=\"featured-img\">\n                    <div class=\"featured-img-inner\">\n                        <img loading=\"lazy\" decoding=\"async\" width=\"640\" height=\"640\" src=\"https:\/\/staging.cabopol.com\/files\/uploads\/2026\/02\/Telecom-Data-768x768.webp\" class=\"coverimg\" alt=\"Telecom Data Wire\" sizes=\"auto, (min-width: 993px) 33vw, (min-width: 601px) 50vw, 100vw\" srcset=\"https:\/\/staging.cabopol.com\/files\/uploads\/2026\/02\/Telecom-Data-768x768.webp 768w, https:\/\/staging.cabopol.com\/files\/uploads\/2026\/02\/Telecom-Data-300x300.webp 300w, https:\/\/staging.cabopol.com\/files\/uploads\/2026\/02\/Telecom-Data-1024x1024.webp 1024w, https:\/\/staging.cabopol.com\/files\/uploads\/2026\/02\/Telecom-Data-150x150.webp 150w, https:\/\/staging.cabopol.com\/files\/uploads\/2026\/02\/Telecom-Data.webp 1301w\" \/>                    <\/div>\n                <\/div>\n                        <div class=\"content-wrapper\">\n                <h3 class=\"post-title\">Telecom<\/h3>\n                                <a href=\"https:\/\/staging.cabopol.com\/fr\/applications\/fils-et-cables\/telecom\/\" class=\"btn ghost-white arrow-btn\">D\u00e9couvrir les Possibilit\u00e9s<\/a>\n            <\/div>\n        <\/div>\n    <\/div>\n            <\/div>\n        <\/div>\n                    <div class=\"container large\">\n                <a href=\"https:\/\/staging.cabopol.com\/fr\/applications\/\" class=\"taxonomy-page-link arrow-link\"><span>D\u00e9couvrir nos Applications<\/span><\/a>\n            <\/div>\n            <\/div>\n","protected":false},"excerpt":{"rendered":"","protected":false},"author":1,"featured_media":4047,"parent":2612,"menu_order":7,"comment_status":"closed","ping_status":"closed","template":"templates\/application.php","meta":{"_acf_changed":false,"inline_featured_image":false,"footnotes":""},"class_list":["post-2645","page","type-page","status-publish","has-post-thumbnail","hentry"],"acf":[],"_links":{"self":[{"href":"https:\/\/staging.cabopol.com\/fr\/wp-json\/wp\/v2\/pages\/2645","targetHints":{"allow":["GET"]}}],"collection":[{"href":"https:\/\/staging.cabopol.com\/fr\/wp-json\/wp\/v2\/pages"}],"about":[{"href":"https:\/\/staging.cabopol.com\/fr\/wp-json\/wp\/v2\/types\/page"}],"author":[{"embeddable":true,"href":"https:\/\/staging.cabopol.com\/fr\/wp-json\/wp\/v2\/users\/1"}],"replies":[{"embeddable":true,"href":"https:\/\/staging.cabopol.com\/fr\/wp-json\/wp\/v2\/comments?post=2645"}],"version-history":[{"count":8,"href":"https:\/\/staging.cabopol.com\/fr\/wp-json\/wp\/v2\/pages\/2645\/revisions"}],"predecessor-version":[{"id":4422,"href":"https:\/\/staging.cabopol.com\/fr\/wp-json\/wp\/v2\/pages\/2645\/revisions\/4422"}],"up":[{"embeddable":true,"href":"https:\/\/staging.cabopol.com\/fr\/wp-json\/wp\/v2\/pages\/2612"}],"wp:featuredmedia":[{"embeddable":true,"href":"https:\/\/staging.cabopol.com\/fr\/wp-json\/wp\/v2\/media\/4047"}],"wp:attachment":[{"href":"https:\/\/staging.cabopol.com\/fr\/wp-json\/wp\/v2\/media?parent=2645"}],"curies":[{"name":"wp","href":"https:\/\/api.w.org\/{rel}","templated":true}]}}