{"id":2530,"date":"2025-11-25T11:24:25","date_gmt":"2025-11-25T11:24:25","guid":{"rendered":"https:\/\/staging.cabopol.com\/recycled-compounds\/"},"modified":"2026-02-05T18:08:47","modified_gmt":"2026-02-05T18:08:47","slug":"materiais-reciclados","status":"publish","type":"page","link":"https:\/\/staging.cabopol.com\/pt-pt\/estrategia-de-sustentabilidade\/materiais-reciclados\/","title":{"rendered":"Compostos Reciclados"},"content":{"rendered":"\n<div class=\"wp-block-kobu-custom-blocks-section-wrapper alignfull kobu-section has-background has-lightergray-background-color\">\n<div class=\"wp-block-kobu-custom-blocks-responsive-spacer responsive-spacer size-large\"><\/div>\n\n\n\n<p class=\"is-style-top-red-line\">Os compostos polim\u00e9ricos reciclados da Cabopol oferecem solu\u00e7\u00f5es sustent\u00e1veis para a ind\u00fastria moderna, apoiando a economia circular atrav\u00e9s da recupera\u00e7\u00e3o de res\u00edduos pl\u00e1sticos p\u00f3s-consumo e p\u00f3s-industriais. As nossas solu\u00e7\u00f5es recicladas reduzem a utiliza\u00e7\u00e3o de mat\u00e9rias-primas, evitam que os res\u00edduos cheguem aos aterros e mant\u00eam o elevado desempenho, durabilidade e processabilidade esperados dos compostos tradicionais. <\/p>\n\n\n\n<p>Desenvolvidos para aplica\u00e7\u00f5es autom\u00f3vel, industriais, bens de consumo, cuidados pessoais e cal\u00e7ado, as marcas R da Cabopol: R-Lacoflex, R-Polyamis, R-Sofiprime e R-Polyprime, combinam responsabilidade ambiental com qualidade sem compromissos.<\/p>\n\n\n\n<div class=\"wp-block-kobu-custom-blocks-responsive-spacer responsive-spacer size-large\"><\/div>\n<\/div>\n\n\n\n<div class=\"wp-block-kobu-custom-blocks-responsive-spacer responsive-spacer size-large\"><\/div>\n\n\n<div class=\"columns-group-block alignfull\">\n                <div class=\"columns-group-row\">\n            <div class=\"column columns-group-column\">\n                                    <div class=\"img-wrapper\">\n                        <img loading=\"lazy\" decoding=\"async\" width=\"640\" height=\"640\" src=\"https:\/\/staging.cabopol.com\/files\/uploads\/2026\/02\/RLacoflex-768x768.webp\" class=\"coverimg\" alt=\"A sustainability-inspired image with the message: &quot;Go Green&quot;\" sizes=\"auto, (min-width: 601px) 50vw, 100vw\" srcset=\"https:\/\/staging.cabopol.com\/files\/uploads\/2026\/02\/RLacoflex-768x768.webp 768w, https:\/\/staging.cabopol.com\/files\/uploads\/2026\/02\/RLacoflex-300x300.webp 300w, https:\/\/staging.cabopol.com\/files\/uploads\/2026\/02\/RLacoflex-1024x1024.webp 1024w, https:\/\/staging.cabopol.com\/files\/uploads\/2026\/02\/RLacoflex-150x150.webp 150w, https:\/\/staging.cabopol.com\/files\/uploads\/2026\/02\/RLacoflex.webp 1301w\" \/>                    <\/div>\n                                <div class=\"content-wrapper\">\n                    <h3 class=\"title\">R-Lacoflex<\/h3>\n                                            <div class=\"description\"><p class=\"p1\">R-Lacoflex\u00ae TPE-S e TPE-O s\u00e3o elast\u00f3meros termopl\u00e1sticos reciclados que oferecem flexibilidade, elasticidade e desempenho mec\u00e2nico excecional, combinados com resist\u00eancia qu\u00edmica e a \u00f3leos. Ideais para interiores e exteriores autom\u00f3veis, componentes \u201cunder the hood\u201d, constru\u00e7\u00e3o industrial, bens de consumo, cuidados pessoais e cal\u00e7ado, estes compostos TPE sustent\u00e1veis suportam processos de inje\u00e7\u00e3o e extrus\u00e3o eficientes enquanto promovem a economia circular.<\/p>\n<\/div>\n                    \n                    <a href=\"https:\/\/staging.cabopol.com\/pt-pt\/contactos\/\" class=\"btn\" >Pedir mais informa\u00e7\u00f5es<\/a>                <\/div>\n            <\/div>\n\n                            \n            <div class=\"column columns-group-column\">\n                                    <div class=\"img-wrapper\">\n                        <img loading=\"lazy\" decoding=\"async\" width=\"640\" height=\"640\" src=\"https:\/\/staging.cabopol.com\/files\/uploads\/2026\/02\/RPolyamis-768x768.webp\" class=\"coverimg\" alt=\"Recycling icon being painted on the wall by children\" sizes=\"auto, (min-width: 601px) 50vw, 100vw\" srcset=\"https:\/\/staging.cabopol.com\/files\/uploads\/2026\/02\/RPolyamis-768x768.webp 768w, https:\/\/staging.cabopol.com\/files\/uploads\/2026\/02\/RPolyamis-300x300.webp 300w, https:\/\/staging.cabopol.com\/files\/uploads\/2026\/02\/RPolyamis-1024x1024.webp 1024w, https:\/\/staging.cabopol.com\/files\/uploads\/2026\/02\/RPolyamis-150x150.webp 150w, https:\/\/staging.cabopol.com\/files\/uploads\/2026\/02\/RPolyamis.webp 1301w\" \/>                    <\/div>\n                                <div class=\"content-wrapper\">\n                    <h3 class=\"title\">R-Polyamis<\/h3>\n                                            <div class=\"description\"><p class=\"p1\">R-Polyamis s\u00e3o pl\u00e1sticos de engenharia baseados em PA6 e PA6.6 reciclados, oferecendo elevada resist\u00eancia mec\u00e2nica, estabilidade dimensional e resist\u00eancia t\u00e9rmica. Indicados para pe\u00e7as estruturais autom\u00f3veis, componentes de constru\u00e7\u00e3o industrial, bens de consumo e cuidados pessoais, estes poliamidas recicladas mant\u00eam o desempenho original enquanto promovem a economia circular.<\/p>\n<\/div>\n                    \n                    <a href=\"https:\/\/staging.cabopol.com\/pt-pt\/contactos\/\" class=\"btn\" >Pedir mais informa\u00e7\u00f5es<\/a>                <\/div>\n            <\/div>\n\n            <\/div>                <div class=\"columns-group-row\">\n            <div class=\"column columns-group-column\">\n                                    <div class=\"img-wrapper\">\n                        <img loading=\"lazy\" decoding=\"async\" width=\"640\" height=\"640\" src=\"https:\/\/staging.cabopol.com\/files\/uploads\/2026\/02\/Rpolyprime-768x768.webp\" class=\"coverimg\" alt=\"Recycling icon\" sizes=\"auto, (min-width: 601px) 50vw, 100vw\" srcset=\"https:\/\/staging.cabopol.com\/files\/uploads\/2026\/02\/Rpolyprime-768x768.webp 768w, https:\/\/staging.cabopol.com\/files\/uploads\/2026\/02\/Rpolyprime-300x300.webp 300w, https:\/\/staging.cabopol.com\/files\/uploads\/2026\/02\/Rpolyprime-1024x1024.webp 1024w, https:\/\/staging.cabopol.com\/files\/uploads\/2026\/02\/Rpolyprime-150x150.webp 150w, https:\/\/staging.cabopol.com\/files\/uploads\/2026\/02\/Rpolyprime.webp 1301w\" \/>                    <\/div>\n                                <div class=\"content-wrapper\">\n                    <h3 class=\"title\">R-Polyprime<\/h3>\n                                            <div class=\"description\"><p class=\"p1\">R-Polyprime\u00ae s\u00e3o compostos \u00e0 base de PVC reciclado, oferecendo flexibilidade, resist\u00eancia qu\u00edmica e durabilidade. Indicados para constru\u00e7\u00e3o e cal\u00e7ado, estes compostos garantem perfis de veda\u00e7\u00e3o, juntas, tubos, pavimentos e solas de sapato, combinando sustentabilidade e alto desempenho num contexto de economia circular.<\/p>\n<\/div>\n                    \n                    <a href=\"https:\/\/staging.cabopol.com\/pt-pt\/contactos\/\" class=\"btn\" >Pedir mais informa\u00e7\u00f5es<\/a>                <\/div>\n            <\/div>\n\n                            \n            <div class=\"column columns-group-column\">\n                                    <div class=\"img-wrapper\">\n                        <img loading=\"lazy\" decoding=\"async\" width=\"640\" height=\"640\" src=\"https:\/\/staging.cabopol.com\/files\/uploads\/2026\/02\/RSofiprime-768x768.webp\" class=\"coverimg\" alt=\"Recycling icon\" sizes=\"auto, (min-width: 601px) 50vw, 100vw\" srcset=\"https:\/\/staging.cabopol.com\/files\/uploads\/2026\/02\/RSofiprime-768x768.webp 768w, https:\/\/staging.cabopol.com\/files\/uploads\/2026\/02\/RSofiprime-300x300.webp 300w, https:\/\/staging.cabopol.com\/files\/uploads\/2026\/02\/RSofiprime-1024x1024.webp 1024w, https:\/\/staging.cabopol.com\/files\/uploads\/2026\/02\/RSofiprime-150x150.webp 150w, https:\/\/staging.cabopol.com\/files\/uploads\/2026\/02\/RSofiprime.webp 1301w\" \/>                    <\/div>\n                                <div class=\"content-wrapper\">\n                    <h3 class=\"title\">R-Sofiprime<\/h3>\n                                            <div class=\"description\"><p class=\"p1\">R-Sofiprime\u00ae s\u00e3o termopl\u00e1sticos \u00e0 base de PP reciclado, oferecendo rigidez, resist\u00eancia t\u00e9rmica e estabilidade dimensional. Indicados para aplica\u00e7\u00f5es autom\u00f3veis, industriais, bens de consumo, cuidados pessoais e electrodom\u00e9sticos, os compostos PP reciclados asseguram processamento consistente e desempenho de elevada qualidade, promovendo simultaneamente a sustentabilidade.<\/p>\n<\/div>\n                    \n                    <a href=\"https:\/\/staging.cabopol.com\/pt-pt\/contactos\/\" class=\"btn\" >Pedir mais informa\u00e7\u00f5es<\/a>                <\/div>\n            <\/div>\n\n            <\/div>    <\/div>\n\n\n<div class=\"wp-block-kobu-custom-blocks-responsive-spacer responsive-spacer size-large\"><\/div>\n\n\n\n<div class=\"wp-block-kobu-custom-blocks-section-wrapper alignfull kobu-section has-text-color has-foreground-color has-background has-lightergray-background-color is-style-cta-section has-link-color wp-elements-eea82a256b4f8e7e9cc16366603c5b0b\">\n<div class=\"wp-block-kobu-custom-blocks-responsive-spacer responsive-spacer size-medium\"><\/div>\n\n\n\n<div class=\"wp-block-group alignmediumwide is-layout-flow wp-block-group-is-layout-flow\">\n<h2 class=\"wp-block-heading has-large-font-size\">\u00c0 procura de outra coisa?<br>Estamos aqui para ajudar.<\/h2>\n\n\n\n<div class=\"wp-block-buttons is-layout-flex wp-block-buttons-is-layout-flex\">\n<div class=\"wp-block-button is-style-arrow-btn\"><a class=\"wp-block-button__link wp-element-button\" href=\"https:\/\/staging.cabopol.com\/pt-pt\/contactos\/\">Contacte-nos<\/a><\/div>\n<\/div>\n<\/div>\n\n\n\n<div class=\"wp-block-kobu-custom-blocks-responsive-spacer responsive-spacer size-medium\"><\/div>\n<\/div>\n\n\n\n<div class=\"wp-block-kobu-custom-blocks-responsive-spacer responsive-spacer size-large\"><\/div>\n\n\n    <div class=\"solutions-slider-block alignfull container-wrapper\">\n        <div class=\"container large\">\n                            <h2>Aplica\u00e7\u00f5es Recicladas<\/h2>\n                    <\/div>\n        <div class=\"container full\">\n            <div class=\"solutions-slider\" data-width=\"large\" data-gap=\"large\">\n                \n<div class=\"article solution-card \">\n    <div class=\"solution-inner-wrapper\">\n        <div class=\"img-wrapper\">\n                            <div class=\"fixed-ratio-img\">\n                    <img loading=\"lazy\" decoding=\"async\" width=\"640\" height=\"434\" src=\"https:\/\/staging.cabopol.com\/files\/uploads\/2026\/02\/R-Polyprime-1.webp\" class=\"coverimg\" alt=\"Factory materials\" sizes=\"auto, (min-width: 993px) 33vw, (min-width: 601px) 50vw, 100vw\" srcset=\"https:\/\/staging.cabopol.com\/files\/uploads\/2026\/02\/R-Polyprime-1.webp 701w, https:\/\/staging.cabopol.com\/files\/uploads\/2026\/02\/R-Polyprime-1-300x203.webp 300w\" \/>                <\/div>\n                    <\/div>\n        <div class=\"content-wrapper\">\n                            <div class=\"features\">\n                                            <div class=\"feature\"> Reciclado<\/div>\n                                    <\/div>\n                        <h3 class=\"post-title\">R-Polyprime<\/h3>\n            <div class=\"tags-wrapper\"><a class=\"tag\" href=\"https:\/\/staging.cabopol.com\/pt-pt\/aplicacoes\/injecao-e-extrusao\/\">Inje\u00e7\u00e3o e Extrus\u00e3o<\/a><span class=\"tag\">PVC<\/span><span class=\"tag\">Constru\u00e7\u00e3o<\/span><a class=\"tag\" href=\"https:\/\/staging.cabopol.com\/pt-pt\/aplicacoes\/injecao-e-extrusao\/industria\/\">Ind\u00fastria<\/a><a class=\"tag\" href=\"https:\/\/staging.cabopol.com\/pt-pt\/os-nossos-produtos\/polyprime\/\">R-Polyprime<\/a><\/div>                            <div class=\"description\">Solu\u00e7\u00f5es sustent\u00e1veis com conte\u00fado reciclado<\/div>\n                        <div class=\"btn ghost-gray small submit-interest-solution\">Submeter interesse<\/div>\n        <\/div>\n    <\/div>\n<\/div>\n<div class=\"article solution-card \">\n    <div class=\"solution-inner-wrapper\">\n        <div class=\"img-wrapper\">\n                            <div class=\"fixed-ratio-img\">\n                    <img loading=\"lazy\" decoding=\"async\" width=\"640\" height=\"435\" src=\"https:\/\/staging.cabopol.com\/files\/uploads\/2026\/02\/R-Polyamis-1.webp\" class=\"coverimg\" alt=\"Office chairs\" sizes=\"auto, (min-width: 993px) 33vw, (min-width: 601px) 50vw, 100vw\" srcset=\"https:\/\/staging.cabopol.com\/files\/uploads\/2026\/02\/R-Polyamis-1.webp 701w, https:\/\/staging.cabopol.com\/files\/uploads\/2026\/02\/R-Polyamis-1-300x204.webp 300w\" \/>                <\/div>\n                    <\/div>\n        <div class=\"content-wrapper\">\n                            <div class=\"features\">\n                                            <div class=\"feature\"> Reciclado<\/div>\n                                    <\/div>\n                        <h3 class=\"post-title\">R-Polyamis<\/h3>\n            <div class=\"tags-wrapper\"><a class=\"tag\" href=\"https:\/\/staging.cabopol.com\/pt-pt\/aplicacoes\/injecao-e-extrusao\/\">Inje\u00e7\u00e3o e Extrus\u00e3o<\/a><span class=\"tag\">PA6<\/span><span class=\"tag\">PA6.6<\/span><a class=\"tag\" href=\"https:\/\/staging.cabopol.com\/pt-pt\/aplicacoes\/injecao-e-extrusao\/bens-de-consumo-cuidados-pessoais\/\">Bens de Consumo &amp; Cuidados Pessoais<\/a><span class=\"tag\">Brinquedos, Desporto &amp; Ferramentas<\/span><a class=\"tag\" href=\"https:\/\/staging.cabopol.com\/pt-pt\/estrategia-de-sustentabilidade\/materiais-reciclados\/\">R-Polyamis<\/a><\/div>                            <div class=\"description\">Solu\u00e7\u00f5es sustent\u00e1veis com conte\u00fado reciclado<\/div>\n                        <div class=\"btn ghost-gray small submit-interest-solution\">Submeter interesse<\/div>\n        <\/div>\n    <\/div>\n<\/div>\n<div class=\"article solution-card \">\n    <div class=\"solution-inner-wrapper\">\n        <div class=\"img-wrapper\">\n                            <div class=\"fixed-ratio-img\">\n                    <img loading=\"lazy\" decoding=\"async\" width=\"640\" height=\"435\" src=\"https:\/\/staging.cabopol.com\/files\/uploads\/2026\/02\/R-Sofiprime-1.webp\" class=\"coverimg\" alt=\"Vacuum cleaner\" sizes=\"auto, (min-width: 993px) 33vw, (min-width: 601px) 50vw, 100vw\" srcset=\"https:\/\/staging.cabopol.com\/files\/uploads\/2026\/02\/R-Sofiprime-1.webp 701w, https:\/\/staging.cabopol.com\/files\/uploads\/2026\/02\/R-Sofiprime-1-300x204.webp 300w\" \/>                <\/div>\n                    <\/div>\n        <div class=\"content-wrapper\">\n                            <div class=\"features\">\n                                            <div class=\"feature\"> Reciclado<\/div>\n                                    <\/div>\n                        <h3 class=\"post-title\">R-Sofiprime<\/h3>\n            <div class=\"tags-wrapper\"><a class=\"tag\" href=\"https:\/\/staging.cabopol.com\/pt-pt\/aplicacoes\/injecao-e-extrusao\/\">Inje\u00e7\u00e3o e Extrus\u00e3o<\/a><span class=\"tag\">PP<\/span><a class=\"tag\" href=\"https:\/\/staging.cabopol.com\/pt-pt\/aplicacoes\/injecao-e-extrusao\/bens-de-consumo-cuidados-pessoais\/\">Bens de Consumo &amp; Cuidados Pessoais<\/a><span class=\"tag\">Brinquedos, Desporto &amp; Ferramentas<\/span><span class=\"tag\">Cuidados Pessoais &amp; M\u00e9dico<\/span><span class=\"tag\">Eletrodom\u00e9sticos &amp; Utens\u00edlios de Cozinha<\/span><a class=\"tag\" href=\"https:\/\/staging.cabopol.com\/pt-pt\/os-nossos-produtos\/sofiprime\/\">R-Sofiprime<\/a><\/div>                            <div class=\"description\">Solu\u00e7\u00f5es sustent\u00e1veis com conte\u00fado reciclado<\/div>\n                        <div class=\"btn ghost-gray small submit-interest-solution\">Submeter interesse<\/div>\n        <\/div>\n    <\/div>\n<\/div>\n<div class=\"article solution-card \">\n    <div class=\"solution-inner-wrapper\">\n        <div class=\"img-wrapper\">\n                            <div class=\"fixed-ratio-img\">\n                    <img loading=\"lazy\" decoding=\"async\" width=\"640\" height=\"434\" src=\"https:\/\/staging.cabopol.com\/files\/uploads\/2026\/02\/R-Sofiprime-2.webp\" class=\"coverimg\" alt=\"Factory materials\" sizes=\"auto, (min-width: 993px) 33vw, (min-width: 601px) 50vw, 100vw\" srcset=\"https:\/\/staging.cabopol.com\/files\/uploads\/2026\/02\/R-Sofiprime-2.webp 701w, https:\/\/staging.cabopol.com\/files\/uploads\/2026\/02\/R-Sofiprime-2-300x203.webp 300w\" \/>                <\/div>\n                    <\/div>\n        <div class=\"content-wrapper\">\n                            <div class=\"features\">\n                                            <div class=\"feature\"> Reciclado<\/div>\n                                    <\/div>\n                        <h3 class=\"post-title\">R-Sofiprime<\/h3>\n            <div class=\"tags-wrapper\"><a class=\"tag\" href=\"https:\/\/staging.cabopol.com\/pt-pt\/aplicacoes\/injecao-e-extrusao\/\">Inje\u00e7\u00e3o e Extrus\u00e3o<\/a><span class=\"tag\">PP<\/span><span class=\"tag\">Constru\u00e7\u00e3o<\/span><a class=\"tag\" href=\"https:\/\/staging.cabopol.com\/pt-pt\/aplicacoes\/injecao-e-extrusao\/industria\/\">Ind\u00fastria<\/a><a class=\"tag\" href=\"https:\/\/staging.cabopol.com\/pt-pt\/os-nossos-produtos\/sofiprime\/\">R-Sofiprime<\/a><\/div>                            <div class=\"description\">Solu\u00e7\u00f5es sustent\u00e1veis com conte\u00fado reciclado<\/div>\n                        <div class=\"btn ghost-gray small submit-interest-solution\">Submeter interesse<\/div>\n        <\/div>\n    <\/div>\n<\/div>\n<div class=\"article solution-card \">\n    <div class=\"solution-inner-wrapper\">\n        <div class=\"img-wrapper\">\n                            <div class=\"fixed-ratio-img\">\n                    <img loading=\"lazy\" decoding=\"async\" width=\"640\" height=\"434\" src=\"https:\/\/staging.cabopol.com\/files\/uploads\/2026\/02\/R-Sofiprime.webp\" class=\"coverimg\" alt=\"Car interior details\" sizes=\"auto, (min-width: 993px) 33vw, (min-width: 601px) 50vw, 100vw\" srcset=\"https:\/\/staging.cabopol.com\/files\/uploads\/2026\/02\/R-Sofiprime.webp 701w, https:\/\/staging.cabopol.com\/files\/uploads\/2026\/02\/R-Sofiprime-300x203.webp 300w\" \/>                <\/div>\n                    <\/div>\n        <div class=\"content-wrapper\">\n                            <div class=\"features\">\n                                            <div class=\"feature\"> Reciclado<\/div>\n                                    <\/div>\n                        <h3 class=\"post-title\">R-Sofiprime<\/h3>\n            <div class=\"tags-wrapper\"><a class=\"tag\" href=\"https:\/\/staging.cabopol.com\/pt-pt\/aplicacoes\/injecao-e-extrusao\/\">Inje\u00e7\u00e3o e Extrus\u00e3o<\/a><span class=\"tag\">PP<\/span><span class=\"tag\">Autom\u00f3vel<\/span><span class=\"tag\">Exterior<\/span><span class=\"tag\">Interior<\/span><span class=\"tag\">Sob o Cap\u00f4<\/span><a class=\"tag\" href=\"https:\/\/staging.cabopol.com\/pt-pt\/os-nossos-produtos\/sofiprime\/\">R-Sofiprime<\/a><\/div>                            <div class=\"description\">Solu\u00e7\u00f5es sustent\u00e1veis com conte\u00fado reciclado<\/div>\n                        <div class=\"btn ghost-gray small submit-interest-solution\">Submeter interesse<\/div>\n        <\/div>\n    <\/div>\n<\/div>\n<div class=\"article solution-card \">\n    <div class=\"solution-inner-wrapper\">\n        <div class=\"img-wrapper\">\n                            <div class=\"fixed-ratio-img\">\n                    <img loading=\"lazy\" decoding=\"async\" width=\"640\" height=\"434\" src=\"https:\/\/staging.cabopol.com\/files\/uploads\/2026\/02\/R-Polyamis-2.webp\" class=\"coverimg\" alt=\"Wires and Cables\" sizes=\"auto, (min-width: 993px) 33vw, (min-width: 601px) 50vw, 100vw\" srcset=\"https:\/\/staging.cabopol.com\/files\/uploads\/2026\/02\/R-Polyamis-2.webp 701w, https:\/\/staging.cabopol.com\/files\/uploads\/2026\/02\/R-Polyamis-2-300x203.webp 300w\" \/>                <\/div>\n                    <\/div>\n        <div class=\"content-wrapper\">\n                            <div class=\"features\">\n                                            <div class=\"feature\"> Reciclado<\/div>\n                                    <\/div>\n                        <h3 class=\"post-title\">R-Polyamis<\/h3>\n            <div class=\"tags-wrapper\"><a class=\"tag\" href=\"https:\/\/staging.cabopol.com\/pt-pt\/aplicacoes\/injecao-e-extrusao\/\">Inje\u00e7\u00e3o e Extrus\u00e3o<\/a><span class=\"tag\">PA6<\/span><span class=\"tag\">PA6.6<\/span><span class=\"tag\">Constru\u00e7\u00e3o<\/span><a class=\"tag\" href=\"https:\/\/staging.cabopol.com\/pt-pt\/aplicacoes\/injecao-e-extrusao\/industria\/\">Ind\u00fastria<\/a><a class=\"tag\" href=\"https:\/\/staging.cabopol.com\/pt-pt\/estrategia-de-sustentabilidade\/materiais-reciclados\/\">R-Polyamis<\/a><\/div>                            <div class=\"description\">Solu\u00e7\u00f5es sustent\u00e1veis com conte\u00fado reciclado<\/div>\n                        <div class=\"btn ghost-gray small submit-interest-solution\">Submeter interesse<\/div>\n        <\/div>\n    <\/div>\n<\/div>\n<div class=\"article solution-card \">\n    <div class=\"solution-inner-wrapper\">\n        <div class=\"img-wrapper\">\n                            <div class=\"fixed-ratio-img\">\n                    <img loading=\"lazy\" decoding=\"async\" width=\"640\" height=\"433\" src=\"https:\/\/staging.cabopol.com\/files\/uploads\/2026\/02\/R-Polyamis.webp\" class=\"coverimg\" alt=\"Car interior details\" sizes=\"auto, (min-width: 993px) 33vw, (min-width: 601px) 50vw, 100vw\" srcset=\"https:\/\/staging.cabopol.com\/files\/uploads\/2026\/02\/R-Polyamis.webp 701w, https:\/\/staging.cabopol.com\/files\/uploads\/2026\/02\/R-Polyamis-300x203.webp 300w\" \/>                <\/div>\n                    <\/div>\n        <div class=\"content-wrapper\">\n                            <div class=\"features\">\n                                            <div class=\"feature\"> Reciclado<\/div>\n                                    <\/div>\n                        <h3 class=\"post-title\">R-Polyamis<\/h3>\n            <div class=\"tags-wrapper\"><a class=\"tag\" href=\"https:\/\/staging.cabopol.com\/pt-pt\/aplicacoes\/injecao-e-extrusao\/\">Inje\u00e7\u00e3o e Extrus\u00e3o<\/a><span class=\"tag\">PA6<\/span><span class=\"tag\">PA6.6<\/span><span class=\"tag\">Autom\u00f3vel<\/span><span class=\"tag\">Exterior<\/span><span class=\"tag\">Interior<\/span><span class=\"tag\">Sob o Cap\u00f4<\/span><a class=\"tag\" href=\"https:\/\/staging.cabopol.com\/pt-pt\/estrategia-de-sustentabilidade\/materiais-reciclados\/\">R-Polyamis<\/a><\/div>                            <div class=\"description\">Solu\u00e7\u00f5es sustent\u00e1veis com conte\u00fado reciclado<\/div>\n                        <div class=\"btn ghost-gray small submit-interest-solution\">Submeter interesse<\/div>\n        <\/div>\n    <\/div>\n<\/div>            <\/div>\n        <\/div>\n                    <div class=\"container large\">\n                <a href=\"https:\/\/staging.cabopol.com\/pt-pt\/aplicacoes\/\" class=\"solutions-page-link arrow-link\"><span>Consultar as nossas Aplica\u00e7\u00f5es<\/span><\/a>\n            <\/div>\n            <\/div>\n","protected":false},"excerpt":{"rendered":"","protected":false},"author":1,"featured_media":4767,"parent":2536,"menu_order":13,"comment_status":"closed","ping_status":"closed","template":"templates\/brand.php","meta":{"_acf_changed":false,"inline_featured_image":false,"footnotes":""},"class_list":["post-2530","page","type-page","status-publish","has-post-thumbnail","hentry"],"acf":[],"_links":{"self":[{"href":"https:\/\/staging.cabopol.com\/pt-pt\/wp-json\/wp\/v2\/pages\/2530","targetHints":{"allow":["GET"]}}],"collection":[{"href":"https:\/\/staging.cabopol.com\/pt-pt\/wp-json\/wp\/v2\/pages"}],"about":[{"href":"https:\/\/staging.cabopol.com\/pt-pt\/wp-json\/wp\/v2\/types\/page"}],"author":[{"embeddable":true,"href":"https:\/\/staging.cabopol.com\/pt-pt\/wp-json\/wp\/v2\/users\/1"}],"replies":[{"embeddable":true,"href":"https:\/\/staging.cabopol.com\/pt-pt\/wp-json\/wp\/v2\/comments?post=2530"}],"version-history":[{"count":10,"href":"https:\/\/staging.cabopol.com\/pt-pt\/wp-json\/wp\/v2\/pages\/2530\/revisions"}],"predecessor-version":[{"id":4554,"href":"https:\/\/staging.cabopol.com\/pt-pt\/wp-json\/wp\/v2\/pages\/2530\/revisions\/4554"}],"up":[{"embeddable":true,"href":"https:\/\/staging.cabopol.com\/pt-pt\/wp-json\/wp\/v2\/pages\/2536"}],"wp:featuredmedia":[{"embeddable":true,"href":"https:\/\/staging.cabopol.com\/pt-pt\/wp-json\/wp\/v2\/media\/4767"}],"wp:attachment":[{"href":"https:\/\/staging.cabopol.com\/pt-pt\/wp-json\/wp\/v2\/media?parent=2530"}],"curies":[{"name":"wp","href":"https:\/\/api.w.org\/{rel}","templated":true}]}}