{"id":2536,"date":"2025-11-25T11:25:27","date_gmt":"2025-11-25T11:25:27","guid":{"rendered":"https:\/\/staging.cabopol.com\/sustainability\/"},"modified":"2026-03-06T17:53:45","modified_gmt":"2026-03-06T17:53:45","slug":"estrategia-de-sustentabilidade","status":"publish","type":"page","link":"https:\/\/staging.cabopol.com\/pt-pt\/estrategia-de-sustentabilidade\/","title":{"rendered":"Estrat\u00e9gia de Sustentabilidade"},"content":{"rendered":"\n<div class=\"wp-block-kobu-custom-blocks-inner-content-img alignfull media-content-group child-item align-left valign-start img-first no-img-overlay\"><div class=\"media-col\"><figure><img loading=\"lazy\" decoding=\"async\" width=\"1230\" height=\"1012\" class=\"wp-image-3551\" src=\"https:\/\/staging.cabopol.com\/files\/uploads\/2026\/02\/Sustainability-Strategy-ATF.webp\" alt=\"A child and a dog enjoying running on a grass field, reflecting a sustainable ecosystem\" title=\"Sustainability Strategy ATF\" sizes=\"auto, (min-width: 601px) 50vw, 100vw\" srcset=\"https:\/\/staging.cabopol.com\/files\/uploads\/2026\/02\/Sustainability-Strategy-ATF.webp 1230w, https:\/\/staging.cabopol.com\/files\/uploads\/2026\/02\/Sustainability-Strategy-ATF-300x247.webp 300w, https:\/\/staging.cabopol.com\/files\/uploads\/2026\/02\/Sustainability-Strategy-ATF-1024x843.webp 1024w, https:\/\/staging.cabopol.com\/files\/uploads\/2026\/02\/Sustainability-Strategy-ATF-768x632.webp 768w\" \/><\/figure><\/div><div class=\"content-col\"><div class=\"content-col-wrapper\">\n<div class=\"wp-block-kobu-custom-blocks-responsive-spacer responsive-spacer size-large\"><\/div>\n\n\n\n<p class=\"is-style-top-red-line\">A Cabopol est\u00e1 empenhada em apoiar os seus clientes na concretiza\u00e7\u00e3o dos seus objetivos de sustentabilidade, fornecendo solu\u00e7\u00f5es de materiais fi\u00e1veis e respons\u00e1veis. Para tal, os princ\u00edpios ESG est\u00e3o integrados no desenvolvimento de produtos, na efici\u00eancia dos processos e na tomada de decis\u00f5es estrat\u00e9gicas, garantindo que cada solu\u00e7\u00e3o est\u00e1 alinhada com as expectativas atuais e antecipa os desafios futuros.<br><br>Este compromisso \u00e9 apoiado pelo <strong>Cabopol Sustainability Roadmap<\/strong>, uma estrutura organizada que orienta as nossas a\u00e7\u00f5es, mede os resultados e monitoriza o progresso ao longo do tempo.<\/p>\n\n\n\n<div class=\"wp-block-kobu-custom-blocks-responsive-spacer responsive-spacer size-large\"><\/div>\n<\/div><\/div><\/div>\n\n\n\n<div class=\"wp-block-kobu-custom-blocks-inner-content-img alignfull media-content-group child-item align-right valign-start img-first no-img-overlay\"><div class=\"media-col\"><figure><img loading=\"lazy\" decoding=\"async\" width=\"1024\" height=\"1024\" class=\"wp-image-5525\" src=\"https:\/\/staging.cabopol.com\/files\/uploads\/2026\/03\/Sustainability-Road-Map.webp\" alt=\"\" title=\"Sustainability Road Map\" sizes=\"auto, (min-width: 601px) 50vw, 100vw\" srcset=\"https:\/\/staging.cabopol.com\/files\/uploads\/2026\/03\/Sustainability-Road-Map.webp 1024w, https:\/\/staging.cabopol.com\/files\/uploads\/2026\/03\/Sustainability-Road-Map-300x300.webp 300w, https:\/\/staging.cabopol.com\/files\/uploads\/2026\/03\/Sustainability-Road-Map-150x150.webp 150w, https:\/\/staging.cabopol.com\/files\/uploads\/2026\/03\/Sustainability-Road-Map-768x768.webp 768w\" \/><\/figure><\/div><div class=\"content-col\"><div class=\"content-col-wrapper\">\n<div class=\"wp-block-kobu-custom-blocks-responsive-spacer responsive-spacer size-small\"><\/div>\n\n\n\n<h2 class=\"wp-block-heading\"><strong>COMPROMISSO<\/strong><\/h2>\n\n\n\n<p>A nossa abordagem est\u00e1 alinhada com os <strong>Dez Princ\u00edpios <\/strong>e os<strong> Objetivos de Desenvolvimento Sustent\u00e1vel<\/strong>. A Cabopol tem estado ativamente envolvida nesta iniciativa desde 2022, com o progresso e as atividades acompanhados de forma transparente atrav\u00e9s da Comunica\u00e7\u00e3o de Progresso dispon\u00edvel na plataforma oficial. No \u00e2mbito da nossa \u00e1rea de atua\u00e7\u00e3o, focamo-nos principalmente em:<\/p>\n\n\n\n<p>\n  <img loading=\"lazy\" decoding=\"async\" width=\"206\" height=\"206\" class=\"wp-image-4819\" style=\"width:100px; margin-right:25px;\" src=\"https:\/\/staging.cabopol.com\/files\/uploads\/2026\/02\/7.png\" alt=\"Affordable and clean energy\" srcset=\"https:\/\/staging.cabopol.com\/files\/uploads\/2026\/02\/7.png 206w, https:\/\/staging.cabopol.com\/files\/uploads\/2026\/02\/7-150x150.png 150w\" sizes=\"auto, (max-width: 206px) 100vw, 206px\" \/>\n  <img loading=\"lazy\" decoding=\"async\" width=\"206\" height=\"206\" class=\"wp-image-4823\" style=\"width:100px; margin-right:25px;\" src=\"https:\/\/staging.cabopol.com\/files\/uploads\/2026\/02\/9.png\" alt=\"Industry, innovation and Infrastructure\" srcset=\"https:\/\/staging.cabopol.com\/files\/uploads\/2026\/02\/9.png 206w, https:\/\/staging.cabopol.com\/files\/uploads\/2026\/02\/9-150x150.png 150w\" sizes=\"auto, (max-width: 206px) 100vw, 206px\" \/>\n  <img loading=\"lazy\" decoding=\"async\" width=\"207\" height=\"206\" class=\"wp-image-4827\" style=\"width:100px; margin-right:25px;\" src=\"https:\/\/staging.cabopol.com\/files\/uploads\/2026\/02\/12.png\" alt=\"Responsible consumption and production\" srcset=\"https:\/\/staging.cabopol.com\/files\/uploads\/2026\/02\/12.png 207w, https:\/\/staging.cabopol.com\/files\/uploads\/2026\/02\/12-150x150.png 150w\" sizes=\"auto, (max-width: 207px) 100vw, 207px\" \/>\n  <img loading=\"lazy\" decoding=\"async\" width=\"100\" height=\"100\" class=\"wp-image-4831\" style=\"width:100px;\" src=\"https:\/\/staging.cabopol.com\/files\/uploads\/2026\/02\/13.png\" alt=\"Climate Action\" srcset=\"https:\/\/staging.cabopol.com\/files\/uploads\/2026\/02\/13.png 207w, https:\/\/staging.cabopol.com\/files\/uploads\/2026\/02\/13-150x150.png 150w\" sizes=\"auto, (max-width: 100px) 100vw, 100px\" \/>\n<\/p>\n\n\n\n<p>onde estamos posicionados para gerar o impacto mais relevante e mensur\u00e1vel.<\/p>\n\n\n\n<p>Aceda ao nosso <strong>Relat\u00f3rio Completo <\/strong>na plataforma oficial do Pacto Global das Na\u00e7\u00f5es Unidas clicando no bot\u00e3o abaixo.<\/p>\n\n\n\n<div style=\"height:10px\" aria-hidden=\"true\" class=\"wp-block-spacer\"><\/div>\n\n\n\n\n\n<div class=\"wp-block-buttons is-layout-flex wp-block-buttons-is-layout-flex\">\n<div class=\"wp-block-button is-style-arrow-btn\"><a class=\"wp-block-button__link wp-element-button\" href=\"https:\/\/unglobalcompact.org\/what-is-gc\/participants\/153543-CABOPOL-POLYMER-COMPOUNDS-S-A-\" target=\"_blank\" rel=\"noreferrer noopener\">Relat\u00f3rio completo<\/a><\/div>\n<\/div>\n<\/div><\/div><\/div>\n\n\n\n<div class=\"wp-block-kobu-custom-blocks-responsive-spacer responsive-spacer size-large\"><\/div>\n\n\n\n<div class=\"wp-block-kobu-custom-blocks-inner-content-img alignwide media-content-group child-item align-left valign-start img-first\"><div class=\"media-col\"><figure><img loading=\"lazy\" decoding=\"async\" width=\"1301\" height=\"1301\" class=\"wp-image-4259\" src=\"https:\/\/staging.cabopol.com\/files\/uploads\/2026\/02\/About-Cabopol-1.webp\" alt=\"A bird's-eye view of a cabopol building\" title=\"Mission and Values\" sizes=\"auto, (min-width: 1201px) 35vw, (min-width: 601px) 50vw, 100vw\" srcset=\"https:\/\/staging.cabopol.com\/files\/uploads\/2026\/02\/About-Cabopol-1.webp 1301w, https:\/\/staging.cabopol.com\/files\/uploads\/2026\/02\/About-Cabopol-1-300x300.webp 300w, https:\/\/staging.cabopol.com\/files\/uploads\/2026\/02\/About-Cabopol-1-1024x1024.webp 1024w, https:\/\/staging.cabopol.com\/files\/uploads\/2026\/02\/About-Cabopol-1-150x150.webp 150w, https:\/\/staging.cabopol.com\/files\/uploads\/2026\/02\/About-Cabopol-1-768x768.webp 768w\" \/><\/figure><\/div><div class=\"content-col\"><div class=\"content-col-wrapper\">\n<p><\/p>\n\n\n\n<h2 class=\"wp-block-heading\"><strong><strong>Sistemas de Gest\u00e3o &amp; Desempenho<\/strong><\/strong><\/h2>\n\n\n\n\n\n<div style=\"height:10px\" aria-hidden=\"true\" class=\"wp-block-spacer\"><\/div>\n\n\n\n<p><img loading=\"lazy\" decoding=\"async\" width=\"70\" height=\"57\" class=\"wp-image-4837\" style=\"width: 70px;\" src=\"https:\/\/staging.cabopol.com\/files\/uploads\/2026\/02\/ISO-Sustainability.png\" alt=\"ISO Sustainability Logo\"> <\/p>\n\n\n\n<p>As certifica\u00e7\u00f5es ISO 9001 e ISO 14001 asseguram o controlo dos processos, o desempenho ambiental, a melhoria cont\u00ednua e a gest\u00e3o respons\u00e1vel dos recursos.<\/p>\n\n\n\n<div style=\"height:15px\" aria-hidden=\"true\" class=\"wp-block-spacer\"><\/div>\n\n\n\n<p><img loading=\"lazy\" decoding=\"async\" width=\"150\" height=\"27\" class=\"wp-image-4845\" style=\"width: 150px;\" src=\"https:\/\/staging.cabopol.com\/files\/uploads\/2026\/02\/Ecovadis-Logo.png\" alt=\"Ecovadis Logo\" srcset=\"https:\/\/staging.cabopol.com\/files\/uploads\/2026\/02\/Ecovadis-Logo.png 379w, https:\/\/staging.cabopol.com\/files\/uploads\/2026\/02\/Ecovadis-Logo-300x54.png 300w\" sizes=\"auto, (max-width: 150px) 100vw, 150px\" \/> <\/p>\n\n\n\n<p>Em 2026, a Cabopol adotar\u00e1 o sistema de avalia\u00e7\u00e3o EcoVadis para refor\u00e7ar a governa\u00e7\u00e3o da sustentabilidade, comparar desempenhos e identificar \u00e1reas de melhoria espec\u00edficas.<\/p>\n\n\n\n<div style=\"height:15px\" aria-hidden=\"true\" class=\"wp-block-spacer\"><\/div>\n\n\n\n<p><img loading=\"lazy\" decoding=\"async\" width=\"150\" height=\"41\" class=\"wp-image-4841\" style=\"width: 150px;\" src=\"https:\/\/staging.cabopol.com\/files\/uploads\/2026\/02\/Recyclass-Logo.png\" alt=\"Logo of Recyclass\" srcset=\"https:\/\/staging.cabopol.com\/files\/uploads\/2026\/02\/Recyclass-Logo.png 334w, https:\/\/staging.cabopol.com\/files\/uploads\/2026\/02\/Recyclass-Logo-300x83.png 300w\" sizes=\"auto, (max-width: 150px) 100vw, 150px\" \/> <\/p>\n\n\n\n<p>A Certifica\u00e7\u00e3o de Rastreabilidade RecyClass refor\u00e7a a transpar\u00eancia e a credibilidade na utiliza\u00e7\u00e3o de pl\u00e1sticos reciclados, garantindo fluxos de materiais controlados.<\/p>\n\n\n\n<div class=\"wp-block-buttons is-layout-flex wp-block-buttons-is-layout-flex\">\n<div class=\"wp-block-button is-style-arrow-btn\"><a class=\"wp-block-button__link wp-element-button\" href=\"https:\/\/staging.cabopol.com\/files\/uploads\/2026\/02\/RecyClass-Certificate.pdf\" target=\"_blank\" rel=\"noreferrer noopener\">Certificado<\/a><\/div>\n<\/div>\n<\/div><\/div><\/div>\n\n\n\n<div class=\"wp-block-kobu-custom-blocks-responsive-spacer responsive-spacer size-large\"><\/div>\n\n\n\n<h2 class=\"wp-block-heading alignmediumwide\"><strong>PRODUTOS SUSTENT\u00c1VEIS<\/strong><\/h2>\n\n\n\n<div class=\"wp-block-kobu-custom-blocks-responsive-spacer responsive-spacer size-small\"><\/div>\n\n\n\n<div class=\"wp-block-group alignmediumwide is-content-justification-left is-layout-constrained wp-container-core-group-is-layout-8c890d92 wp-block-group-is-layout-constrained\">\n<h3 class=\"wp-block-heading\"><img loading=\"lazy\" decoding=\"async\" width=\"100\" height=\"100\" class=\"wp-image-5422\" style=\"width: 100px;\" src=\"https:\/\/staging.cabopol.com\/files\/uploads\/2026\/03\/1v1-novo.png\" alt=\"\" srcset=\"https:\/\/staging.cabopol.com\/files\/uploads\/2026\/03\/1v1-novo.png 546w, https:\/\/staging.cabopol.com\/files\/uploads\/2026\/03\/1v1-novo-300x300.png 300w, https:\/\/staging.cabopol.com\/files\/uploads\/2026\/03\/1v1-novo-150x150.png 150w\" sizes=\"auto, (max-width: 100px) 100vw, 100px\" \/><br>Compostos Reciclados<\/h3>\n\n\n\n<p>Compostos que incorporam mat\u00e9rias-primas<br>recicladas provenientes de fontes p\u00f3s-consumo<br>e\/ou p\u00f3s-industriais.<\/p>\n\n\n\n<p>Formula\u00e7\u00f5es certificadas ao abrigo do sistema de<br>Rastreabilidade RecyClass.<a href=\"https:\/\/staging.cabopol.com\/pt-pt\/estrategia-de-sustentabilidade\/materiais-reciclados\/\"><\/a><\/p>\n\n\n\n<div class=\"wp-block-buttons is-layout-flex wp-block-buttons-is-layout-flex\">\n<div class=\"wp-block-button is-style-arrow-btn\"><a class=\"wp-block-button__link wp-element-button\" href=\"https:\/\/staging.cabopol.com\/pt-pt\/estrategia-de-sustentabilidade\/materiais-reciclados\/\" target=\"_blank\" rel=\"noreferrer noopener\">Descobrir as Possibilidades<\/a><\/div>\n<\/div>\n<\/div>\n\n\n\n<div class=\"wp-block-kobu-custom-blocks-responsive-spacer responsive-spacer size-small hide-xs\"><\/div>\n\n\n\n<div class=\"wp-block-kobu-custom-blocks-responsive-spacer responsive-spacer size-large hide-xl\"><\/div>\n\n\n\n<div class=\"wp-block-group alignmediumwide is-content-justification-right is-layout-constrained wp-container-core-group-is-layout-07b51d56 wp-block-group-is-layout-constrained\">\n<h3 class=\"wp-block-heading\"><img loading=\"lazy\" decoding=\"async\" width=\"100\" height=\"100\" class=\"wp-image-5435\" style=\"width: 100px;\" src=\"https:\/\/staging.cabopol.com\/files\/uploads\/2026\/03\/Action-biobased.png\" alt=\"\" srcset=\"https:\/\/staging.cabopol.com\/files\/uploads\/2026\/03\/Action-biobased.png 546w, https:\/\/staging.cabopol.com\/files\/uploads\/2026\/03\/Action-biobased-300x300.png 300w, https:\/\/staging.cabopol.com\/files\/uploads\/2026\/03\/Action-biobased-150x150.png 150w\" sizes=\"auto, (max-width: 100px) 100vw, 100px\" \/><br><strong>Compostos Biobased<\/strong><\/h3>\n\n\n\n<p><strong>Pol\u00edmeros Bio-Based:<\/strong>&nbsp;produzidos total ou<br>parcialmente a partir de fontes biol\u00f3gicas renov\u00e1veis,<br>substituindo mat\u00e9rias-primas de origem f\u00f3ssil.<\/p>\n\n\n\n<p><strong>Pol\u00edmeros Bio-Atribu\u00eddos:<\/strong>&nbsp;com conte\u00fado renov\u00e1vel<br>alocado atrav\u00e9s de esquemas certificados de balan\u00e7o<br>de massa.<\/p>\n\n\n\n<div class=\"wp-block-buttons is-layout-flex wp-block-buttons-is-layout-flex\">\n<div class=\"wp-block-button is-style-arrow-btn\"><a class=\"wp-block-button__link wp-element-button\" href=\"https:\/\/staging.cabopol.com\/pt-pt\/estrategia-de-sustentabilidade\/solucoes-bio\/\" target=\"_blank\" rel=\"noreferrer noopener\">Descobrir as Possibilidades<\/a><\/div>\n<\/div>\n<\/div>\n\n\n\n<div class=\"wp-block-kobu-custom-blocks-responsive-spacer responsive-spacer size-small hide-xs\"><\/div>\n\n\n\n<div class=\"wp-block-kobu-custom-blocks-responsive-spacer responsive-spacer size-large hide-xl\"><\/div>\n\n\n\n<div class=\"wp-block-group alignmediumwide is-content-justification-left is-layout-constrained wp-container-core-group-is-layout-8c890d92 wp-block-group-is-layout-constrained\">\n<h3 class=\"wp-block-heading\"><img loading=\"lazy\" decoding=\"async\" width=\"100\" height=\"100\" class=\"wp-image-5444\" style=\"width: 100px;\" src=\"https:\/\/staging.cabopol.com\/files\/uploads\/2026\/03\/Action-SL.png\" alt=\"\" srcset=\"https:\/\/staging.cabopol.com\/files\/uploads\/2026\/03\/Action-SL.png 546w, https:\/\/staging.cabopol.com\/files\/uploads\/2026\/03\/Action-SL-300x300.png 300w, https:\/\/staging.cabopol.com\/files\/uploads\/2026\/03\/Action-SL-150x150.png 150w\" sizes=\"auto, (max-width: 100px) 100vw, 100px\" \/><br><strong>Segunda vida<\/strong><\/h3>\n\n\n\n<p>Subprodutos s\u00e3o requalificados como<br>mat\u00e9rias-primas secund\u00e1rias, n\u00e3o sendo vendidos<br>como res\u00edduos, apoiando usos seguros e conformes<br>noutros setores.<\/p>\n<\/div>\n\n\n\n<div class=\"wp-block-kobu-custom-blocks-responsive-spacer responsive-spacer size-small hide-xs\"><\/div>\n\n\n\n<div class=\"wp-block-kobu-custom-blocks-responsive-spacer responsive-spacer size-large hide-xl\"><\/div>\n\n\n\n<div class=\"wp-block-group alignmediumwide is-content-justification-right is-layout-constrained wp-container-core-group-is-layout-07b51d56 wp-block-group-is-layout-constrained\">\n<h3 class=\"wp-block-heading\"><img loading=\"lazy\" decoding=\"async\" width=\"100\" height=\"100\" class=\"wp-image-5452\" style=\"width: 100px;\" src=\"https:\/\/staging.cabopol.com\/files\/uploads\/2026\/03\/Action-FP.png\" alt=\"\" srcset=\"https:\/\/staging.cabopol.com\/files\/uploads\/2026\/03\/Action-FP.png 546w, https:\/\/staging.cabopol.com\/files\/uploads\/2026\/03\/Action-FP-300x300.png 300w, https:\/\/staging.cabopol.com\/files\/uploads\/2026\/03\/Action-FP-150x150.png 150w\" sizes=\"auto, (max-width: 100px) 100vw, 100px\" \/><br><strong>Pegada de carbono<\/strong><br><strong>do produto<\/strong><\/h3>\n\n\n\n<p>C\u00e1lculos realizados internamente, utilizando<br>metodologias validadas e software dedicado.<br><br>Avalia\u00e7\u00e3o do desempenho de sustentabilidade<br>do produto e dos impactos ambientais.<\/p>\n<\/div>\n\n\n\n<div class=\"wp-block-kobu-custom-blocks-responsive-spacer responsive-spacer size-small hide-xs\"><\/div>\n\n\n\n<div class=\"wp-block-kobu-custom-blocks-responsive-spacer responsive-spacer size-medium hide-xs\"><\/div>\n\n\n\n<div class=\"wp-block-kobu-custom-blocks-responsive-spacer responsive-spacer size-xlarge hide-xl\"><\/div>\n\n\n\n<h2 class=\"wp-block-heading alignmediumwide\"><strong>PROCESSO SUSTENT\u00c1VEL<\/strong><\/h2>\n\n\n\n<div class=\"wp-block-kobu-custom-blocks-responsive-spacer responsive-spacer size-small\"><\/div>\n\n\n\n<div class=\"wp-block-group alignmediumwide is-content-justification-left is-layout-constrained wp-container-core-group-is-layout-8c890d92 wp-block-group-is-layout-constrained\">\n<h3 class=\"wp-block-heading\"><img loading=\"lazy\" decoding=\"async\" width=\"100\" height=\"100\" class=\"wp-image-5480\" style=\"width: 100px;\" src=\"https:\/\/staging.cabopol.com\/files\/uploads\/2026\/03\/Action-EE.png\" alt=\"\" srcset=\"https:\/\/staging.cabopol.com\/files\/uploads\/2026\/03\/Action-EE.png 546w, https:\/\/staging.cabopol.com\/files\/uploads\/2026\/03\/Action-EE-300x300.png 300w, https:\/\/staging.cabopol.com\/files\/uploads\/2026\/03\/Action-EE-150x150.png 150w\" sizes=\"auto, (max-width: 100px) 100vw, 100px\" \/><br><strong>Efici\u00eancia energ\u00e9tica<\/strong><\/h3>\n\n\n\n<p>Implementa\u00e7\u00e3o de medidas de efici\u00eancia energ\u00e9tica,<br>como otimiza\u00e7\u00e3o de sistemas de free-cooling em<br>unidades de \u00e1gua refrigerada e sistemas de<br>monitoriza\u00e7\u00e3o e medi\u00e7\u00e3o de energia el\u00e9trica em cada<br>linha de produ\u00e7\u00e3o.<\/p>\n\n\n\n<div class=\"wp-block-kobu-custom-blocks-responsive-spacer responsive-spacer size-small hide-xs\"><\/div>\n<\/div>\n\n\n\n<div class=\"wp-block-kobu-custom-blocks-responsive-spacer responsive-spacer size-large hide-xl\"><\/div>\n\n\n\n<div class=\"wp-block-group alignmediumwide is-content-justification-right is-layout-constrained wp-container-core-group-is-layout-07b51d56 wp-block-group-is-layout-constrained\">\n<h3 class=\"wp-block-heading\"><img loading=\"lazy\" decoding=\"async\" width=\"100\" height=\"100\" class=\"wp-image-5484\" style=\"width: 100px;\" src=\"https:\/\/staging.cabopol.com\/files\/uploads\/2026\/03\/Action-GE.png\" alt=\"\" srcset=\"https:\/\/staging.cabopol.com\/files\/uploads\/2026\/03\/Action-GE.png 546w, https:\/\/staging.cabopol.com\/files\/uploads\/2026\/03\/Action-GE-300x300.png 300w, https:\/\/staging.cabopol.com\/files\/uploads\/2026\/03\/Action-GE-150x150.png 150w\" sizes=\"auto, (max-width: 100px) 100vw, 100px\" \/><br><strong>Energia verde<\/strong><\/h3>\n\n\n\n<p>A gera\u00e7\u00e3o de eletricidade renov\u00e1vel no local, atrav\u00e9s<br>de instala\u00e7\u00f5es solares pr\u00f3prias, cobre em m\u00e9dia&nbsp;<strong>15%<\/strong><br>do nosso consumo anual total, chegando at\u00e9&nbsp;<strong>40%<\/strong>&nbsp;da<br>produ\u00e7\u00e3o durante per\u00edodos de maior exposi\u00e7\u00e3o solar.<\/p>\n<\/div>\n\n\n\n<div class=\"wp-block-kobu-custom-blocks-responsive-spacer responsive-spacer size-small hide-xs\"><\/div>\n\n\n\n<div class=\"wp-block-kobu-custom-blocks-responsive-spacer responsive-spacer size-large hide-xl\"><\/div>\n\n\n\n<div class=\"wp-block-group alignmediumwide is-content-justification-left is-layout-constrained wp-container-core-group-is-layout-8c890d92 wp-block-group-is-layout-constrained\">\n<h3 class=\"wp-block-heading\"><img loading=\"lazy\" decoding=\"async\" width=\"100\" height=\"100\" class=\"wp-image-5488\" style=\"width: 100px;\" src=\"https:\/\/staging.cabopol.com\/files\/uploads\/2026\/03\/Action-RC.png\" alt=\"\" srcset=\"https:\/\/staging.cabopol.com\/files\/uploads\/2026\/03\/Action-RC.png 546w, https:\/\/staging.cabopol.com\/files\/uploads\/2026\/03\/Action-RC-300x300.png 300w, https:\/\/staging.cabopol.com\/files\/uploads\/2026\/03\/Action-RC-150x150.png 150w\" sizes=\"auto, (max-width: 100px) 100vw, 100px\" \/><br><strong>Re-Compounding<\/strong><\/h3>\n\n\n\n<p>Capacidades internas de reciclagem apoiadas por<br>investimento em equipamentos dedicados para<br>reprocessamento de materiais PIR e PCR.<br><br>Desenvolvimento de solu\u00e7\u00f5es sustent\u00e1veis para<br>melhorar a reciclabilidade de produtos pl\u00e1sticos.<\/p>\n<\/div>\n\n\n\n<div class=\"wp-block-kobu-custom-blocks-responsive-spacer responsive-spacer size-small hide-xs\"><\/div>\n\n\n\n<div class=\"wp-block-kobu-custom-blocks-responsive-spacer responsive-spacer size-large hide-xl\"><\/div>\n\n\n\n<div class=\"wp-block-group alignmediumwide is-content-justification-right is-layout-constrained wp-container-core-group-is-layout-07b51d56 wp-block-group-is-layout-constrained\">\n<h3 class=\"wp-block-heading\"><img loading=\"lazy\" decoding=\"async\" width=\"100\" height=\"100\" class=\"wp-image-5492\" style=\"width: 100px;\" src=\"https:\/\/staging.cabopol.com\/files\/uploads\/2026\/03\/Action-RR.png\" alt=\"\" srcset=\"https:\/\/staging.cabopol.com\/files\/uploads\/2026\/03\/Action-RR.png 546w, https:\/\/staging.cabopol.com\/files\/uploads\/2026\/03\/Action-RR-300x300.png 300w, https:\/\/staging.cabopol.com\/files\/uploads\/2026\/03\/Action-RR-150x150.png 150w\" sizes=\"auto, (max-width: 100px) 100vw, 100px\" \/><br>Recupera\u00e7\u00e3o de Recursos<\/h3>\n\n\n\n<p>Estamos legalmente licenciados para operar como<br><strong>operador de<\/strong> <strong>gest\u00e3o de res\u00edduos<\/strong>, garantindo total<br>autonomia no tratamento e gest\u00e3o de fluxos de<br>res\u00edduos internos e externos, incluindo atividades de<br>reintegra\u00e7\u00e3o e reprocessamento dentro das nossas<br>opera\u00e7\u00f5es.<\/p>\n<\/div>\n\n\n\n<div class=\"wp-block-kobu-custom-blocks-responsive-spacer responsive-spacer size-large\"><\/div>\n\n\n\n\n\n\n\n\n\n\n\n\n\n\n\n\n\n<div class=\"wp-block-kobu-custom-blocks-inner-content-img alignfull media-content-group child-item align-right valign-start img-first no-img-overlay\"><div class=\"media-col\"><figure><img loading=\"lazy\" decoding=\"async\" width=\"1059\" height=\"1059\" class=\"wp-image-3533\" src=\"https:\/\/staging.cabopol.com\/files\/uploads\/2026\/02\/Internal-Life-Cycle-Assesment-Calculations.webp\" alt=\"\" title=\"Internal Life Cycle Assesment Calculations\" sizes=\"auto, (min-width: 601px) 50vw, 100vw\" srcset=\"https:\/\/staging.cabopol.com\/files\/uploads\/2026\/02\/Internal-Life-Cycle-Assesment-Calculations.webp 1059w, https:\/\/staging.cabopol.com\/files\/uploads\/2026\/02\/Internal-Life-Cycle-Assesment-Calculations-300x300.webp 300w, https:\/\/staging.cabopol.com\/files\/uploads\/2026\/02\/Internal-Life-Cycle-Assesment-Calculations-1024x1024.webp 1024w, https:\/\/staging.cabopol.com\/files\/uploads\/2026\/02\/Internal-Life-Cycle-Assesment-Calculations-150x150.webp 150w, https:\/\/staging.cabopol.com\/files\/uploads\/2026\/02\/Internal-Life-Cycle-Assesment-Calculations-768x768.webp 768w\" \/><\/figure><\/div><div class=\"content-col\"><div class=\"content-col-wrapper\">\n<h2 class=\"wp-block-heading\">Pegada de Carbono do Produto<\/h2>\n\n\n\n<p>Em conformidade com as normas <strong>ISO 14067<\/strong> e<strong> ISO 14040<\/strong>, os nossos c\u00e1lculos da pegada de carbono seguem metodologias internacionalmente reconhecidas e foram validados por uma entidade externa independente.<\/p>\n\n\n\n<p>Para cada refer\u00eancia, podemos fornecer a Pegada de Carbono do Produto em CO\u2082-eq mediante pedido, bem como todas as informa\u00e7\u00f5es completas de ACV (Avalia\u00e7\u00e3o do Ciclo de Vida), de acordo com as necessidades espec\u00edficas de cada cliente.<\/p>\n\n\n\n<div class=\"wp-block-kobu-custom-blocks-responsive-spacer responsive-spacer size-small\"><\/div>\n<\/div><\/div><\/div>\n\n\n\n<div class=\"wp-block-kobu-custom-blocks-section-wrapper alignfull kobu-section has-text-color has-foreground-color has-background has-lightergray-background-color is-style-cta-section has-link-color wp-elements-5b61b56c7e3b70e91244c9e64d9f7d36\">\n<div class=\"wp-block-kobu-custom-blocks-responsive-spacer responsive-spacer size-medium\"><\/div>\n\n\n\n<div class=\"wp-block-group alignmediumwide is-layout-flow wp-block-group-is-layout-flow\">\n<h2 class=\"wp-block-heading has-large-font-size\"><strong>\u00c0 procura de outra coisa?<br>Estamos aqui para ajudar<\/strong><\/h2>\n\n\n\n<div class=\"wp-block-buttons is-layout-flex wp-block-buttons-is-layout-flex\">\n<div class=\"wp-block-button is-style-arrow-btn\"><a class=\"wp-block-button__link wp-element-button\" href=\"https:\/\/staging.cabopol.com\/pt-pt\/contactos\/\">Contacte-nos<\/a><\/div>\n<\/div>\n<\/div>\n\n\n\n<div class=\"wp-block-kobu-custom-blocks-responsive-spacer responsive-spacer size-medium\"><\/div>\n<\/div>\n","protected":false},"excerpt":{"rendered":"<p>PRODUTOS SUSTENT\u00c1VEIS Compostos Reciclados Compostos que incorporam mat\u00e9rias-primasrecicladas provenientes de fontes p\u00f3s-consumoe\/ou p\u00f3s-industriais. Formula\u00e7\u00f5es certificadas ao abrigo do sistema deRastreabilidade RecyClass. Compostos Biobased Pol\u00edmeros Bio-Based:&nbsp;produzidos [&hellip;]<\/p>\n","protected":false},"author":1,"featured_media":3553,"parent":0,"menu_order":11,"comment_status":"closed","ping_status":"closed","template":"","meta":{"_acf_changed":false,"inline_featured_image":false,"footnotes":""},"class_list":["post-2536","page","type-page","status-publish","has-post-thumbnail","hentry"],"acf":[],"_links":{"self":[{"href":"https:\/\/staging.cabopol.com\/pt-pt\/wp-json\/wp\/v2\/pages\/2536","targetHints":{"allow":["GET"]}}],"collection":[{"href":"https:\/\/staging.cabopol.com\/pt-pt\/wp-json\/wp\/v2\/pages"}],"about":[{"href":"https:\/\/staging.cabopol.com\/pt-pt\/wp-json\/wp\/v2\/types\/page"}],"author":[{"embeddable":true,"href":"https:\/\/staging.cabopol.com\/pt-pt\/wp-json\/wp\/v2\/users\/1"}],"replies":[{"embeddable":true,"href":"https:\/\/staging.cabopol.com\/pt-pt\/wp-json\/wp\/v2\/comments?post=2536"}],"version-history":[{"count":31,"href":"https:\/\/staging.cabopol.com\/pt-pt\/wp-json\/wp\/v2\/pages\/2536\/revisions"}],"predecessor-version":[{"id":5602,"href":"https:\/\/staging.cabopol.com\/pt-pt\/wp-json\/wp\/v2\/pages\/2536\/revisions\/5602"}],"wp:featuredmedia":[{"embeddable":true,"href":"https:\/\/staging.cabopol.com\/pt-pt\/wp-json\/wp\/v2\/media\/3553"}],"wp:attachment":[{"href":"https:\/\/staging.cabopol.com\/pt-pt\/wp-json\/wp\/v2\/media?parent=2536"}],"curies":[{"name":"wp","href":"https:\/\/api.w.org\/{rel}","templated":true}]}}