{"id":2542,"date":"2025-06-04T13:48:57","date_gmt":"2025-06-04T13:48:57","guid":{"rendered":"https:\/\/staging.cabopol.com\/sustainability\/biobased-compounds\/"},"modified":"2026-02-05T18:01:48","modified_gmt":"2026-02-05T18:01:48","slug":"solucoes-bio","status":"publish","type":"page","link":"https:\/\/staging.cabopol.com\/pt-pt\/estrategia-de-sustentabilidade\/solucoes-bio\/","title":{"rendered":"Compostos Biobased"},"content":{"rendered":"\n<div class=\"wp-block-kobu-custom-blocks-section-wrapper alignfull kobu-section has-background has-lightergray-background-color\">\n<div class=\"wp-block-kobu-custom-blocks-responsive-spacer responsive-spacer size-large\"><\/div>\n\n\n\n<p class=\"is-style-top-red-line\">Os compostos termopl\u00e1sticos biobased da Cabopol oferecem solu\u00e7\u00f5es sustent\u00e1veis para a ind\u00fastria moderna. Os nossos pol\u00edmeros compost\u00e1veis e biodegrad\u00e1veis, produzidos a partir de biomassa vegetal, combinam excelentes propriedades est\u00e9ticas, mec\u00e2nicas, el\u00e9ctricas e resist\u00eancia ao fogo. Projetados para moldagem por inje\u00e7\u00e3o e extrus\u00e3o, estes compostos ecol\u00f3gicos promovem a economia circular, reduzem o impacto ambiental e garantem desempenho fi\u00e1vel e de alta qualidade em diversos setores.<\/p>\n\n\n\n<div class=\"wp-block-kobu-custom-blocks-responsive-spacer responsive-spacer size-large\"><\/div>\n<\/div>\n\n\n\n<div class=\"wp-block-kobu-custom-blocks-responsive-spacer responsive-spacer size-large\"><\/div>\n\n\n<div class=\"columns-group-block alignfull\">\n                <div class=\"columns-group-row\">\n            <div class=\"column columns-group-column\">\n                                    <div class=\"img-wrapper\">\n                        <img loading=\"lazy\" decoding=\"async\" width=\"640\" height=\"640\" src=\"https:\/\/staging.cabopol.com\/files\/uploads\/2026\/02\/BIOLacoflex-768x768.webp\" class=\"coverimg\" alt=\"Green leaf\" sizes=\"auto, (min-width: 601px) 50vw, 100vw\" srcset=\"https:\/\/staging.cabopol.com\/files\/uploads\/2026\/02\/BIOLacoflex-768x768.webp 768w, https:\/\/staging.cabopol.com\/files\/uploads\/2026\/02\/BIOLacoflex-300x300.webp 300w, https:\/\/staging.cabopol.com\/files\/uploads\/2026\/02\/BIOLacoflex-1024x1024.webp 1024w, https:\/\/staging.cabopol.com\/files\/uploads\/2026\/02\/BIOLacoflex-150x150.webp 150w, https:\/\/staging.cabopol.com\/files\/uploads\/2026\/02\/BIOLacoflex.webp 1301w\" \/>                    <\/div>\n                                <div class=\"content-wrapper\">\n                    <h3 class=\"title\">BIO-Lacoflex<\/h3>\n                                            <div class=\"description\"><p>O BIO-Lacoflex \u00e9 a linha de termopl\u00e1sticos biobased da Cabopol, feita a partir de recursos renov\u00e1veis como soja, amido de arroz, milho e cana-de-a\u00e7\u00facar. O Lacoflex\u00ae TPE-S oferece compostos seguros, dur\u00e1veis e vers\u00e1teis para cuidados pessoais, brinquedos e utens\u00edlios de cozinha, garantindo flexibilidade, resist\u00eancia qu\u00edmica e moldagem consistente, com op\u00e7\u00f5es de conte\u00fado reciclado.<\/p>\n<\/div>\n                    \n                    <a href=\"https:\/\/staging.cabopol.com\/pt-pt\/contactos\/\" class=\"btn\" >Pedir mais informa\u00e7\u00f5es<\/a>                <\/div>\n            <\/div>\n\n            <\/div>    <\/div>\n\n\n<div class=\"wp-block-kobu-custom-blocks-responsive-spacer responsive-spacer size-large\"><\/div>\n\n\n\n<div class=\"wp-block-kobu-custom-blocks-section-wrapper alignfull kobu-section has-text-color has-foreground-color has-background has-lightergray-background-color is-style-cta-section has-link-color wp-elements-8ce4acaa2e4758aea32ff053562221e6\">\n<div class=\"wp-block-kobu-custom-blocks-responsive-spacer responsive-spacer size-medium\"><\/div>\n\n\n\n<div class=\"wp-block-group alignmediumwide is-layout-flow wp-block-group-is-layout-flow\">\n<h2 class=\"wp-block-heading has-large-font-size\">\u00c0 procura de outra coisa<br>Estamos aqui para ajudar.<\/h2>\n\n\n\n<div class=\"wp-block-buttons is-layout-flex wp-block-buttons-is-layout-flex\">\n<div class=\"wp-block-button is-style-arrow-btn\"><a class=\"wp-block-button__link wp-element-button\" href=\"https:\/\/staging.cabopol.com\/pt-pt\/contactos\/\">Contacte-nos<\/a><\/div>\n<\/div>\n<\/div>\n\n\n\n<div class=\"wp-block-kobu-custom-blocks-responsive-spacer responsive-spacer size-medium\"><\/div>\n<\/div>\n\n\n\n<div class=\"wp-block-kobu-custom-blocks-responsive-spacer responsive-spacer size-large\"><\/div>\n\n\n    <div class=\"solutions-slider-block alignfull container-wrapper\">\n        <div class=\"container large\">\n                            <h2>Aplica\u00e7\u00f5es Bio<\/h2>\n                    <\/div>\n        <div class=\"container full\">\n            <div class=\"solutions-slider\" data-width=\"large\" data-gap=\"large\">\n                \n<div class=\"article solution-card \">\n    <div class=\"solution-inner-wrapper\">\n        <div class=\"img-wrapper\">\n                            <div class=\"fixed-ratio-img\">\n                    <img loading=\"lazy\" decoding=\"async\" width=\"640\" height=\"435\" src=\"https:\/\/staging.cabopol.com\/files\/uploads\/2026\/02\/BIO-Lacoflex.webp\" class=\"coverimg\" alt=\"Toothbrush with white toothpaste on it\" sizes=\"auto, (min-width: 993px) 33vw, (min-width: 601px) 50vw, 100vw\" srcset=\"https:\/\/staging.cabopol.com\/files\/uploads\/2026\/02\/BIO-Lacoflex.webp 701w, https:\/\/staging.cabopol.com\/files\/uploads\/2026\/02\/BIO-Lacoflex-300x204.webp 300w\" \/>                <\/div>\n                    <\/div>\n        <div class=\"content-wrapper\">\n                            <div class=\"features\">\n                                            <div class=\"feature\"> Biobased<\/div>\n                                    <\/div>\n                        <h3 class=\"post-title\">BIO-Lacoflex<\/h3>\n            <div class=\"tags-wrapper\"><a class=\"tag\" href=\"https:\/\/staging.cabopol.com\/pt-pt\/aplicacoes\/injecao-e-extrusao\/\">Inje\u00e7\u00e3o e Extrus\u00e3o<\/a><span class=\"tag\">TPE-S<\/span><a class=\"tag\" href=\"https:\/\/staging.cabopol.com\/pt-pt\/aplicacoes\/injecao-e-extrusao\/bens-de-consumo-cuidados-pessoais\/\">Bens de Consumo &amp; Cuidados Pessoais<\/a><a class=\"tag\" href=\"https:\/\/staging.cabopol.com\/pt-pt\/os-nossos-produtos\/lacoflex\/\">BIO-Lacoflex<\/a><\/div>                            <div class=\"description\">Solu\u00e7\u00f5es sustent\u00e1veis com conte\u00fado biobased<\/div>\n                        <div class=\"btn ghost-gray small submit-interest-solution\">Submeter interesse<\/div>\n        <\/div>\n    <\/div>\n<\/div>            <\/div>\n        <\/div>\n                    <div class=\"container large\">\n                <a href=\"https:\/\/staging.cabopol.com\/pt-pt\/aplicacoes\/\" class=\"solutions-page-link arrow-link\"><span>Consultar as nossas Aplica\u00e7\u00f5es<\/span><\/a>\n            <\/div>\n            <\/div>\n","protected":false},"excerpt":{"rendered":"","protected":false},"author":1,"featured_media":4772,"parent":2536,"menu_order":12,"comment_status":"closed","ping_status":"closed","template":"templates\/brand.php","meta":{"_acf_changed":false,"inline_featured_image":false,"footnotes":""},"class_list":["post-2542","page","type-page","status-publish","has-post-thumbnail","hentry"],"acf":[],"_links":{"self":[{"href":"https:\/\/staging.cabopol.com\/pt-pt\/wp-json\/wp\/v2\/pages\/2542","targetHints":{"allow":["GET"]}}],"collection":[{"href":"https:\/\/staging.cabopol.com\/pt-pt\/wp-json\/wp\/v2\/pages"}],"about":[{"href":"https:\/\/staging.cabopol.com\/pt-pt\/wp-json\/wp\/v2\/types\/page"}],"author":[{"embeddable":true,"href":"https:\/\/staging.cabopol.com\/pt-pt\/wp-json\/wp\/v2\/users\/1"}],"replies":[{"embeddable":true,"href":"https:\/\/staging.cabopol.com\/pt-pt\/wp-json\/wp\/v2\/comments?post=2542"}],"version-history":[{"count":9,"href":"https:\/\/staging.cabopol.com\/pt-pt\/wp-json\/wp\/v2\/pages\/2542\/revisions"}],"predecessor-version":[{"id":4540,"href":"https:\/\/staging.cabopol.com\/pt-pt\/wp-json\/wp\/v2\/pages\/2542\/revisions\/4540"}],"up":[{"embeddable":true,"href":"https:\/\/staging.cabopol.com\/pt-pt\/wp-json\/wp\/v2\/pages\/2536"}],"wp:featuredmedia":[{"embeddable":true,"href":"https:\/\/staging.cabopol.com\/pt-pt\/wp-json\/wp\/v2\/media\/4772"}],"wp:attachment":[{"href":"https:\/\/staging.cabopol.com\/pt-pt\/wp-json\/wp\/v2\/media?parent=2542"}],"curies":[{"name":"wp","href":"https:\/\/api.w.org\/{rel}","templated":true}]}}