{"id":2635,"date":"2025-07-02T14:06:16","date_gmt":"2025-07-02T14:06:16","guid":{"rendered":"https:\/\/staging.cabopol.com\/aplicacoes\/cabos-e-fio-automovel\/telecom\/"},"modified":"2026-02-05T16:58:26","modified_gmt":"2026-02-05T16:58:26","slug":"telecom","status":"publish","type":"page","link":"https:\/\/staging.cabopol.com\/pt-pt\/aplicacoes\/cabos-e-fio-automovel\/telecom\/","title":{"rendered":"Telecom"},"content":{"rendered":"\n<div class=\"wp-block-kobu-custom-blocks-inner-content-img alignwide media-content-group child-item align-right valign-start img-first\"><div class=\"media-col\"><figure><img loading=\"lazy\" decoding=\"async\" width=\"1301\" height=\"1301\" class=\"wp-image-4100\" src=\"https:\/\/staging.cabopol.com\/files\/uploads\/2026\/02\/Telecom-Optical-Fiber.webp\" alt=\"\" title=\"Telecom Optical Fiber\" sizes=\"auto, (min-width: 1201px) 35vw, (min-width: 601px) 50vw, 100vw\" srcset=\"https:\/\/staging.cabopol.com\/files\/uploads\/2026\/02\/Telecom-Optical-Fiber.webp 1301w, https:\/\/staging.cabopol.com\/files\/uploads\/2026\/02\/Telecom-Optical-Fiber-300x300.webp 300w, https:\/\/staging.cabopol.com\/files\/uploads\/2026\/02\/Telecom-Optical-Fiber-1024x1024.webp 1024w, https:\/\/staging.cabopol.com\/files\/uploads\/2026\/02\/Telecom-Optical-Fiber-150x150.webp 150w, https:\/\/staging.cabopol.com\/files\/uploads\/2026\/02\/Telecom-Optical-Fiber-768x768.webp 768w\" \/><\/figure><\/div><div class=\"content-col\"><div class=\"content-col-wrapper\">\n<h2 class=\"wp-block-heading\">Cabos de Fibra \u00d3tica<br>TPE | LSZH<\/h2>\n\n\n\n<p>Para aplica\u00e7\u00f5es de cabos e fios de telecomunica\u00e7\u00f5es, os compostos polim\u00e9ricos Lacoflex\u00ae TPE e Sofiplus\u00ae LSZH oferecem solu\u00e7\u00f5es desenvolvidas para cabos de fibra \u00f3ptica.<\/p>\n\n\n\n<p>O Lacoflex\u00ae TPE garante tubos de baixo atrito, excelente resist\u00eancia qu\u00edmica e propriedades mec\u00e2nicas robustas para uma instala\u00e7\u00e3o suave e desempenho duradouro.<\/p>\n\n\n\n<p>O Sofiplus\u00ae LSZH proporciona resist\u00eancia a rastros e gel, baixa gotejagem, compatibilidade com buffer apertado e microm\u00f3dulos, com retardamento \u00e0 chama, flexibilidade, resist\u00eancia UV e processamento de alta velocidade, assegurando isolamento fi\u00e1vel e duradouro para redes de telecomunica\u00e7\u00f5es modernas.<\/p>\n<\/div><\/div><\/div>\n\n\n\n<div class=\"wp-block-kobu-custom-blocks-responsive-spacer responsive-spacer size-large\"><\/div>\n\n\n\n<div class=\"wp-block-kobu-custom-blocks-inner-content-img alignwide media-content-group child-item align-left valign-start img-first\"><div class=\"media-col\"><figure><img loading=\"lazy\" decoding=\"async\" width=\"1301\" height=\"1301\" class=\"wp-image-4096\" src=\"https:\/\/staging.cabopol.com\/files\/uploads\/2026\/02\/Telecom-Data.webp\" alt=\"\" title=\"Telecom Data\" sizes=\"auto, (min-width: 1201px) 35vw, (min-width: 601px) 50vw, 100vw\" srcset=\"https:\/\/staging.cabopol.com\/files\/uploads\/2026\/02\/Telecom-Data.webp 1301w, https:\/\/staging.cabopol.com\/files\/uploads\/2026\/02\/Telecom-Data-300x300.webp 300w, https:\/\/staging.cabopol.com\/files\/uploads\/2026\/02\/Telecom-Data-1024x1024.webp 1024w, https:\/\/staging.cabopol.com\/files\/uploads\/2026\/02\/Telecom-Data-150x150.webp 150w, https:\/\/staging.cabopol.com\/files\/uploads\/2026\/02\/Telecom-Data-768x768.webp 768w\" \/><\/figure><\/div><div class=\"content-col\"><div class=\"content-col-wrapper\">\n<h2 class=\"wp-block-heading\">Data &amp; LAN<br>LSZH | PVC<\/h2>\n\n\n\n<p>Para cablagem de dados e LAN em telecomunica\u00e7\u00f5es, os compostos polim\u00e9ricos Sofiplus\u00ae LSZH oferecem isolamento e cama flex\u00edveis, retardadores de chama e compat\u00edveis com CPR, garantindo desempenho seguro e duradouro para redes de comunica\u00e7\u00e3o modernas.<\/p>\n\n\n\n<p>Os compostos Polyprime\u00ae PVC suportam isolamento ultrafino com elevada resist\u00eancia mec\u00e2nica, estabilidade dimensional e resist\u00eancia UV, permitindo revestimento preciso e desempenho duradouro em aplica\u00e7\u00f5es de cabos de dados, LAN e telecomunica\u00e7\u00f5es.<\/p>\n<\/div><\/div><\/div>\n\n\n\n<div class=\"wp-block-kobu-custom-blocks-responsive-spacer responsive-spacer size-large\"><\/div>\n\n\n    <div class=\"solutions-slider-block alignfull container-wrapper\">\n        <div class=\"container large\">\n                            <h2>Aplica\u00e7\u00f5es<\/h2>\n                    <\/div>\n        <div class=\"container full\">\n            <div class=\"solutions-slider\" data-width=\"large\" data-gap=\"large\">\n                \n<div class=\"article solution-card \">\n    <div class=\"solution-inner-wrapper\">\n        <div class=\"img-wrapper\">\n                            <div class=\"fixed-ratio-img\">\n                    <img loading=\"lazy\" decoding=\"async\" width=\"640\" height=\"434\" src=\"https:\/\/staging.cabopol.com\/files\/uploads\/2026\/02\/Polyprime-Data.webp\" class=\"coverimg\" alt=\"Telecom Data Wire\" sizes=\"auto, (min-width: 993px) 33vw, (min-width: 601px) 50vw, 100vw\" srcset=\"https:\/\/staging.cabopol.com\/files\/uploads\/2026\/02\/Polyprime-Data.webp 701w, https:\/\/staging.cabopol.com\/files\/uploads\/2026\/02\/Polyprime-Data-300x203.webp 300w\" \/>                <\/div>\n                    <\/div>\n        <div class=\"content-wrapper\">\n                        <h3 class=\"post-title\">Polyprime DATA<\/h3>\n            <div class=\"tags-wrapper\"><a class=\"tag\" href=\"https:\/\/staging.cabopol.com\/pt-pt\/aplicacoes\/cabos-e-fio-automovel\/\">Cabos e fio Autom\u00f3vel<\/a><span class=\"tag\">PVC<\/span><a class=\"tag\" href=\"https:\/\/staging.cabopol.com\/pt-pt\/aplicacoes\/cabos-e-fio-automovel\/telecom\/\">Telecom<\/a><a class=\"tag\" href=\"https:\/\/staging.cabopol.com\/pt-pt\/os-nossos-produtos\/polyprime\/\">Polyprime<\/a><\/div>                            <div class=\"description\">Dados | LAN<\/div>\n                        <div class=\"btn ghost-gray small submit-interest-solution\">Submeter interesse<\/div>\n        <\/div>\n    <\/div>\n<\/div>\n<div class=\"article solution-card \">\n    <div class=\"solution-inner-wrapper\">\n        <div class=\"img-wrapper\">\n                            <div class=\"fixed-ratio-img\">\n                    <img loading=\"lazy\" decoding=\"async\" width=\"640\" height=\"434\" src=\"https:\/\/staging.cabopol.com\/files\/uploads\/2026\/02\/Sofiplus-ONE-Telecom.webp\" class=\"coverimg\" alt=\"Wires and Cables\" sizes=\"auto, (min-width: 993px) 33vw, (min-width: 601px) 50vw, 100vw\" srcset=\"https:\/\/staging.cabopol.com\/files\/uploads\/2026\/02\/Sofiplus-ONE-Telecom.webp 701w, https:\/\/staging.cabopol.com\/files\/uploads\/2026\/02\/Sofiplus-ONE-Telecom-300x203.webp 300w\" \/>                <\/div>\n                    <\/div>\n        <div class=\"content-wrapper\">\n                        <h3 class=\"post-title\">Sofiplus ONE<\/h3>\n            <div class=\"tags-wrapper\"><a class=\"tag\" href=\"https:\/\/staging.cabopol.com\/pt-pt\/aplicacoes\/cabos-e-fio-automovel\/\">Cabos e fio Autom\u00f3vel<\/a><span class=\"tag\">LSZH<\/span><a class=\"tag\" href=\"https:\/\/staging.cabopol.com\/pt-pt\/aplicacoes\/cabos-e-fio-automovel\/telecom\/\">Telecom<\/a><span class=\"tag\">Sofiplus<\/span><\/div>                            <div class=\"description\">Dados | Fibra \u00d3ptica | LAN<\/div>\n                        <div class=\"btn ghost-gray small submit-interest-solution\">Submeter interesse<\/div>\n        <\/div>\n    <\/div>\n<\/div>\n<div class=\"article solution-card \">\n    <div class=\"solution-inner-wrapper\">\n        <div class=\"img-wrapper\">\n                            <div class=\"fixed-ratio-img\">\n                    <img loading=\"lazy\" decoding=\"async\" width=\"640\" height=\"433\" src=\"https:\/\/staging.cabopol.com\/files\/uploads\/2026\/02\/Lacoflex-Tec-Telecom.webp\" class=\"coverimg\" alt=\"Wires and Cables\" sizes=\"auto, (min-width: 993px) 33vw, (min-width: 601px) 50vw, 100vw\" srcset=\"https:\/\/staging.cabopol.com\/files\/uploads\/2026\/02\/Lacoflex-Tec-Telecom.webp 701w, https:\/\/staging.cabopol.com\/files\/uploads\/2026\/02\/Lacoflex-Tec-Telecom-300x203.webp 300w\" \/>                <\/div>\n                    <\/div>\n        <div class=\"content-wrapper\">\n                        <h3 class=\"post-title\">Lacoflex TEC<\/h3>\n            <div class=\"tags-wrapper\"><a class=\"tag\" href=\"https:\/\/staging.cabopol.com\/pt-pt\/aplicacoes\/cabos-e-fio-automovel\/\">Cabos e fio Autom\u00f3vel<\/a><span class=\"tag\">TPE-S<\/span><a class=\"tag\" href=\"https:\/\/staging.cabopol.com\/pt-pt\/aplicacoes\/cabos-e-fio-automovel\/telecom\/\">Telecom<\/a><span class=\"tag\">Lacoflex<\/span><\/div>                            <div class=\"description\">Fibra \u00d3ptica<\/div>\n                        <div class=\"btn ghost-gray small submit-interest-solution\">Submeter interesse<\/div>\n        <\/div>\n    <\/div>\n<\/div>            <\/div>\n        <\/div>\n                    <div class=\"container large\">\n                <a href=\"https:\/\/staging.cabopol.com\/pt-pt\/aplicacoes\/\" class=\"solutions-page-link arrow-link\"><span>Consultar as nossas Aplica\u00e7\u00f5es<\/span><\/a>\n            <\/div>\n            <\/div>\n\n\n\n<div class=\"wp-block-kobu-custom-blocks-responsive-spacer responsive-spacer size-large\"><\/div>\n\n\n    <div class=\"taxonomy-slider-block alignfull container-wrapper\">\n        <div class=\"container large\">\n                            <h2>Outras Aplica\u00e7\u00f5es<\/h2>\n                    <\/div>\n        <div class=\"container full\">\n            <div class=\"taxonomy-slider\" data-width=\"large\">\n                \n    <div class=\"card sector slide \">\n        <div class=\"card-inner-wrapper\">\n                            <div class=\"featured-img\">\n                    <div class=\"featured-img-inner\">\n                        <img loading=\"lazy\" decoding=\"async\" width=\"640\" height=\"640\" src=\"https:\/\/staging.cabopol.com\/files\/uploads\/2026\/02\/Consumer-goods-Whitegoods-768x768.webp\" class=\"coverimg\" alt=\"Kitchenware\" sizes=\"auto, (min-width: 993px) 33vw, (min-width: 601px) 50vw, 100vw\" srcset=\"https:\/\/staging.cabopol.com\/files\/uploads\/2026\/02\/Consumer-goods-Whitegoods-768x768.webp 768w, https:\/\/staging.cabopol.com\/files\/uploads\/2026\/02\/Consumer-goods-Whitegoods-300x300.webp 300w, https:\/\/staging.cabopol.com\/files\/uploads\/2026\/02\/Consumer-goods-Whitegoods-1024x1024.webp 1024w, https:\/\/staging.cabopol.com\/files\/uploads\/2026\/02\/Consumer-goods-Whitegoods-150x150.webp 150w, https:\/\/staging.cabopol.com\/files\/uploads\/2026\/02\/Consumer-goods-Whitegoods.webp 1301w\" \/>                    <\/div>\n                <\/div>\n                        <div class=\"content-wrapper\">\n                <h3 class=\"post-title\">Bens de Consumo &amp; Cuidados Pessoais<\/h3>\n                                <a href=\"https:\/\/staging.cabopol.com\/pt-pt\/aplicacoes\/injecao-e-extrusao\/bens-de-consumo-cuidados-pessoais\/\" class=\"btn ghost-white arrow-btn\">Descobrir as Possibilidades<\/a>\n            <\/div>\n        <\/div>\n    <\/div>\n\n    <div class=\"card sector slide \">\n        <div class=\"card-inner-wrapper\">\n                            <div class=\"featured-img\">\n                    <div class=\"featured-img-inner\">\n                        <img loading=\"lazy\" decoding=\"async\" width=\"640\" height=\"640\" src=\"https:\/\/staging.cabopol.com\/files\/uploads\/2026\/02\/Automotive-Interior-768x768.webp\" class=\"coverimg\" alt=\"Car interior details\" sizes=\"auto, (min-width: 993px) 33vw, (min-width: 601px) 50vw, 100vw\" srcset=\"https:\/\/staging.cabopol.com\/files\/uploads\/2026\/02\/Automotive-Interior-768x768.webp 768w, https:\/\/staging.cabopol.com\/files\/uploads\/2026\/02\/Automotive-Interior-300x300.webp 300w, https:\/\/staging.cabopol.com\/files\/uploads\/2026\/02\/Automotive-Interior-1024x1024.webp 1024w, https:\/\/staging.cabopol.com\/files\/uploads\/2026\/02\/Automotive-Interior-150x150.webp 150w, https:\/\/staging.cabopol.com\/files\/uploads\/2026\/02\/Automotive-Interior.webp 1301w\" \/>                    <\/div>\n                <\/div>\n                        <div class=\"content-wrapper\">\n                <h3 class=\"post-title\">Autom\u00f3vel<\/h3>\n                                <a href=\"https:\/\/staging.cabopol.com\/pt-pt\/aplicacoes\/cabos-e-fio-automovel\/fio-automovel\/\" class=\"btn ghost-white arrow-btn\">Descobrir as Possibilidades<\/a>\n            <\/div>\n        <\/div>\n    <\/div>\n\n    <div class=\"card sector slide \">\n        <div class=\"card-inner-wrapper\">\n                            <div class=\"featured-img\">\n                    <div class=\"featured-img-inner\">\n                        <img loading=\"lazy\" decoding=\"async\" width=\"640\" height=\"640\" src=\"https:\/\/staging.cabopol.com\/files\/uploads\/2026\/02\/Power-Flexible-768x768.webp\" class=\"coverimg\" alt=\"White Cables\" sizes=\"auto, (min-width: 993px) 33vw, (min-width: 601px) 50vw, 100vw\" srcset=\"https:\/\/staging.cabopol.com\/files\/uploads\/2026\/02\/Power-Flexible-768x768.webp 768w, https:\/\/staging.cabopol.com\/files\/uploads\/2026\/02\/Power-Flexible-300x300.webp 300w, https:\/\/staging.cabopol.com\/files\/uploads\/2026\/02\/Power-Flexible-1024x1024.webp 1024w, https:\/\/staging.cabopol.com\/files\/uploads\/2026\/02\/Power-Flexible-150x150.webp 150w, https:\/\/staging.cabopol.com\/files\/uploads\/2026\/02\/Power-Flexible.webp 1301w\" \/>                    <\/div>\n                <\/div>\n                        <div class=\"content-wrapper\">\n                <h3 class=\"post-title\">Energia<\/h3>\n                                <a href=\"https:\/\/staging.cabopol.com\/pt-pt\/aplicacoes\/cabos-e-fio-automovel\/energia\/\" class=\"btn ghost-white arrow-btn\">Descobrir as Possibilidades<\/a>\n            <\/div>\n        <\/div>\n    <\/div>\n\n    <div class=\"card sector slide \">\n        <div class=\"card-inner-wrapper\">\n                            <div class=\"featured-img\">\n                    <div class=\"featured-img-inner\">\n                        <img loading=\"lazy\" decoding=\"async\" width=\"640\" height=\"640\" src=\"https:\/\/staging.cabopol.com\/files\/uploads\/2026\/02\/Industry-Building-768x768.webp\" class=\"coverimg\" alt=\"Factory materials\" sizes=\"auto, (min-width: 993px) 33vw, (min-width: 601px) 50vw, 100vw\" srcset=\"https:\/\/staging.cabopol.com\/files\/uploads\/2026\/02\/Industry-Building-768x768.webp 768w, https:\/\/staging.cabopol.com\/files\/uploads\/2026\/02\/Industry-Building-300x300.webp 300w, https:\/\/staging.cabopol.com\/files\/uploads\/2026\/02\/Industry-Building-1024x1024.webp 1024w, https:\/\/staging.cabopol.com\/files\/uploads\/2026\/02\/Industry-Building-150x150.webp 150w, https:\/\/staging.cabopol.com\/files\/uploads\/2026\/02\/Industry-Building.webp 1301w\" \/>                    <\/div>\n                <\/div>\n                        <div class=\"content-wrapper\">\n                <h3 class=\"post-title\">Ind\u00fastria<\/h3>\n                                <a href=\"https:\/\/staging.cabopol.com\/pt-pt\/aplicacoes\/injecao-e-extrusao\/industria\/\" class=\"btn ghost-white arrow-btn\">Descobrir as Possibilidades<\/a>\n            <\/div>\n        <\/div>\n    <\/div>\n            <\/div>\n        <\/div>\n                    <div class=\"container large\">\n                <a href=\"https:\/\/staging.cabopol.com\/pt-pt\/aplicacoes\/\" class=\"taxonomy-page-link arrow-link\"><span>Consulte as Nossas Aplica\u00e7\u00f5es<\/span><\/a>\n            <\/div>\n            <\/div>\n","protected":false},"excerpt":{"rendered":"","protected":false},"author":1,"featured_media":3624,"parent":2614,"menu_order":10,"comment_status":"closed","ping_status":"closed","template":"templates\/application.php","meta":{"_acf_changed":false,"inline_featured_image":false,"footnotes":""},"class_list":["post-2635","page","type-page","status-publish","has-post-thumbnail","hentry"],"acf":[],"_links":{"self":[{"href":"https:\/\/staging.cabopol.com\/pt-pt\/wp-json\/wp\/v2\/pages\/2635","targetHints":{"allow":["GET"]}}],"collection":[{"href":"https:\/\/staging.cabopol.com\/pt-pt\/wp-json\/wp\/v2\/pages"}],"about":[{"href":"https:\/\/staging.cabopol.com\/pt-pt\/wp-json\/wp\/v2\/types\/page"}],"author":[{"embeddable":true,"href":"https:\/\/staging.cabopol.com\/pt-pt\/wp-json\/wp\/v2\/users\/1"}],"replies":[{"embeddable":true,"href":"https:\/\/staging.cabopol.com\/pt-pt\/wp-json\/wp\/v2\/comments?post=2635"}],"version-history":[{"count":5,"href":"https:\/\/staging.cabopol.com\/pt-pt\/wp-json\/wp\/v2\/pages\/2635\/revisions"}],"predecessor-version":[{"id":4449,"href":"https:\/\/staging.cabopol.com\/pt-pt\/wp-json\/wp\/v2\/pages\/2635\/revisions\/4449"}],"up":[{"embeddable":true,"href":"https:\/\/staging.cabopol.com\/pt-pt\/wp-json\/wp\/v2\/pages\/2614"}],"wp:featuredmedia":[{"embeddable":true,"href":"https:\/\/staging.cabopol.com\/pt-pt\/wp-json\/wp\/v2\/media\/3624"}],"wp:attachment":[{"href":"https:\/\/staging.cabopol.com\/pt-pt\/wp-json\/wp\/v2\/media?parent=2635"}],"curies":[{"name":"wp","href":"https:\/\/api.w.org\/{rel}","templated":true}]}}