{"id":2647,"date":"2025-07-02T14:05:43","date_gmt":"2025-07-02T14:05:43","guid":{"rendered":"https:\/\/staging.cabopol.com\/aplicacoes\/cabos-e-fio-automovel\/automotive-wire\/"},"modified":"2026-02-05T15:53:47","modified_gmt":"2026-02-05T15:53:47","slug":"fio-automovel","status":"publish","type":"page","link":"https:\/\/staging.cabopol.com\/pt-pt\/aplicacoes\/cabos-e-fio-automovel\/fio-automovel\/","title":{"rendered":"Autom\u00f3vel"},"content":{"rendered":"\n<div class=\"wp-block-kobu-custom-blocks-inner-content-img alignwide media-content-group child-item align-right valign-start img-first\"><div class=\"media-col\"><figure><img decoding=\"async\" class=\"wp-image-1742\" src=\"https:\/\/staging.cabopol.com\/files\/uploads\/2025\/11\/Wire-and-cable-Automotive.webp\" alt=\"\" title=\"Wire and cable Automotive\" sizes=\"(min-width: 1201px) 35vw, (min-width: 601px) 50vw, 100vw\"\/><\/figure><\/div><div class=\"content-col\"><div class=\"content-col-wrapper\">\n<h2 class=\"wp-block-heading\">Geral<br>TPE | TPU | PP | XLPO | PVC<\/h2>\n\n\n\n<p>A Cabopol oferece compostos termopl\u00e1sticos e reticul\u00e1veis de alto desempenho para cabos e fio autom\u00f3vel. As nossas s\u00e9ries Lacoflex\u00ae TPE\/TPU, Sofiplus\u00ae PP\/XLPO e Polyprime\u00ae PVC abrangem aplica\u00e7\u00f5es desde T2 at\u00e9 T4, incluindo carregamento de ve\u00edculos el\u00e9tricos.<\/p>\n\n\n\n<p>A Lacoflex\u00ae garante flexibilidade a baixas temperaturas (-40\u00baC), resist\u00eancia \u00e0 abras\u00e3o e op\u00e7\u00f5es de retardamento de chama sem halog\u00e9neos. As vers\u00f5es TPU oferecem excelente resist\u00eancia mec\u00e2nica e UV at\u00e9 125\u00baC.<\/p>\n\n\n\n<p>Os compostos reticul\u00e1veis Sofiplus\u00ae cumprem as normas ISO 6722 e LV 112, suportando resist\u00eancia a altas temperaturas (&gt;125\u00baC), desempenho \u00e0 abras\u00e3o e envelhecimento t\u00e9rmico a longo prazo.<\/p>\n\n\n\n<p>As solu\u00e7\u00f5es Polyprime\u00ae PVC oferecem desempenho otimizado para T2, T3, JASO e CIVUS, combinando flexibilidade, resist\u00eancia a \u00f3leos e estabilidade t\u00e9rmica.<\/p>\n<\/div><\/div><\/div>\n\n\n\n<div class=\"wp-block-kobu-custom-blocks-responsive-spacer responsive-spacer size-large\"><\/div>\n\n\n\n<div class=\"wp-block-kobu-custom-blocks-inner-content-img alignwide media-content-group child-item align-left valign-start img-first\"><div class=\"media-col\"><figure><img decoding=\"async\" class=\"wp-image-1367\" src=\"https:\/\/staging.cabopol.com\/files\/uploads\/2025\/11\/Polyprime.webp\" alt=\"\" title=\"Polyprime\" sizes=\"(min-width: 1201px) 35vw, (min-width: 601px) 50vw, 100vw\"\/><\/figure><\/div><div class=\"content-col\"><div class=\"content-col-wrapper\">\n<h2 class=\"wp-block-heading\">COMunica\u00e7\u00f5es<br>TPE | TPU | PP | PE | XLPE<\/h2>\n\n\n\n<p>A Cabopol fornece compostos especializados para cabos de dados, coaxiais, Ethernet e CAN utilizados em sistemas de comunica\u00e7\u00e3o autom\u00f3vel modernos. As nossas solu\u00e7\u00f5es Lacoflex\u00ae TPE\/TPU e Sofiplus\u00ae PP\/PE\/XLPE combinam retardamento de chama sem halog\u00e9neos, resist\u00eancia a \u00f3leos e flexibilidade de -40\u00b0C a +125\u00b0C.<\/p>\n\n\n\n<p>Estes materiais s\u00e3o concebidos para alto desempenho el\u00e9trico, oferecendo imped\u00e2ncia est\u00e1vel, baixas constantes diel\u00e9tricas e forte compatibilidade de blindagem. Adequados para diel\u00e9tricos s\u00f3lidos e em espuma, suportam dimensionamento consistente do cabo e integridade do sinal.<\/p>\n\n\n\n<p>Os compostos Cabopol tamb\u00e9m proporcionam resist\u00eancia \u00e0 abras\u00e3o, reciclabilidade e baixas emiss\u00f5es de fumo, cumprindo as exig\u00eancias de ambientes autom\u00f3veis severos. Est\u00e3o dispon\u00edveis grades standard ou personalizadas para atender \u00e0s necessidades espec\u00edficas da sua aplica\u00e7\u00e3o.<\/p>\n<\/div><\/div><\/div>\n\n\n\n<div class=\"wp-block-kobu-custom-blocks-responsive-spacer responsive-spacer size-large\"><\/div>\n\n\n    <div class=\"solutions-slider-block alignfull container-wrapper\">\n        <div class=\"container large\">\n                            <h2>Aplica\u00e7\u00f5es<\/h2>\n                    <\/div>\n        <div class=\"container full\">\n            <div class=\"solutions-slider\" data-width=\"large\" data-gap=\"large\">\n                \n<div class=\"article solution-card \">\n    <div class=\"solution-inner-wrapper\">\n        <div class=\"img-wrapper\">\n                            <div class=\"fixed-ratio-img\">\n                    <img loading=\"lazy\" decoding=\"async\" width=\"640\" height=\"434\" src=\"https:\/\/staging.cabopol.com\/files\/uploads\/2026\/02\/Polyprime-1.webp\" class=\"coverimg\" alt=\"Factory operations\" sizes=\"auto, (min-width: 993px) 33vw, (min-width: 601px) 50vw, 100vw\" srcset=\"https:\/\/staging.cabopol.com\/files\/uploads\/2026\/02\/Polyprime-1.webp 701w, https:\/\/staging.cabopol.com\/files\/uploads\/2026\/02\/Polyprime-1-300x203.webp 300w\" \/>                <\/div>\n                    <\/div>\n        <div class=\"content-wrapper\">\n                        <h3 class=\"post-title\">Polyprime T2\/T3<\/h3>\n            <div class=\"tags-wrapper\"><a class=\"tag\" href=\"https:\/\/staging.cabopol.com\/pt-pt\/aplicacoes\/cabos-e-fio-automovel\/\">Cabos e fio Autom\u00f3vel<\/a><span class=\"tag\">PVC<\/span><a class=\"tag\" href=\"https:\/\/staging.cabopol.com\/pt-pt\/aplicacoes\/cabos-e-fio-automovel\/fio-automovel\/\">Cabo Autom\u00f3vel<\/a><a class=\"tag\" href=\"https:\/\/staging.cabopol.com\/pt-pt\/os-nossos-produtos\/polyprime\/\">Polyprime<\/a><\/div>                            <div class=\"description\">T2 | T3 | JASO | CIVUS | Dados | Coaxial<\/div>\n                        <div class=\"btn ghost-gray small submit-interest-solution\">Submeter interesse<\/div>\n        <\/div>\n    <\/div>\n<\/div>\n<div class=\"article solution-card \">\n    <div class=\"solution-inner-wrapper\">\n        <div class=\"img-wrapper\">\n                            <div class=\"fixed-ratio-img\">\n                    <img loading=\"lazy\" decoding=\"async\" width=\"640\" height=\"433\" src=\"https:\/\/staging.cabopol.com\/files\/uploads\/2026\/02\/Sofiplus-DATA.webp\" class=\"coverimg\" alt=\"Car seen from above\" sizes=\"auto, (min-width: 993px) 33vw, (min-width: 601px) 50vw, 100vw\" srcset=\"https:\/\/staging.cabopol.com\/files\/uploads\/2026\/02\/Sofiplus-DATA.webp 701w, https:\/\/staging.cabopol.com\/files\/uploads\/2026\/02\/Sofiplus-DATA-300x203.webp 300w\" \/>                <\/div>\n                    <\/div>\n        <div class=\"content-wrapper\">\n                        <h3 class=\"post-title\">Sofiplus DATA<\/h3>\n            <div class=\"tags-wrapper\"><a class=\"tag\" href=\"https:\/\/staging.cabopol.com\/pt-pt\/aplicacoes\/cabos-e-fio-automovel\/\">Cabos e fio Autom\u00f3vel<\/a><span class=\"tag\">PE<\/span><span class=\"tag\">PP<\/span><span class=\"tag\">XLPE<\/span><a class=\"tag\" href=\"https:\/\/staging.cabopol.com\/pt-pt\/aplicacoes\/cabos-e-fio-automovel\/fio-automovel\/\">Cabo Autom\u00f3vel<\/a><span class=\"tag\">Sofiplus<\/span><\/div>                            <div class=\"description\">Coaxial | Ethernet | Dados<\/div>\n                        <div class=\"btn ghost-gray small submit-interest-solution\">Submeter interesse<\/div>\n        <\/div>\n    <\/div>\n<\/div>\n<div class=\"article solution-card \">\n    <div class=\"solution-inner-wrapper\">\n        <div class=\"img-wrapper\">\n                            <div class=\"fixed-ratio-img\">\n                    <img loading=\"lazy\" decoding=\"async\" width=\"640\" height=\"434\" src=\"https:\/\/staging.cabopol.com\/files\/uploads\/2026\/02\/Lacoflex-TEC.webp\" class=\"coverimg\" alt=\"Wires and Cables\" sizes=\"auto, (min-width: 993px) 33vw, (min-width: 601px) 50vw, 100vw\" srcset=\"https:\/\/staging.cabopol.com\/files\/uploads\/2026\/02\/Lacoflex-TEC.webp 701w, https:\/\/staging.cabopol.com\/files\/uploads\/2026\/02\/Lacoflex-TEC-300x203.webp 300w\" \/>                <\/div>\n                    <\/div>\n        <div class=\"content-wrapper\">\n                        <h3 class=\"post-title\">Lacoflex TEC<\/h3>\n            <div class=\"tags-wrapper\"><a class=\"tag\" href=\"https:\/\/staging.cabopol.com\/pt-pt\/aplicacoes\/cabos-e-fio-automovel\/\">Cabos e fio Autom\u00f3vel<\/a><span class=\"tag\">TPE-S<\/span><span class=\"tag\">TPU<\/span><a class=\"tag\" href=\"https:\/\/staging.cabopol.com\/pt-pt\/aplicacoes\/cabos-e-fio-automovel\/fio-automovel\/\">Cabo Autom\u00f3vel<\/a><span class=\"tag\">Lacoflex<\/span><\/div>                            <div class=\"description\">T3 | T4 | Coaxial | Ethernet | Dados | Carregamento EV<\/div>\n                        <div class=\"btn ghost-gray small submit-interest-solution\">Submeter interesse<\/div>\n        <\/div>\n    <\/div>\n<\/div>\n<div class=\"article solution-card \">\n    <div class=\"solution-inner-wrapper\">\n        <div class=\"img-wrapper\">\n                            <div class=\"fixed-ratio-img\">\n                    <img loading=\"lazy\" decoding=\"async\" width=\"640\" height=\"434\" src=\"https:\/\/staging.cabopol.com\/files\/uploads\/2026\/02\/Sofiplus-AT.webp\" class=\"coverimg\" alt=\"A close shot of multiple wires\" sizes=\"auto, (min-width: 993px) 33vw, (min-width: 601px) 50vw, 100vw\" srcset=\"https:\/\/staging.cabopol.com\/files\/uploads\/2026\/02\/Sofiplus-AT.webp 701w, https:\/\/staging.cabopol.com\/files\/uploads\/2026\/02\/Sofiplus-AT-300x203.webp 300w\" \/>                <\/div>\n                    <\/div>\n        <div class=\"content-wrapper\">\n                        <h3 class=\"post-title\">Sofiplus AT<\/h3>\n            <div class=\"tags-wrapper\"><a class=\"tag\" href=\"https:\/\/staging.cabopol.com\/pt-pt\/aplicacoes\/cabos-e-fio-automovel\/\">Cabos e fio Autom\u00f3vel<\/a><span class=\"tag\">PP<\/span><span class=\"tag\">XLPO<\/span><a class=\"tag\" href=\"https:\/\/staging.cabopol.com\/pt-pt\/aplicacoes\/cabos-e-fio-automovel\/fio-automovel\/\">Cabo Autom\u00f3vel<\/a><span class=\"tag\">Sofiplus<\/span><\/div>                            <div class=\"description\">T3 | T4 | Carregamento EV<\/div>\n                        <div class=\"btn ghost-gray small submit-interest-solution\">Submeter interesse<\/div>\n        <\/div>\n    <\/div>\n<\/div>            <\/div>\n        <\/div>\n                    <div class=\"container large\">\n                <a href=\"https:\/\/staging.cabopol.com\/pt-pt\/aplicacoes\/\" class=\"solutions-page-link arrow-link\"><span>Consultar as nossas Aplica\u00e7\u00f5es<\/span><\/a>\n            <\/div>\n            <\/div>\n\n\n\n<div class=\"wp-block-kobu-custom-blocks-responsive-spacer responsive-spacer size-large\"><\/div>\n\n\n    <div class=\"taxonomy-slider-block alignfull container-wrapper\">\n        <div class=\"container large\">\n                            <h2>Outras Aplica\u00e7\u00f5es<\/h2>\n                    <\/div>\n        <div class=\"container full\">\n            <div class=\"taxonomy-slider\" data-width=\"large\">\n                \n    <div class=\"card sector slide \">\n        <div class=\"card-inner-wrapper\">\n                            <div class=\"featured-img\">\n                    <div class=\"featured-img-inner\">\n                        <img loading=\"lazy\" decoding=\"async\" width=\"640\" height=\"640\" src=\"https:\/\/staging.cabopol.com\/files\/uploads\/2026\/02\/Consumer-goods-Whitegoods-768x768.webp\" class=\"coverimg\" alt=\"Kitchenware\" sizes=\"auto, (min-width: 993px) 33vw, (min-width: 601px) 50vw, 100vw\" srcset=\"https:\/\/staging.cabopol.com\/files\/uploads\/2026\/02\/Consumer-goods-Whitegoods-768x768.webp 768w, https:\/\/staging.cabopol.com\/files\/uploads\/2026\/02\/Consumer-goods-Whitegoods-300x300.webp 300w, https:\/\/staging.cabopol.com\/files\/uploads\/2026\/02\/Consumer-goods-Whitegoods-1024x1024.webp 1024w, https:\/\/staging.cabopol.com\/files\/uploads\/2026\/02\/Consumer-goods-Whitegoods-150x150.webp 150w, https:\/\/staging.cabopol.com\/files\/uploads\/2026\/02\/Consumer-goods-Whitegoods.webp 1301w\" \/>                    <\/div>\n                <\/div>\n                        <div class=\"content-wrapper\">\n                <h3 class=\"post-title\">Bens de Consumo &amp; Cuidados Pessoais<\/h3>\n                                <a href=\"https:\/\/staging.cabopol.com\/pt-pt\/aplicacoes\/injecao-e-extrusao\/bens-de-consumo-cuidados-pessoais\/\" class=\"btn ghost-white arrow-btn\">Descobrir as Possibilidades<\/a>\n            <\/div>\n        <\/div>\n    <\/div>\n\n    <div class=\"card sector slide \">\n        <div class=\"card-inner-wrapper\">\n                            <div class=\"featured-img\">\n                    <div class=\"featured-img-inner\">\n                        <img loading=\"lazy\" decoding=\"async\" width=\"640\" height=\"640\" src=\"https:\/\/staging.cabopol.com\/files\/uploads\/2026\/02\/Power-Flexible-768x768.webp\" class=\"coverimg\" alt=\"White Cables\" sizes=\"auto, (min-width: 993px) 33vw, (min-width: 601px) 50vw, 100vw\" srcset=\"https:\/\/staging.cabopol.com\/files\/uploads\/2026\/02\/Power-Flexible-768x768.webp 768w, https:\/\/staging.cabopol.com\/files\/uploads\/2026\/02\/Power-Flexible-300x300.webp 300w, https:\/\/staging.cabopol.com\/files\/uploads\/2026\/02\/Power-Flexible-1024x1024.webp 1024w, https:\/\/staging.cabopol.com\/files\/uploads\/2026\/02\/Power-Flexible-150x150.webp 150w, https:\/\/staging.cabopol.com\/files\/uploads\/2026\/02\/Power-Flexible.webp 1301w\" \/>                    <\/div>\n                <\/div>\n                        <div class=\"content-wrapper\">\n                <h3 class=\"post-title\">Energia<\/h3>\n                                <a href=\"https:\/\/staging.cabopol.com\/pt-pt\/aplicacoes\/cabos-e-fio-automovel\/energia\/\" class=\"btn ghost-white arrow-btn\">Descobrir as Possibilidades<\/a>\n            <\/div>\n        <\/div>\n    <\/div>\n\n    <div class=\"card sector slide \">\n        <div class=\"card-inner-wrapper\">\n                            <div class=\"featured-img\">\n                    <div class=\"featured-img-inner\">\n                        <img loading=\"lazy\" decoding=\"async\" width=\"640\" height=\"640\" src=\"https:\/\/staging.cabopol.com\/files\/uploads\/2026\/02\/Industry-Building-768x768.webp\" class=\"coverimg\" alt=\"Factory materials\" sizes=\"auto, (min-width: 993px) 33vw, (min-width: 601px) 50vw, 100vw\" srcset=\"https:\/\/staging.cabopol.com\/files\/uploads\/2026\/02\/Industry-Building-768x768.webp 768w, https:\/\/staging.cabopol.com\/files\/uploads\/2026\/02\/Industry-Building-300x300.webp 300w, https:\/\/staging.cabopol.com\/files\/uploads\/2026\/02\/Industry-Building-1024x1024.webp 1024w, https:\/\/staging.cabopol.com\/files\/uploads\/2026\/02\/Industry-Building-150x150.webp 150w, https:\/\/staging.cabopol.com\/files\/uploads\/2026\/02\/Industry-Building.webp 1301w\" \/>                    <\/div>\n                <\/div>\n                        <div class=\"content-wrapper\">\n                <h3 class=\"post-title\">Ind\u00fastria<\/h3>\n                                <a href=\"https:\/\/staging.cabopol.com\/pt-pt\/aplicacoes\/injecao-e-extrusao\/industria\/\" class=\"btn ghost-white arrow-btn\">Descobrir as Possibilidades<\/a>\n            <\/div>\n        <\/div>\n    <\/div>\n\n    <div class=\"card sector slide \">\n        <div class=\"card-inner-wrapper\">\n                            <div class=\"featured-img\">\n                    <div class=\"featured-img-inner\">\n                        <img loading=\"lazy\" decoding=\"async\" width=\"640\" height=\"500\" src=\"https:\/\/staging.cabopol.com\/files\/uploads\/2026\/02\/Polyprime-Telecom-Wire-768x600.webp\" class=\"coverimg\" alt=\"Telecom Data Wire\" sizes=\"auto, (min-width: 993px) 33vw, (min-width: 601px) 50vw, 100vw\" srcset=\"https:\/\/staging.cabopol.com\/files\/uploads\/2026\/02\/Polyprime-Telecom-Wire-768x600.webp 768w, https:\/\/staging.cabopol.com\/files\/uploads\/2026\/02\/Polyprime-Telecom-Wire-300x234.webp 300w, https:\/\/staging.cabopol.com\/files\/uploads\/2026\/02\/Polyprime-Telecom-Wire-1024x800.webp 1024w, https:\/\/staging.cabopol.com\/files\/uploads\/2026\/02\/Polyprime-Telecom-Wire.webp 1201w\" \/>                    <\/div>\n                <\/div>\n                        <div class=\"content-wrapper\">\n                <h3 class=\"post-title\">Telecom<\/h3>\n                                <a href=\"https:\/\/staging.cabopol.com\/pt-pt\/aplicacoes\/cabos-e-fio-automovel\/telecom\/\" class=\"btn ghost-white arrow-btn\">Descobrir as Possibilidades<\/a>\n            <\/div>\n        <\/div>\n    <\/div>\n            <\/div>\n        <\/div>\n                    <div class=\"container large\">\n                <a href=\"https:\/\/staging.cabopol.com\/pt-pt\/aplicacoes\/\" class=\"taxonomy-page-link arrow-link\"><span>Consulte as Nossas Aplica\u00e7\u00f5es<\/span><\/a>\n            <\/div>\n            <\/div>\n","protected":false},"excerpt":{"rendered":"","protected":false},"author":1,"featured_media":4048,"parent":2614,"menu_order":7,"comment_status":"closed","ping_status":"closed","template":"templates\/application.php","meta":{"_acf_changed":false,"inline_featured_image":false,"footnotes":""},"class_list":["post-2647","page","type-page","status-publish","has-post-thumbnail","hentry"],"acf":[],"_links":{"self":[{"href":"https:\/\/staging.cabopol.com\/pt-pt\/wp-json\/wp\/v2\/pages\/2647","targetHints":{"allow":["GET"]}}],"collection":[{"href":"https:\/\/staging.cabopol.com\/pt-pt\/wp-json\/wp\/v2\/pages"}],"about":[{"href":"https:\/\/staging.cabopol.com\/pt-pt\/wp-json\/wp\/v2\/types\/page"}],"author":[{"embeddable":true,"href":"https:\/\/staging.cabopol.com\/pt-pt\/wp-json\/wp\/v2\/users\/1"}],"replies":[{"embeddable":true,"href":"https:\/\/staging.cabopol.com\/pt-pt\/wp-json\/wp\/v2\/comments?post=2647"}],"version-history":[{"count":5,"href":"https:\/\/staging.cabopol.com\/pt-pt\/wp-json\/wp\/v2\/pages\/2647\/revisions"}],"predecessor-version":[{"id":4420,"href":"https:\/\/staging.cabopol.com\/pt-pt\/wp-json\/wp\/v2\/pages\/2647\/revisions\/4420"}],"up":[{"embeddable":true,"href":"https:\/\/staging.cabopol.com\/pt-pt\/wp-json\/wp\/v2\/pages\/2614"}],"wp:featuredmedia":[{"embeddable":true,"href":"https:\/\/staging.cabopol.com\/pt-pt\/wp-json\/wp\/v2\/media\/4048"}],"wp:attachment":[{"href":"https:\/\/staging.cabopol.com\/pt-pt\/wp-json\/wp\/v2\/media?parent=2647"}],"curies":[{"name":"wp","href":"https:\/\/api.w.org\/{rel}","templated":true}]}}