{"id":2732,"date":"2025-11-21T11:39:07","date_gmt":"2025-11-21T11:39:07","guid":{"rendered":"https:\/\/staging.cabopol.com\/projetos\/bioprime\/"},"modified":"2026-03-04T16:50:31","modified_gmt":"2026-03-04T16:50:31","slug":"bioprime","status":"publish","type":"page","link":"https:\/\/staging.cabopol.com\/pt-pt\/projetos\/bioprime\/","title":{"rendered":"Bioprime"},"content":{"rendered":"\n<p>A nova aposta de l&amp;D da Cabopol centra-se no desenvolvimento e concep\u00e7\u00e3o de um inovador composto polim\u00e9rico biodegrad\u00e1vel e apto para compostagem dom\u00e9stica, com resist\u00eancia a elevadas temperaturas e com excelentes propriedades barreira (nomeadamente, ao oxig\u00e9nio e vapor de \u00e1gua). De modo a promover a sua sustentabilidade, pretende-se que este\u00b7 inovador produto seja de origem renov\u00e1vel (\u00e0 base de \u00e1cido poli-l\u00e1ctico- &#8216;&#8221;PLA&#8221;). Esta ser\u00e1 uma solu\u00e7\u00e3o totalmente inovadora no mercado mundial, pretendendo-se o desenvolvimento de uma solu\u00e7\u00e3o vers\u00e1til e escal\u00e1vel ao permitir a sua aplica\u00e7\u00e3o na fabrica\u00e7\u00e3o de embalagens r\u00edgidas e flex\u00edveis, em diferentes sectores.<br><br>O desenvolvimento deste Projecto ter\u00e1, ainda, um impacto bastante positivo a n\u00edvel ambiental, uma vez que permitir\u00e1 o desenvolvimento de uma solu\u00e7\u00e3o sustent\u00e1vel, importante em todos os sectores, mas sobretudo no mercado dos produtos quentes hot filled que se caracteriza por um elevado desperd\u00edcio de pl\u00e1sticos que demoram muitos anos a serem eliminados da natureza.<br><br>Com o desenvolvimento deste produto, a Cabopol oferecer\u00e1 ao mercado uma solu\u00e7\u00e3o mas sustent\u00e1vel do que as j\u00e1 existentes (fonte renov\u00e1vel e compostagem dom\u00e9stica) e simultaneamente, com propriedades t\u00e9cnicas bastante superiores \u00e0s dos compostos alternativos existentes, nomeadamente ao n\u00edvel da resist\u00eancia mec\u00e2nica, resist\u00eanca t\u00e9rmica, processabilidade, flexibilidade e propriedades barreira. Atingiram-se resultados bastante promissores em termos de biodegradabilidade, abrindo horizontes paira a aplicabilidade desta tecnologia na \u00e1rea da embalagem.<\/p>\n\n\n\n<div class=\"wp-block-kobu-custom-blocks-responsive-spacer responsive-spacer size-large\"><\/div>\n\n\n<noscript class=\"loading-lazy\"><\/noscript>\n\n\n\n\n<h2 class=\"wp-block-heading\">Designa\u00e7\u00e3o do Projecto<\/h2>\n\n\n\n<p>Investiga\u00e7\u00e3o e Desenvolvimento Tecnol\u00f3gico &#8211; Projectos de I&amp;D &#8211; Individuais &#8211; Bioprime<\/p>\n\n\n\n<div class=\"wp-block-kobu-custom-blocks-responsive-spacer responsive-spacer size-small\"><\/div>\n\n\n\n<h3 class=\"wp-block-heading\">C\u00f3digo do projecto<\/h3>\n\n\n\n<p>POCI-01-0247-FEDER-038333<\/p>\n\n\n\n<div class=\"wp-block-kobu-custom-blocks-responsive-spacer responsive-spacer size-small\"><\/div>\n\n\n\n<h3 class=\"wp-block-heading\">Objectivo principal<\/h3>\n\n\n\n<p>Refor\u00e7ar a investiga\u00e7\u00e3o, o desenvolvimento tecnol\u00f3gico e a inova\u00e7\u00e3o<\/p>\n\n\n\n<div class=\"wp-block-kobu-custom-blocks-responsive-spacer responsive-spacer size-small\"><\/div>\n\n\n\n<h3 class=\"wp-block-heading\">Data de Aprova\u00e7\u00e3o<\/h3>\n\n\n\n<p>08-01-2019<\/p>\n\n\n\n<div class=\"wp-block-kobu-custom-blocks-responsive-spacer responsive-spacer size-small\"><\/div>\n\n\n\n<h3 class=\"wp-block-heading\">Data de In\u00edcio<\/h3>\n\n\n\n<p>12-02-2019<\/p>\n\n\n\n<div class=\"wp-block-kobu-custom-blocks-responsive-spacer responsive-spacer size-small\"><\/div>\n\n\n\n<h3 class=\"wp-block-heading\">Data de Conclus\u00e3o do investimento<\/h3>\n\n\n\n<p>12-10-2021<\/p>\n\n\n\n<div class=\"wp-block-kobu-custom-blocks-responsive-spacer responsive-spacer size-small\"><\/div>\n\n\n\n<h3 class=\"wp-block-heading\">Custo Total Eleg\u00edvel<\/h3>\n\n\n\n<p>2.285.094,70\u20ac<\/p>\n\n\n\n<div class=\"wp-block-kobu-custom-blocks-responsive-spacer responsive-spacer size-small\"><\/div>\n\n\n\n<h3 class=\"wp-block-heading\">Fundo Total<\/h3>\n\n\n\n<p>1.389.758,24\u20ac<\/p>\n\n\n\n<div class=\"wp-block-kobu-custom-blocks-responsive-spacer responsive-spacer size-small\"><\/div>\n\n\n\n<h3 class=\"wp-block-heading\">Investimento realizado<\/h3>\n\n\n\n<p>2.786.339,04\u20ac<\/p>\n\n\n\n<div class=\"wp-block-kobu-custom-blocks-responsive-spacer responsive-spacer size-small\"><\/div>\n\n\n\n<div class=\"wp-block-buttons is-layout-flex wp-block-buttons-is-layout-flex\">\n<div class=\"wp-block-button is-style-arrow-btn-underline\"><a class=\"wp-block-button__link wp-element-button\" href=\"https:\/\/staging.cabopol.com\/pt-pt\/projetos\/\">MAIS PROJETOS<\/a><\/div>\n<\/div>\n\n\n\n<p><\/p>\n","protected":false},"excerpt":{"rendered":"<p>A nova aposta de l&amp;D da Cabopol centra-se no desenvolvimento e concep\u00e7\u00e3o de um inovador composto polim\u00e9rico biodegrad\u00e1vel e apto para compostagem dom\u00e9stica, com resist\u00eancia [&hellip;]<\/p>\n","protected":false},"author":2,"featured_media":3660,"parent":2716,"menu_order":21,"comment_status":"closed","ping_status":"closed","template":"templates\/compete-2020-project.php","meta":{"_acf_changed":false,"inline_featured_image":false,"footnotes":""},"class_list":["post-2732","page","type-page","status-publish","has-post-thumbnail","hentry"],"acf":[],"_links":{"self":[{"href":"https:\/\/staging.cabopol.com\/pt-pt\/wp-json\/wp\/v2\/pages\/2732","targetHints":{"allow":["GET"]}}],"collection":[{"href":"https:\/\/staging.cabopol.com\/pt-pt\/wp-json\/wp\/v2\/pages"}],"about":[{"href":"https:\/\/staging.cabopol.com\/pt-pt\/wp-json\/wp\/v2\/types\/page"}],"author":[{"embeddable":true,"href":"https:\/\/staging.cabopol.com\/pt-pt\/wp-json\/wp\/v2\/users\/2"}],"replies":[{"embeddable":true,"href":"https:\/\/staging.cabopol.com\/pt-pt\/wp-json\/wp\/v2\/comments?post=2732"}],"version-history":[{"count":8,"href":"https:\/\/staging.cabopol.com\/pt-pt\/wp-json\/wp\/v2\/pages\/2732\/revisions"}],"predecessor-version":[{"id":5324,"href":"https:\/\/staging.cabopol.com\/pt-pt\/wp-json\/wp\/v2\/pages\/2732\/revisions\/5324"}],"up":[{"embeddable":true,"href":"https:\/\/staging.cabopol.com\/pt-pt\/wp-json\/wp\/v2\/pages\/2716"}],"wp:featuredmedia":[{"embeddable":true,"href":"https:\/\/staging.cabopol.com\/pt-pt\/wp-json\/wp\/v2\/media\/3660"}],"wp:attachment":[{"href":"https:\/\/staging.cabopol.com\/pt-pt\/wp-json\/wp\/v2\/media?parent=2732"}],"curies":[{"name":"wp","href":"https:\/\/api.w.org\/{rel}","templated":true}]}}