{"id":2809,"date":"2025-11-21T10:50:10","date_gmt":"2025-11-21T10:50:10","guid":{"rendered":"https:\/\/staging.cabopol.com\/projetos\/packaging-of-the-future\/"},"modified":"2026-03-04T16:51:05","modified_gmt":"2026-03-04T16:51:05","slug":"embalagem-do-futuro","status":"publish","type":"page","link":"https:\/\/staging.cabopol.com\/pt-pt\/projetos\/embalagem-do-futuro\/","title":{"rendered":"Embalagem do Futuro | + Ecol\u00f3gica + Digital + Inclusiva\u00ae"},"content":{"rendered":"\n<p>A Agenda Verde para a Inova\u00e7\u00e3o Empresarial \u201cEmbalagem do Futuro\u00ae\u201c visa investigar, desenvolver, produzir e comercializar \u00e0 escala global solu\u00e7\u00f5es de embalagens mais ecol\u00f3gicas, digitais e inclusivas contribuindo para a especializa\u00e7\u00e3o do perfil produtivo das empresas que atuam no setor das embalagens.<\/p>\n\n\n\n<div class=\"wp-block-kobu-custom-blocks-responsive-spacer responsive-spacer size-large\"><\/div>\n\n\n<noscript class=\"loading-lazy\"><\/noscript>\n\n\n\n\n<h2 class=\"wp-block-heading\">Objetivos<\/h2>\n\n\n\n<p>Promover a altera\u00e7\u00e3o do perfil de especializa\u00e7\u00e3o do sector das embalagens nacional incentivando atividades de maior valor acrescentado e intensivas em conhecimento; apresentar ao mercado produtos, processos e servi\u00e7os inovadores que contribuam para um sector das embalagens mais ecol\u00f3gico, digital e inclusivo.<\/p>\n\n\n\n<div class=\"wp-block-kobu-custom-blocks-responsive-spacer responsive-spacer size-small\"><\/div>\n\n\n\n<h3 class=\"wp-block-heading\">L\u00edder do Cons\u00f3rcio<\/h3>\n\n\n\n<p>VANGEST &#8211; Engenharia Financeira e Gest\u00e3o, S.A.<\/p>\n\n\n\n<div class=\"wp-block-kobu-custom-blocks-responsive-spacer responsive-spacer size-small\"><\/div>\n\n\n\n<h3 class=\"wp-block-heading\">Entidade benefici\u00e1ria<\/h3>\n\n\n\n<p>Cabopol &#8211; Polymer Compounds, S.A.<\/p>\n\n\n\n<div class=\"wp-block-kobu-custom-blocks-responsive-spacer responsive-spacer size-small\"><\/div>\n\n\n\n<h3 class=\"wp-block-heading\">Data de in\u00edcio<\/h3>\n\n\n\n<p>01-04-2022<\/p>\n\n\n\n<div class=\"wp-block-kobu-custom-blocks-responsive-spacer responsive-spacer size-small\"><\/div>\n\n\n\n<h3 class=\"wp-block-heading\">Data de Conclus\u00e3o<\/h3>\n\n\n\n<p>31-12-2025<\/p>\n\n\n\n<div class=\"wp-block-kobu-custom-blocks-responsive-spacer responsive-spacer size-small\"><\/div>\n\n\n\n<h3 class=\"wp-block-heading\">Investimento da Agenda<\/h3>\n\n\n\n<p>104 113 760,36\u20ac<\/p>\n\n\n\n<div class=\"wp-block-kobu-custom-blocks-responsive-spacer responsive-spacer size-small\"><\/div>\n\n\n\n<h3 class=\"wp-block-heading\">Investimento<\/h3>\n\n\n\n<p>1.022.250 \u20ac<\/p>\n\n\n\n<div class=\"wp-block-kobu-custom-blocks-responsive-spacer responsive-spacer size-small\"><\/div>\n\n\n\n<h3 class=\"wp-block-heading\">DESCARREGAR INFORMA\u00c7\u00c3O DO PROJETO<\/h3>\n\n\n\n<div class=\"wp-block-buttons is-layout-flex wp-block-buttons-is-layout-flex\">\n<div class=\"wp-block-button is-style-download-btn\"><a class=\"wp-block-button__link wp-element-button\" href=\"https:\/\/staging.cabopol.com\/files\/uploads\/2025\/11\/Ficha-de-Projeto-Embalagem-do-Futuro-Cabopol-V2.pdf\" target=\"_blank\" rel=\"noreferrer noopener\">Descarregar PDF<\/a><\/div>\n<\/div>\n\n\n\n<div class=\"wp-block-kobu-custom-blocks-responsive-spacer responsive-spacer size-small\"><\/div>\n\n\n\n<h3 class=\"wp-block-heading\">Saiba mais sobre o projeto<\/h3>\n\n\n\n<div class=\"wp-block-buttons is-layout-flex wp-block-buttons-is-layout-flex\">\n<div class=\"wp-block-button\"><a class=\"wp-block-button__link wp-element-button\" href=\"https:\/\/embalagemdofuturo.pt\/\" target=\"_blank\" rel=\"noreferrer noopener\">Visite o site do projeto<\/a><\/div>\n<\/div>\n\n\n\n<div class=\"wp-block-kobu-custom-blocks-responsive-spacer responsive-spacer size-small\"><\/div>\n\n\n\n<div class=\"wp-block-buttons is-layout-flex wp-block-buttons-is-layout-flex\">\n<div class=\"wp-block-button is-style-arrow-btn-underline\"><a class=\"wp-block-button__link wp-element-button\" href=\"https:\/\/staging.cabopol.com\/pt-pt\/projetos\/\">MAIS PROJETOS<\/a><\/div>\n<\/div>\n\n\n\n<p><\/p>\n","protected":false},"excerpt":{"rendered":"<p>A Agenda Verde para a Inova\u00e7\u00e3o Empresarial \u201cEmbalagem do Futuro\u00ae\u201c visa investigar, desenvolver, produzir e comercializar \u00e0 escala global solu\u00e7\u00f5es de embalagens mais ecol\u00f3gicas, digitais [&hellip;]<\/p>\n","protected":false},"author":2,"featured_media":3664,"parent":2716,"menu_order":25,"comment_status":"closed","ping_status":"closed","template":"templates\/compete-2020-project.php","meta":{"_acf_changed":false,"inline_featured_image":false,"footnotes":""},"class_list":["post-2809","page","type-page","status-publish","has-post-thumbnail","hentry"],"acf":[],"_links":{"self":[{"href":"https:\/\/staging.cabopol.com\/pt-pt\/wp-json\/wp\/v2\/pages\/2809","targetHints":{"allow":["GET"]}}],"collection":[{"href":"https:\/\/staging.cabopol.com\/pt-pt\/wp-json\/wp\/v2\/pages"}],"about":[{"href":"https:\/\/staging.cabopol.com\/pt-pt\/wp-json\/wp\/v2\/types\/page"}],"author":[{"embeddable":true,"href":"https:\/\/staging.cabopol.com\/pt-pt\/wp-json\/wp\/v2\/users\/2"}],"replies":[{"embeddable":true,"href":"https:\/\/staging.cabopol.com\/pt-pt\/wp-json\/wp\/v2\/comments?post=2809"}],"version-history":[{"count":6,"href":"https:\/\/staging.cabopol.com\/pt-pt\/wp-json\/wp\/v2\/pages\/2809\/revisions"}],"predecessor-version":[{"id":5326,"href":"https:\/\/staging.cabopol.com\/pt-pt\/wp-json\/wp\/v2\/pages\/2809\/revisions\/5326"}],"up":[{"embeddable":true,"href":"https:\/\/staging.cabopol.com\/pt-pt\/wp-json\/wp\/v2\/pages\/2716"}],"wp:featuredmedia":[{"embeddable":true,"href":"https:\/\/staging.cabopol.com\/pt-pt\/wp-json\/wp\/v2\/media\/3664"}],"wp:attachment":[{"href":"https:\/\/staging.cabopol.com\/pt-pt\/wp-json\/wp\/v2\/media?parent=2809"}],"curies":[{"name":"wp","href":"https:\/\/api.w.org\/{rel}","templated":true}]}}